{"id":13,"date":"2025-09-30T11:22:14","date_gmt":"2025-09-30T08:22:14","guid":{"rendered":"http:\/\/20.124.82.17\/wordpress\/?page_id=13"},"modified":"2025-10-02T13:05:31","modified_gmt":"2025-10-02T10:05:31","slug":"refund_returns","status":"publish","type":"page","link":"https:\/\/www.a8bilisim.com\/index.php\/refund_returns\/","title":{"rendered":"Geri \u00d6deme ve \u0130ade Politikas\u0131"},"content":{"rendered":"\t\t<div data-elementor-type=\"wp-page\" data-elementor-id=\"13\" class=\"elementor elementor-13\">\n\t\t\t\t<div class=\"wd-negative-gap elementor-element elementor-element-de9a58b e-flex e-con-boxed e-con e-parent\" data-id=\"de9a58b\" data-element_type=\"container\" data-e-type=\"container\">\n\t\t\t\t\t<div class=\"e-con-inner\">\n\t\t\t\t<div class=\"elementor-element elementor-element-9907312 color-scheme-inherit text-left elementor-widget elementor-widget-text-editor\" data-id=\"9907312\" data-element_type=\"widget\" data-e-type=\"widget\" data-widget_type=\"text-editor.default\">\n\t\t\t\t\t\t\t\t\t\n<p><strong>1 \u2013 Kredi veya Banka Kart\u0131 ile \u00d6deme<\/strong><\/p>\n\n\n\n<p>M\u00fc\u015fterilerimiz, sitemiz \u00fczerinden t\u00fcm kredi ve banka kartlar\u0131 ile (3D Secure) g\u00fcvenli bir \u015fekilde tek \u00f6deme yapabilirler. \u00d6deme, Garanti Pos alt yap\u0131s\u0131 ile korunmakta olup, kredi-banka kart\u0131 bilgileriniz hi\u00e7bir \u015fekilde kay\u0131t alt\u0131na al\u0131nmamaktad\u0131r. Sipari\u015f iptali durumunda kredi kart\u0131n\u0131za para iadesi, <strong>A8 B\u0130L\u0130\u015e\u0130M SAN. T\u0130C. LTD. \u015eT\u0130.<\/strong> uygun g\u00f6rd\u00fc\u011f\u00fc zaman diliminde yap\u0131lacak olup, maksimum iade s\u00fcresi 7 i\u015f g\u00fcn\u00fc olarak belirlenmi\u015ftir. \u0130adeler, yaln\u0131zca sipari\u015fin iptal edilme nedenine ba\u011fl\u0131 olarak yap\u0131lacakt\u0131r. Stok sorunlar\u0131 veya m\u00fccbir sebeplerden dolay\u0131 olu\u015facak gecikmelerde \u015firket sorumluluk kabul etmemektedir.<\/p>\n\n\n\n<hr class=\"wp-block-separator has-alpha-channel-opacity\"\/>\n\n\n\n<p><strong>2 \u2013 Banka Havalesi veya EFT<\/strong><\/p>\n\n\n\n<p>M\u00fc\u015fteriler, Garanti Bankas\u0131 ,Kuveyt T\u00fcrk ve \u0130\u015f Bankas\u0131 hesaplar\u0131m\u0131zdan (TL) herhangi birine havale veya EFT yapabilirler. Havale veya EFT i\u015flemleri i\u00e7in gerekli hesap bilgileri sipari\u015f onay\u0131ndan sonra m\u00fc\u015fteriye iletilecektir. Havale veya EFT ile yap\u0131lan \u00f6demelerde, \u00f6deme dekontunun \u015firketimize ula\u015ft\u0131r\u0131lmamas\u0131 durumunda sipari\u015f i\u015fleme al\u0131nmayabilir.<\/p>\n\n\n\n<hr class=\"wp-block-separator has-alpha-channel-opacity\"\/>\n\n\n\n<p><strong>3 \u2013 Sipari\u015f \u0130ptali ve De\u011fi\u015fimi<\/strong><\/p>\n\n\n\n<p>Kusurlu \u00fcr\u00fcnler d\u0131\u015f\u0131nda keyfi sipari\u015f iptali ve \u00fcr\u00fcn de\u011fi\u015fimi taleplerinde, kargo masraflar\u0131 tamamen al\u0131c\u0131ya aittir. <strong>A8 B\u0130L\u0130\u015e\u0130M SAN. T\u0130C. LTD. \u015eT\u0130.<\/strong> sipari\u015f iptali durumunda \u00fcr\u00fcn bedelini iade etmek i\u00e7in 7 i\u015f g\u00fcn\u00fc s\u00fcre ile i\u015flem yapabilir. M\u00fc\u015fterinin yanl\u0131\u015f veya eksik bilgi vermesi durumunda do\u011fabilecek gecikme veya hatalardan <strong>A8 B\u0130L\u0130\u015e\u0130M SAN. T\u0130C. LTD. \u015eT\u0130.<\/strong> sorumlu tutulamaz. Keyfi iptallerde kargo iadesi kabul edilmez.<\/p>\n\n\n\n<hr class=\"wp-block-separator has-alpha-channel-opacity\"\/>\n\n\n\n<p><strong>4 \u2013 Teslimat<\/strong><\/p>\n\n\n\n<p>\u00dcr\u00fcnler, stok durumuna ba\u011fl\u0131 olarak 3 i\u015f g\u00fcn\u00fc i\u00e7inde kargoya teslim edilir. Teslimat s\u00fcresi \u00fcr\u00fcn\u00fcn tedarik s\u00fcrecine ba\u011fl\u0131 olarak de\u011fi\u015fiklik g\u00f6sterebilir. Gecikmesi muhtemel teslimatlar i\u00e7in <strong>A8 B\u0130L\u0130\u015e\u0130M SAN. T\u0130C. LTD. \u015eT\u0130.<\/strong> m\u00fc\u015fteriyi bilgilendirme sorumlulu\u011funda de\u011fildir. Yanl\u0131\u015f verilen adresler veya teslim al\u0131nmayan \u00fcr\u00fcnler i\u00e7in kargo masraflar\u0131 m\u00fc\u015fteri taraf\u0131ndan kar\u015f\u0131lan\u0131r. <strong>A8 B\u0130L\u0130\u015e\u0130M SAN. T\u0130C. LTD. \u015eT\u0130.<\/strong> yaln\u0131zca T\u00fcrkiye i\u00e7i teslimat yapmaktad\u0131r.<\/p>\n\n\n\n<hr class=\"wp-block-separator has-alpha-channel-opacity\"\/>\n\n\n\n<p><strong>5 \u2013 \u00d6deme Takibi<\/strong><\/p>\n\n\n\n<p>\u00d6deme s\u0131ras\u0131nda herhangi bir sorun ya\u015fanmas\u0131 durumunda, m\u00fc\u015fteriye bilgilendirme yap\u0131lacak ve sipari\u015f s\u00fcreci iptal edilebilecektir. Yanl\u0131\u015f verilen bilgilerden kaynaklanan teslimat sorunlar\u0131nda <strong>A8 B\u0130L\u0130\u015e\u0130M SAN. T\u0130C. LTD. \u015eT\u0130.<\/strong> sorumluluk kabul etmez. M\u00fc\u015fteri, sipari\u015f s\u0131ras\u0131nda verdi\u011fi e-posta adresinin do\u011frulu\u011fundan sorumludur. Kargo teslimat\u0131nda ya\u015fanabilecek her t\u00fcrl\u00fc gecikme ve sorunlar, m\u00fc\u015fteri ve kargo firmas\u0131 aras\u0131ndaki bir s\u00fcre\u00e7 olarak kabul edilir. <strong>A8 B\u0130L\u0130\u015e\u0130M SAN. T\u0130C. LTD. \u015eT\u0130.<\/strong> kargo teslimat\u0131 sonras\u0131 sorumluluk ta\u015f\u0131maz.<\/p>\n\n\n\n<hr class=\"wp-block-separator has-alpha-channel-opacity\"\/>\n\n\n\n<p><strong>L\u00fctfen Dikkat Ediniz!<\/strong><\/p>\n\n\n\n<p>Kargonuzu teslim al\u0131rken paketinizin hasar g\u00f6r\u00fcp g\u00f6rmedi\u011fini kargo g\u00f6revlisinin \u00f6n\u00fcnde kontrol ediniz. \u00dcr\u00fcnde herhangi bir hasar tespit ederseniz, kargo firmas\u0131na tutanak tutturman\u0131z gerekmektedir. Tutanak tutulmayan ve hasarl\u0131 \u00fcr\u00fcn teslim al\u0131nan paketler i\u00e7in <strong>A8 B\u0130L\u0130\u015e\u0130M SAN. T\u0130C. LTD. \u015eT\u0130.<\/strong> sorumluluk kabul etmez. Kargo iadesi ve geri g\u00f6nderim masraflar\u0131, keyfi iptallerde tamamen al\u0131c\u0131ya aittir.<\/p>\n\n\n\n<p>Hasarl\u0131 \u00fcr\u00fcn durumunda, <strong>A8 B\u0130L\u0130\u015e\u0130M SAN. T\u0130C. LTD. \u015eT\u0130.<\/strong> adresine tutanakla birlikte en k\u0131sa zamanda bildirimde bulunun. Hasarl\u0131 \u00fcr\u00fcnlerin iadesi, yaln\u0131zca bu prosed\u00fcrlerin yerine getirilmesi halinde kabul edilir.<\/p>\n\n\n\n<p><\/p>\n\n\n\n<p><\/p>\n\t\t\t\t\t\t\t\t<\/div>\n\t\t\t\t\t<\/div>\n\t\t\t\t<\/div>\n\t\t\t\t<\/div>\n\t\t","protected":false},"excerpt":{"rendered":"<p>1 \u2013 Kredi veya Banka Kart\u0131 ile \u00d6deme M\u00fc\u015fterilerimiz, sitemiz \u00fczerinden t\u00fcm kredi ve banka kartlar\u0131 ile (3D Secure) g\u00fcvenli<\/p>\n","protected":false},"author":1,"featured_media":0,"parent":0,"menu_order":0,"comment_status":"closed","ping_status":"closed","template":"","meta":{"_monsterinsights_skip_tracking":false,"_monsterinsights_sitenote_active":false,"_monsterinsights_sitenote_note":"","_monsterinsights_sitenote_category":0,"_joinchat":[],"footnotes":""},"class_list":["post-13","page","type-page","status-publish","hentry"],"aioseo_notices":[],"_links":{"self":[{"href":"https:\/\/www.a8bilisim.com\/index.php\/wp-json\/wp\/v2\/pages\/13","targetHints":{"allow":["GET"]}}],"collection":[{"href":"https:\/\/www.a8bilisim.com\/index.php\/wp-json\/wp\/v2\/pages"}],"about":[{"href":"https:\/\/www.a8bilisim.com\/index.php\/wp-json\/wp\/v2\/types\/page"}],"author":[{"embeddable":true,"href":"https:\/\/www.a8bilisim.com\/index.php\/wp-json\/wp\/v2\/users\/1"}],"replies":[{"embeddable":true,"href":"https:\/\/www.a8bilisim.com\/index.php\/wp-json\/wp\/v2\/comments?post=13"}],"version-history":[{"count":3,"href":"https:\/\/www.a8bilisim.com\/index.php\/wp-json\/wp\/v2\/pages\/13\/revisions"}],"predecessor-version":[{"id":35615,"href":"https:\/\/www.a8bilisim.com\/index.php\/wp-json\/wp\/v2\/pages\/13\/revisions\/35615"}],"wp:attachment":[{"href":"https:\/\/www.a8bilisim.com\/index.php\/wp-json\/wp\/v2\/media?parent=13"}],"curies":[{"name":"wp","href":"https:\/\/api.w.org\/{rel}","templated":true}]}}