{"id":27,"date":"2022-11-30T16:08:51","date_gmt":"2022-11-30T16:08:51","guid":{"rendered":"http:\/\/dummy.xtemos.com\/woodmart2\/mega-electronics-elementor\/?page_id=27"},"modified":"2025-10-02T13:08:53","modified_gmt":"2025-10-02T10:08:53","slug":"about-us","status":"publish","type":"page","link":"https:\/\/www.a8bilisim.com\/index.php\/about-us\/","title":{"rendered":"Hakk\u0131m\u0131zda"},"content":{"rendered":"\t\t<div data-elementor-type=\"wp-page\" data-elementor-id=\"27\" class=\"elementor elementor-27\">\n\t\t\t\t<div class=\"wd-negative-gap elementor-element elementor-element-f9d4642 e-flex e-con-boxed e-con e-parent\" data-id=\"f9d4642\" data-element_type=\"container\" data-e-type=\"container\" data-settings=\"{&quot;background_background&quot;:&quot;classic&quot;}\">\n\t\t\t\t\t<div class=\"e-con-inner\">\n\t\t<div class=\"elementor-element elementor-element-c3acd5e e-con-full e-flex e-con e-child\" data-id=\"c3acd5e\" data-element_type=\"container\" data-e-type=\"container\">\n\t\t\t\t<div class=\"elementor-element elementor-element-8d2b136 wd-width-100 elementor-widget elementor-widget-wd_title\" data-id=\"8d2b136\" data-element_type=\"widget\" data-e-type=\"widget\" data-widget_type=\"wd_title.default\">\n\t\t\t\t<div class=\"elementor-widget-container\">\n\t\t\t\t\t\t\t<div class=\"title-wrapper wd-set-mb reset-last-child wd-title-color-white wd-title-style-default wd-title-size-medium text-left\">\n\n\t\t\t\n\t\t\t<div class=\"liner-continer\">\n\t\t\t\t<h4 class=\"woodmart-title-container title wd-fontsize-xl\">A8 Bili\u015fim<\/h4> \n\t\t\t\t\t\t\t<\/div>\n\n\t\t\t\t\t\t\t<div class=\"title-after_title reset-last-child wd-fontsize-s\">\n\t\t\t\t\t<p>Amac\u0131m\u0131z En uygun fiyatlar\u0131 sunarak kullan\u0131c\u0131lara g\u00fczel bir al\u0131\u015fveri\u015f deneyimi ya\u015fatmak. Teknolojinin ula\u015f\u0131labilir olmas\u0131 ve herkesin teknolojiye rahat ula\u015fabilmesini ilke ediniyoruz.<\/p>\t\t\t\t<\/div>\n\t\t\t\t\t<\/div>\n\t\t\t\t\t\t<\/div>\n\t\t\t\t<\/div>\n\t\t<div class=\"wd-negative-gap elementor-element elementor-element-dc12b32 e-flex e-con-boxed e-con e-child\" data-id=\"dc12b32\" data-element_type=\"container\" data-e-type=\"container\">\n\t\t\t\t\t<div class=\"e-con-inner\">\n\t\t\t\t<div class=\"elementor-element elementor-element-a82a4bf elementor-widget__width-initial elementor-widget elementor-widget-wd_infobox\" data-id=\"a82a4bf\" data-element_type=\"widget\" data-e-type=\"widget\" data-widget_type=\"wd_infobox.default\">\n\t\t\t\t<div class=\"elementor-widget-container\">\n\t\t\t\t\t\t\t<div class=\"info-box-wrapper\">\n\t\t\t<div class=\"wd-info-box text-left box-icon-align-top box-style-base color-scheme-light\">\n\t\t\t\t\n\t\t\t\t<div class=\"info-box-content\">\n\t\t\t\t\t\n\t\t\t\t\t\t\t\t\t\t\t<h4\t\t\t\t\t\tclass=\"info-box-title title box-title-style-default wd-fontsize-m\" data-elementor-setting-key=\"title\">\n\t\t\t\t\t\t\t\t7\/24 Al\u0131\u015fveri\u015f Deneyimi\t\t\t\t\t\t<\/h4>\n\t\t\t\t\t\n\t\t\t\t\t<div class=\"info-box-inner reset-last-child\"data-elementor-setting-key=\"content\"><\/div>\n\n\t\t\t\t\t\t\t\t\t<\/div>\n\n\t\t\t\t\t\t\t\t\t<a href=\"#\" class=\"wd-info-box-link wd-fill\" aria-label=\"Infobox link\"><\/a>\n\t\t\t\t\t\t\t<\/div>\n\t\t<\/div>\n\t\t\t\t\t\t<\/div>\n\t\t\t\t<\/div>\n\t\t\t\t<div class=\"elementor-element elementor-element-7923e21 elementor-widget__width-initial elementor-widget elementor-widget-wd_infobox\" data-id=\"7923e21\" data-element_type=\"widget\" data-e-type=\"widget\" data-widget_type=\"wd_infobox.default\">\n\t\t\t\t<div class=\"elementor-widget-container\">\n\t\t\t\t\t\t\t<div class=\"info-box-wrapper\">\n\t\t\t<div class=\"wd-info-box text-left box-icon-align-top box-style-base color-scheme-light\">\n\t\t\t\t\n\t\t\t\t<div class=\"info-box-content\">\n\t\t\t\t\t\n\t\t\t\t\t\t\t\t\t\t\t<h4\t\t\t\t\t\tclass=\"info-box-title title box-title-style-default wd-fontsize-m\" data-elementor-setting-key=\"title\">\n\t\t\t\t\t\t\t\tG\u00fcvenilir Sat\u0131c\u0131\t\t\t\t\t\t<\/h4>\n\t\t\t\t\t\n\t\t\t\t\t<div class=\"info-box-inner reset-last-child\"data-elementor-setting-key=\"content\"><\/div>\n\n\t\t\t\t\t\t\t\t\t<\/div>\n\n\t\t\t\t\t\t\t\t\t<a href=\"#\" class=\"wd-info-box-link wd-fill\" aria-label=\"Infobox link\"><\/a>\n\t\t\t\t\t\t\t<\/div>\n\t\t<\/div>\n\t\t\t\t\t\t<\/div>\n\t\t\t\t<\/div>\n\t\t\t\t<div class=\"elementor-element elementor-element-ea5b827 elementor-widget__width-initial elementor-widget elementor-widget-wd_infobox\" data-id=\"ea5b827\" data-element_type=\"widget\" data-e-type=\"widget\" data-widget_type=\"wd_infobox.default\">\n\t\t\t\t<div class=\"elementor-widget-container\">\n\t\t\t\t\t\t\t<div class=\"info-box-wrapper\">\n\t\t\t<div class=\"wd-info-box text-left box-icon-align-top box-style-base color-scheme-light\">\n\t\t\t\t\n\t\t\t\t<div class=\"info-box-content\">\n\t\t\t\t\t\n\t\t\t\t\t\t\t\t\t\t\t<h4\t\t\t\t\t\tclass=\"info-box-title title box-title-style-default wd-fontsize-m\" data-elementor-setting-key=\"title\">\n\t\t\t\t\t\t\t\tGeni\u015f \u00dcr\u00fcn Yelpazesi\t\t\t\t\t\t<\/h4>\n\t\t\t\t\t\n\t\t\t\t\t<div class=\"info-box-inner reset-last-child\"data-elementor-setting-key=\"content\"><\/div>\n\n\t\t\t\t\t\t\t\t\t<\/div>\n\n\t\t\t\t\t\t\t\t\t<a href=\"#\" class=\"wd-info-box-link wd-fill\" aria-label=\"Infobox link\"><\/a>\n\t\t\t\t\t\t\t<\/div>\n\t\t<\/div>\n\t\t\t\t\t\t<\/div>\n\t\t\t\t<\/div>\n\t\t\t\t\t<\/div>\n\t\t\t\t<\/div>\n\t\t\t\t<\/div>\n\t\t<div class=\"elementor-element elementor-element-fca680d e-con-full e-flex e-con e-child\" data-id=\"fca680d\" data-element_type=\"container\" data-e-type=\"container\">\n\t\t\t\t<div class=\"elementor-element elementor-element-e114c9e elementor-widget elementor-widget-wd_image_or_svg\" data-id=\"e114c9e\" data-element_type=\"widget\" data-e-type=\"widget\" data-widget_type=\"wd_image_or_svg.default\">\n\t\t\t\t<div class=\"elementor-widget-container\">\n\t\t\t\t\t\n\t\t<div class=\"wd-image text-center\">\n\t\t\t\t\t\t\t\t<img loading=\"lazy\" decoding=\"async\" width=\"1060\" height=\"520\" src=\"https:\/\/www.a8bilisim.com\/wp-content\/uploads\/2025\/10\/minimalist-desk-setup-pic-opt.jpg\" class=\"attachment-full size-full\" alt=\"\" srcset=\"https:\/\/www.a8bilisim.com\/wp-content\/uploads\/2025\/10\/minimalist-desk-setup-pic-opt.jpg 1060w, https:\/\/www.a8bilisim.com\/wp-content\/uploads\/2025\/10\/minimalist-desk-setup-pic-opt-300x147.jpg 300w, https:\/\/www.a8bilisim.com\/wp-content\/uploads\/2025\/10\/minimalist-desk-setup-pic-opt-1024x502.jpg 1024w, https:\/\/www.a8bilisim.com\/wp-content\/uploads\/2025\/10\/minimalist-desk-setup-pic-opt-768x377.jpg 768w, https:\/\/www.a8bilisim.com\/wp-content\/uploads\/2025\/10\/minimalist-desk-setup-pic-opt-150x74.jpg 150w\" sizes=\"auto, (max-width: 1060px) 100vw, 1060px\" \/>\t\t\t\t\t<\/div>\n\n\t\t\t\t\t\t<\/div>\n\t\t\t\t<\/div>\n\t\t\t\t<\/div>\n\t\t\t\t\t<\/div>\n\t\t\t\t<\/div>\n\t\t<div class=\"wd-negative-gap elementor-element elementor-element-fe4fb19 e-flex e-con-boxed e-con e-parent\" data-id=\"fe4fb19\" data-element_type=\"container\" data-e-type=\"container\" data-settings=\"{&quot;background_background&quot;:&quot;classic&quot;}\">\n\t\t\t\t\t<div class=\"e-con-inner\">\n\t\t\t\t<div class=\"elementor-element elementor-element-7417c6b wd-width-100 elementor-widget elementor-widget-wd_title\" data-id=\"7417c6b\" data-element_type=\"widget\" data-e-type=\"widget\" data-widget_type=\"wd_title.default\">\n\t\t\t\t<div class=\"elementor-widget-container\">\n\t\t\t\t\t\t\t<div class=\"title-wrapper wd-set-mb reset-last-child wd-title-color-default wd-title-style-default wd-title-size-default text-left\">\n\n\t\t\t\n\t\t\t<div class=\"liner-continer\">\n\t\t\t\t<h4 class=\"woodmart-title-container title wd-fontsize-l\">Hakk\u0131m\u0131zda<\/h4> \n\t\t\t\t\t\t\t<\/div>\n\n\t\t\t\t\t<\/div>\n\t\t\t\t\t\t<\/div>\n\t\t\t\t<\/div>\n\t\t\t\t<div class=\"elementor-element elementor-element-f2cb4cf elementor-widget elementor-widget-wd_text_block\" data-id=\"f2cb4cf\" data-element_type=\"widget\" data-e-type=\"widget\" data-widget_type=\"wd_text_block.default\">\n\t\t\t\t<div class=\"elementor-widget-container\">\n\t\t\t\t\t\t\t<div class=\"wd-text-block reset-last-child text-left\">\n\t\t\t\n\t\t\t<p>\u0130\u015fletmelerin dijital d\u00f6n\u00fc\u015f\u00fcm\u00fcn\u00fc h\u0131zland\u0131rmak ve i\u015f s\u00fcre\u00e7lerini optimize etmek i\u00e7in yenilik\u00e7i \u00e7\u00f6z\u00fcmler sunmaktad\u0131r. Geni\u015f bir hizmet yelpazesiyle, m\u00fc\u015fterilerimize her zaman en ileri teknolojiyi ve sekt\u00f6re \u00f6zel \u00e7\u00f6z\u00fcmleri sa\u011flamay\u0131 hedefliyoruz.<br \/>\u0130\u015f d\u00fcnyas\u0131n\u0131n dijital d\u00f6n\u00fc\u015f\u00fcm s\u00fcre\u00e7lerini desteklemek ve teknoloji odakl\u0131 \u00e7\u00f6z\u00fcmler sunmak i\u00e7in kurulmu\u015ftur. Yenilik\u00e7i vizyonumuz ve m\u00fc\u015fteri odakl\u0131 yakla\u015f\u0131m\u0131m\u0131zla, farkl\u0131 sekt\u00f6rlerdeki i\u015fletmelerin ihtiya\u00e7lar\u0131na \u00f6zel, s\u00fcrd\u00fcr\u00fclebilir ve etkili \u00e7\u00f6z\u00fcmler geli\u015ftiriyoruz.<br \/><br \/>Kuruldu\u011fumuz g\u00fcnden bu yana, teknolojinin g\u00fcc\u00fcn\u00fc i\u015f s\u00fcre\u00e7lerine entegre ederek i\u015fletmelerin rekabet g\u00fcc\u00fcn\u00fc art\u0131rmaya odaklan\u0131yoruz.\u00a0<strong>ERP<\/strong>,\u00a0<strong>B2B<\/strong>\u00a0ve\u00a0<strong>B2C<\/strong>\u00a0platformlar\u0131ndan\u00a0<strong>e-\u00e7\u00f6z\u00fcmlere<\/strong>,\u00a0<strong>siber g\u00fcvenlik<\/strong>\u00a0ve\u00a0<strong>bulut yedekleme<\/strong>\u00a0sistemlerine kadar geni\u015f bir hizmet yelpazesiyle m\u00fc\u015fterilerimize de\u011fer kat\u0131yoruz. Her biri alan\u0131nda uzman profesyonel ekibimiz, her projeye \u00f6zel \u00e7\u00f6z\u00fcmler \u00fcreterek i\u015fletmelerin gelece\u011fe g\u00fcvenle bakmas\u0131n\u0131 sa\u011fl\u0131yor.<br \/><br \/>\u0130\u015fletmelerin daha verimli, g\u00fcvenli ve \u00e7evik bir yap\u0131ya kavu\u015fmalar\u0131na yard\u0131mc\u0131 olmakt\u0131r. Modern teknolojileri kullanarak s\u00fcre\u00e7 optimizasyonu, risk y\u00f6netimi ve dijital d\u00f6n\u00fc\u015f\u00fcm alanlar\u0131nda yenilik\u00e7i \u00e7\u00f6z\u00fcmler sunarken, yasal uyumluluk ve s\u00fcrd\u00fcr\u00fclebilirlik ilkelerini \u00f6n planda tutuyoruz.<br \/><br \/>De\u011ferlerimiz aras\u0131nda g\u00fcvenilirlik, \u015feffafl\u0131k ve kalite yer almakta olup, her m\u00fc\u015fterimizin memnuniyetini \u00f6nceli\u011fimiz olarak g\u00f6r\u00fcyoruz. T\u00fcrkiye\u2019nin lider ticaret ve teknoloji merkezlerindeki varl\u0131\u011f\u0131m\u0131zla, hem yerel hem de uluslararas\u0131 \u00f6l\u00e7ekte \u00e7\u00f6z\u00fcm orta\u011f\u0131 olarak i\u015fletmelere hizmet vermekten gurur duyuyoruz.<br \/><br \/>\u0130\u015fletmenizin teknolojiye dayal\u0131 b\u00fcy\u00fcme hedeflerini ger\u00e7ekle\u015ftirmek i\u00e7in bizimle ileti\u015fime ge\u00e7in ve gelece\u011fe birlikte ad\u0131m atal\u0131m.<\/p>\n\t\t\t\t\t<\/div>\n\t\t\t\t\t\t<\/div>\n\t\t\t\t<\/div>\n\t\t\t\t\t<\/div>\n\t\t\t\t<\/div>\n\t\t\t\t<\/div>\n\t\t","protected":false},"excerpt":{"rendered":"<p>A8 Bili\u015fim Amac\u0131m\u0131z En uygun fiyatlar\u0131 sunarak kullan\u0131c\u0131lara g\u00fczel bir al\u0131\u015fveri\u015f deneyimi ya\u015fatmak. Teknolojinin ula\u015f\u0131labilir olmas\u0131 ve herkesin teknolojiye rahat<\/p>\n","protected":false},"author":1,"featured_media":0,"parent":0,"menu_order":0,"comment_status":"closed","ping_status":"closed","template":"","meta":{"_monsterinsights_skip_tracking":false,"_monsterinsights_sitenote_active":false,"_monsterinsights_sitenote_note":"","_monsterinsights_sitenote_category":0,"_joinchat":[],"footnotes":""},"class_list":["post-27","page","type-page","status-publish","hentry"],"aioseo_notices":[],"_links":{"self":[{"href":"https:\/\/www.a8bilisim.com\/index.php\/wp-json\/wp\/v2\/pages\/27","targetHints":{"allow":["GET"]}}],"collection":[{"href":"https:\/\/www.a8bilisim.com\/index.php\/wp-json\/wp\/v2\/pages"}],"about":[{"href":"https:\/\/www.a8bilisim.com\/index.php\/wp-json\/wp\/v2\/types\/page"}],"author":[{"embeddable":true,"href":"https:\/\/www.a8bilisim.com\/index.php\/wp-json\/wp\/v2\/users\/1"}],"replies":[{"embeddable":true,"href":"https:\/\/www.a8bilisim.com\/index.php\/wp-json\/wp\/v2\/comments?post=27"}],"version-history":[{"count":4,"href":"https:\/\/www.a8bilisim.com\/index.php\/wp-json\/wp\/v2\/pages\/27\/revisions"}],"predecessor-version":[{"id":35623,"href":"https:\/\/www.a8bilisim.com\/index.php\/wp-json\/wp\/v2\/pages\/27\/revisions\/35623"}],"wp:attachment":[{"href":"https:\/\/www.a8bilisim.com\/index.php\/wp-json\/wp\/v2\/media?parent=27"}],"curies":[{"name":"wp","href":"https:\/\/api.w.org\/{rel}","templated":true}]}}