{"id":3,"date":"2025-09-30T10:14:05","date_gmt":"2025-09-30T07:14:05","guid":{"rendered":"http:\/\/20.124.82.17\/wordpress\/?page_id=3"},"modified":"2025-10-02T13:06:21","modified_gmt":"2025-10-02T10:06:21","slug":"gizlilik-ilkesi","status":"publish","type":"page","link":"https:\/\/www.a8bilisim.com\/index.php\/gizlilik-ilkesi\/","title":{"rendered":"Gizlilik Politikas\u0131"},"content":{"rendered":"\t\t<div data-elementor-type=\"wp-page\" data-elementor-id=\"3\" class=\"elementor elementor-3\">\n\t\t\t\t<div class=\"wd-negative-gap elementor-element elementor-element-1d39ec0 e-flex e-con-boxed e-con e-parent\" data-id=\"1d39ec0\" data-element_type=\"container\" data-e-type=\"container\">\n\t\t\t\t\t<div class=\"e-con-inner\">\n\t\t\t\t<div class=\"elementor-element elementor-element-d447759 color-scheme-inherit text-left elementor-widget elementor-widget-text-editor\" data-id=\"d447759\" data-element_type=\"widget\" data-e-type=\"widget\" data-widget_type=\"text-editor.default\">\n\t\t\t\t\t\t\t\t\t<p data-start=\"226\" data-end=\"485\">Ki\u015fisel bilgiler; ad soyad, do\u011fum tarihi, ev adresi, mobil ve sabit telefon numaras\u0131, e-posta adresi gibi kullan\u0131c\u0131y\u0131 do\u011frudan ya da dolayl\u0131 olarak tan\u0131mlamaya y\u00f6nelik her t\u00fcrl\u00fc ki\u015fisel bilgiyi i\u00e7ermekte olup, k\u0131saca <strong data-start=\"443\" data-end=\"463\">\u201cGizli Bilgiler\u201d<\/strong> olarak an\u0131lacakt\u0131r.<\/p>\n<p data-start=\"487\" data-end=\"781\"><strong data-start=\"487\" data-end=\"521\">A8 B\u0130L\u0130\u015e\u0130M SAN. T\u0130C. LTD. \u015eT\u0130.<\/strong>, ki\u015fisel bilgileri kendi b\u00fcnyesinde profilleme, istatistiksel \u00e7al\u0131\u015fmalar, reklam, tan\u0131t\u0131m, pazarlama ve sair ileti\u015fim faaliyetleri amac\u0131yla kullanabilecek ve sadece bu \u00e7al\u0131\u015fmalar\u0131n yap\u0131lmas\u0131 amac\u0131yla bilginiz dahilinde olan 3. ki\u015filer ile payla\u015fabilecektir.<\/p>\n<p data-start=\"783\" data-end=\"1175\"><strong data-start=\"783\" data-end=\"817\">A8 B\u0130L\u0130\u015e\u0130M SAN. T\u0130C. LTD. \u015eT\u0130.<\/strong>, ki\u015fisel bilgileri kesinlikle gizli tutmay\u0131, bunu bir s\u0131r saklama y\u00fck\u00fcml\u00fcl\u00fc\u011f\u00fc olarak addetmeyi, gizlili\u011fin sa\u011flanmas\u0131 ve s\u00fcrd\u00fcr\u00fclmesi, gizli bilginin tamam\u0131n\u0131n veya herhangi bir k\u0131sm\u0131n\u0131n kamu alan\u0131na girmesini veya yetkisiz kullan\u0131m\u0131n\u0131 ya da \u00fc\u00e7\u00fcnc\u00fc bir ki\u015fiye if\u015fas\u0131n\u0131 \u00f6nlemek i\u00e7in gerekli tedbirleri almay\u0131 ve gerekli \u00f6zeni g\u00f6stermeyi taahh\u00fct etmektedir.<\/p>\n<p data-start=\"1177\" data-end=\"1440\"><strong data-start=\"1177\" data-end=\"1211\">A8 B\u0130L\u0130\u015e\u0130M SAN. T\u0130C. LTD. \u015eT\u0130.<\/strong>, gerekli bilgi g\u00fcvenli\u011fi \u00f6nlemlerini almas\u0131na kar\u015f\u0131n web sitesine ve sisteme yap\u0131lan sald\u0131r\u0131lar sonucunda gizli bilgilerin zarar g\u00f6rmesi veya \u00fc\u00e7\u00fcnc\u00fc ki\u015filerin eline ge\u00e7mesi durumunda herhangi bir sorumluluk kabul etmeyecektir.<\/p>\n<p data-start=\"1442\" data-end=\"1812\"><strong data-start=\"1442\" data-end=\"1476\">A8 B\u0130L\u0130\u015e\u0130M SAN. T\u0130C. LTD. \u015eT\u0130.<\/strong>, kullan\u0131c\u0131lara ve kullan\u0131c\u0131lar\u0131n web sitesinin kullan\u0131m\u0131na dair bilgileri, teknik bir ileti\u015fim dosyas\u0131 (Kurabiye\u2013Cookie) kullanarak elde edebilir. Ancak kullan\u0131c\u0131lar dilerlerse teknik ileti\u015fim dosyas\u0131n\u0131n gelmemesi veya teknik ileti\u015fim dosyas\u0131 g\u00f6nderildi\u011finde ikaz verilmesini sa\u011flayacak bi\u00e7imde taray\u0131c\u0131 ayarlar\u0131n\u0131 de\u011fi\u015ftirebilirler.<\/p>\n<p data-start=\"1814\" data-end=\"2111\">Kullan\u0131c\u0131lar, \u00fcyelik\/ki\u015fisel bilgilerini ve ileti\u015fim tercihlerini her zaman sisteme giri\u015f yaparak g\u00fcncelleyebilirler. Bu konuda taleplerinizi ayr\u0131ca web sitemizde yer alan ileti\u015fim bilgilerinden bize ula\u015farak da iletebilirsiniz. Talebiniz en k\u0131sa s\u00fcrede de\u011ferlendirilerek uygulamaya al\u0131nacakt\u0131r.<\/p>\n<p data-start=\"2113\" data-end=\"2541\">B\u00fclten aboneleri, <strong data-start=\"2131\" data-end=\"2145\">A8 B\u0130L\u0130\u015e\u0130M<\/strong> ba\u015fl\u0131\u011f\u0131 ile iletilen bilgilendirme ve tan\u0131t\u0131m duyurular\u0131n\u0131 SMS veya e-posta ile almay\u0131 kabul etmi\u015f say\u0131l\u0131r. <strong data-start=\"2254\" data-end=\"2268\">A8 B\u0130L\u0130\u015e\u0130M<\/strong>\u2019den promosyon ve duyuru mesaj\u0131 i\u00e7eren SMS ve e-posta almak istemiyorsan\u0131z, <strong data-start=\"2344\" data-end=\"2355\">Hesab\u0131m<\/strong> sayfas\u0131ndaki <strong data-start=\"2369\" data-end=\"2383\">Bilgilerim<\/strong> ba\u015fl\u0131\u011f\u0131 alt\u0131nda yer alan <strong data-start=\"2409\" data-end=\"2427\">Bilgi G\u00fcncelle<\/strong> sekmesini t\u0131klay\u0131n. A\u00e7\u0131lan sayfada <strong data-start=\"2463\" data-end=\"2485\">\u201cB\u00fclten Aboneli\u011fi\u201d<\/strong> se\u00e7ene\u011finin yan\u0131ndaki i\u015fareti kald\u0131rman\u0131z yeterlidir.<\/p>\n<p data-start=\"2543\" data-end=\"2656\">Her kullan\u0131c\u0131, i\u015fbu web sitesini ziyaret ederek, i\u015fbu Gizlilik Politikas\u0131 h\u00fck\u00fcmlerini kabul etmi\u015f say\u0131lacakt\u0131r.<\/p>\t\t\t\t\t\t\t\t<\/div>\n\t\t\t\t\t<\/div>\n\t\t\t\t<\/div>\n\t\t\t\t<\/div>\n\t\t","protected":false},"excerpt":{"rendered":"<p>Ki\u015fisel bilgiler; ad soyad, do\u011fum tarihi, ev adresi, mobil ve sabit telefon numaras\u0131, e-posta adresi gibi kullan\u0131c\u0131y\u0131 do\u011frudan ya da<\/p>\n","protected":false},"author":1,"featured_media":0,"parent":0,"menu_order":0,"comment_status":"closed","ping_status":"open","template":"","meta":{"_monsterinsights_skip_tracking":false,"_monsterinsights_sitenote_active":false,"_monsterinsights_sitenote_note":"","_monsterinsights_sitenote_category":0,"_joinchat":[],"footnotes":""},"class_list":["post-3","page","type-page","status-publish","hentry"],"aioseo_notices":[],"_links":{"self":[{"href":"https:\/\/www.a8bilisim.com\/index.php\/wp-json\/wp\/v2\/pages\/3","targetHints":{"allow":["GET"]}}],"collection":[{"href":"https:\/\/www.a8bilisim.com\/index.php\/wp-json\/wp\/v2\/pages"}],"about":[{"href":"https:\/\/www.a8bilisim.com\/index.php\/wp-json\/wp\/v2\/types\/page"}],"author":[{"embeddable":true,"href":"https:\/\/www.a8bilisim.com\/index.php\/wp-json\/wp\/v2\/users\/1"}],"replies":[{"embeddable":true,"href":"https:\/\/www.a8bilisim.com\/index.php\/wp-json\/wp\/v2\/comments?post=3"}],"version-history":[{"count":3,"href":"https:\/\/www.a8bilisim.com\/index.php\/wp-json\/wp\/v2\/pages\/3\/revisions"}],"predecessor-version":[{"id":35618,"href":"https:\/\/www.a8bilisim.com\/index.php\/wp-json\/wp\/v2\/pages\/3\/revisions\/35618"}],"wp:attachment":[{"href":"https:\/\/www.a8bilisim.com\/index.php\/wp-json\/wp\/v2\/media?parent=3"}],"curies":[{"name":"wp","href":"https:\/\/api.w.org\/{rel}","templated":true}]}}