{"id":10973,"date":"2025-09-30T12:00:43","date_gmt":"2025-09-30T09:00:43","guid":{"rendered":"http:\/\/20.124.82.17\/wordpress\/index.php\/urun\/hcs-j06-00804-j06-00804-cat6-ftp-konnektr-kat-iletkenli-kablolar-iin-j06-00804-kar36747\/"},"modified":"2026-05-01T06:02:29","modified_gmt":"2026-05-01T03:02:29","slug":"hcs-j06-00804-j06-00804-cat6-ftp-konnektr-kat-iletkenli-kablolar-iin-j06-00804-kar36747","status":"publish","type":"product","link":"https:\/\/www.a8bilisim.com\/index.php\/urun\/hcs-j06-00804-j06-00804-cat6-ftp-konnektr-kat-iletkenli-kablolar-iin-j06-00804-kar36747\/","title":{"rendered":"HCS J06-00804 J06-00804 Cat6 FTP Konnekt&#xF6;r, kat&#x131; iletkenli kablolar i&#xE7;in \/ J06-00804-KAR36747"},"content":{"rendered":"<p>\u00dcr\u00fcn Ad\u0131: HCS J06-00804 J06-00804 Cat6 FTP Konnekt&#xF6;r, kat&#x131; iletkenli kablolar i&#xE7;in<\/p>\n<p><span dir=\"auto\" style=\"vertical-align: inherit;\"><span dir=\"auto\" style=\"vertical-align: inherit;\">Stok No: KAR36747<\/span><\/span><\/p>\n<p>Stok Kodu:J06-00804<\/p>\n<p>Kategori Ad\u0131: Network Aksesuar<\/p>\n<p><span dir=\"auto\" style=\"vertical-align: inherit;\"><span dir=\"auto\" style=\"vertical-align: inherit;\">EAN Kodu: 8697497914686<\/span><\/span><\/p>\n<p><strong>Stoklar\u0131m\u0131zdaki Anl\u0131k De\u011fi\u015fimlerden Dolay\u0131 \u0130stedi\u011finiz \u00fcr\u00fcn\u00fcn stokta kalmamas\u0131 durumunda sipari\u015finiz iptal edilip \u00dccretiniz iade edilecek ve konu hakk\u0131nda size bilgi verilecektir.<\/strong><\/p>\n<p>Son G\u00fcncellenme Tarihi :01-05-2026 02:36<\/p>\n<p>&nbsp;<\/p>\n","protected":false},"excerpt":{"rendered":"<p>HCS J06-00804 J06-00804 Cat6 FTP Konnekt&#xF6;r, kat&#x131; iletkenli kablolar i&#xE7;in &#8211; Stok Kodu:J06-00804 -KAR36747 &#8211; Network Aksesuar. Son G\u00fcncellenme Tarihi :01-05-2026 02:36<\/p>\n","protected":false},"featured_media":10975,"template":"","meta":{"_monsterinsights_skip_tracking":false,"_monsterinsights_sitenote_active":false,"_monsterinsights_sitenote_note":"","_monsterinsights_sitenote_category":0,"_joinchat":[]},"product_brand":[182],"product_cat":[148],"product_tag":[127,128,129,130,131,132,133,134,135,136,137,138,139,140,141,142,143,144,145],"class_list":{"0":"post-10973","1":"product","2":"type-product","3":"status-publish","4":"has-post-thumbnail","6":"product_brand-hcs","7":"product_cat-yedek-para-ve-aksesuar","8":"product_tag-anakart","9":"product_tag-bilgisayar","10":"product_tag-bilgisayar-bilesenleri","11":"product_tag-bilgisayar-parcalari","12":"product_tag-dizustu-bilgisayar","13":"product_tag-ekran-karti","14":"product_tag-gaming-bilgisayar","15":"product_tag-gaming-laptop","16":"product_tag-gaming-monitor","17":"product_tag-gaming-mouse","18":"product_tag-guc-kaynagi-psu","19":"product_tag-islemci-cpu","20":"product_tag-klavye","21":"product_tag-laptop","22":"product_tag-masaustu-bilgisayar","23":"product_tag-mekanik-klavye","24":"product_tag-monitor","25":"product_tag-oyun-bilgisayari","26":"product_tag-ssd","27":"pa_marka-hcs","29":"first","30":"outofstock","31":"sale","32":"purchasable","33":"product-type-simple"},"aioseo_notices":[],"_links":{"self":[{"href":"https:\/\/www.a8bilisim.com\/index.php\/wp-json\/wp\/v2\/product\/10973","targetHints":{"allow":["GET"]}}],"collection":[{"href":"https:\/\/www.a8bilisim.com\/index.php\/wp-json\/wp\/v2\/product"}],"about":[{"href":"https:\/\/www.a8bilisim.com\/index.php\/wp-json\/wp\/v2\/types\/product"}],"version-history":[{"count":83,"href":"https:\/\/www.a8bilisim.com\/index.php\/wp-json\/wp\/v2\/product\/10973\/revisions"}],"predecessor-version":[{"id":703160,"href":"https:\/\/www.a8bilisim.com\/index.php\/wp-json\/wp\/v2\/product\/10973\/revisions\/703160"}],"wp:featuredmedia":[{"embeddable":true,"href":"https:\/\/www.a8bilisim.com\/index.php\/wp-json\/wp\/v2\/media\/10975"}],"wp:attachment":[{"href":"https:\/\/www.a8bilisim.com\/index.php\/wp-json\/wp\/v2\/media?parent=10973"}],"wp:term":[{"taxonomy":"product_brand","embeddable":true,"href":"https:\/\/www.a8bilisim.com\/index.php\/wp-json\/wp\/v2\/product_brand?post=10973"},{"taxonomy":"product_cat","embeddable":true,"href":"https:\/\/www.a8bilisim.com\/index.php\/wp-json\/wp\/v2\/product_cat?post=10973"},{"taxonomy":"product_tag","embeddable":true,"href":"https:\/\/www.a8bilisim.com\/index.php\/wp-json\/wp\/v2\/product_tag?post=10973"}],"curies":[{"name":"wp","href":"https:\/\/api.w.org\/{rel}","templated":true}]}}