{"id":11135,"date":"2025-09-30T12:04:36","date_gmt":"2025-09-30T09:04:36","guid":{"rendered":"http:\/\/20.124.82.17\/wordpress\/index.php\/urun\/teknm-atr-244-kablosuz-alc-modl-ve-kumanda-kiti-vap-404-serisi-iin-atr-244-kar40749\/"},"modified":"2026-01-13T05:02:39","modified_gmt":"2026-01-13T02:02:39","slug":"teknm-atr-244-kablosuz-alc-modl-ve-kumanda-kiti-vap-404-serisi-iin-atr-244-kar40749","status":"publish","type":"product","link":"https:\/\/www.a8bilisim.com\/index.php\/urun\/teknm-atr-244-kablosuz-alc-modl-ve-kumanda-kiti-vap-404-serisi-iin-atr-244-kar40749\/","title":{"rendered":"TEKN&#x130;M ATR-244 Kablosuz Al&#x131;c&#x131; Mod&#xFC;l ve Kumanda Kiti ( VAP-404 Serisi i&#xE7;in ) \/ ATR-244-KAR40749"},"content":{"rendered":"<p>\u00dcr\u00fcn Ad\u0131: TEKN&#x130;M ATR-244 Kablosuz Al&#x131;c&#x131; Mod&#xFC;l ve Kumanda Kiti ( VAP-404 Serisi i&#xE7;in )<\/p>\n<p><span dir=\"auto\" style=\"vertical-align: inherit;\"><span dir=\"auto\" style=\"vertical-align: inherit;\">Stok No: KAR40749<\/span><\/span><\/p>\n<p>Stok Kodu:ATR-244<\/p>\n<p>Kategori Ad\u0131: Kumandalar<\/p>\n<p><span dir=\"auto\" style=\"vertical-align: inherit;\"><span dir=\"auto\" style=\"vertical-align: inherit;\">EAN Kodu: 8698764600158<\/span><\/span><\/p>\n<p><strong>Stoklar\u0131m\u0131zdaki Anl\u0131k De\u011fi\u015fimlerden Dolay\u0131 \u0130stedi\u011finiz \u00fcr\u00fcn\u00fcn stokta kalmamas\u0131 durumunda sipari\u015finiz iptal edilip \u00dccretiniz iade edilecek ve konu hakk\u0131nda size bilgi verilecektir.<\/strong><\/p>\n<p>Son G\u00fcncellenme Tarihi :13-01-2026 00:36<\/p>\n<p>&nbsp;<\/p>\n","protected":false},"excerpt":{"rendered":"<p>TEKN&#x130;M ATR-244 Kablosuz Al&#x131;c&#x131; Mod&#xFC;l ve Kumanda Kiti ( VAP-404 Serisi i&#xE7;in ) &#8211; Stok Kodu:ATR-244 -KAR40749 &#8211; Kumandalar. Son G\u00fcncellenme Tarihi :13-01-2026 00:36<\/p>\n","protected":false},"featured_media":11137,"template":"","meta":{"_monsterinsights_skip_tracking":false,"_monsterinsights_sitenote_active":false,"_monsterinsights_sitenote_note":"","_monsterinsights_sitenote_category":0,"_joinchat":[]},"product_brand":[228],"product_cat":[148],"product_tag":[127,128,129,130,131,132,133,134,135,136,137,138,139,140,141,142,143,144,145],"class_list":{"0":"post-11135","1":"product","2":"type-product","3":"status-publish","4":"has-post-thumbnail","6":"product_brand-teknm","7":"product_cat-yedek-para-ve-aksesuar","8":"product_tag-anakart","9":"product_tag-bilgisayar","10":"product_tag-bilgisayar-bilesenleri","11":"product_tag-bilgisayar-parcalari","12":"product_tag-dizustu-bilgisayar","13":"product_tag-ekran-karti","14":"product_tag-gaming-bilgisayar","15":"product_tag-gaming-laptop","16":"product_tag-gaming-monitor","17":"product_tag-gaming-mouse","18":"product_tag-guc-kaynagi-psu","19":"product_tag-islemci-cpu","20":"product_tag-klavye","21":"product_tag-laptop","22":"product_tag-masaustu-bilgisayar","23":"product_tag-mekanik-klavye","24":"product_tag-monitor","25":"product_tag-oyun-bilgisayari","26":"product_tag-ssd","27":"pa_marka-teknm","29":"first","30":"outofstock","31":"sale","32":"purchasable","33":"product-type-simple"},"aioseo_notices":[],"_links":{"self":[{"href":"https:\/\/www.a8bilisim.com\/index.php\/wp-json\/wp\/v2\/product\/11135","targetHints":{"allow":["GET"]}}],"collection":[{"href":"https:\/\/www.a8bilisim.com\/index.php\/wp-json\/wp\/v2\/product"}],"about":[{"href":"https:\/\/www.a8bilisim.com\/index.php\/wp-json\/wp\/v2\/types\/product"}],"version-history":[{"count":81,"href":"https:\/\/www.a8bilisim.com\/index.php\/wp-json\/wp\/v2\/product\/11135\/revisions"}],"predecessor-version":[{"id":411087,"href":"https:\/\/www.a8bilisim.com\/index.php\/wp-json\/wp\/v2\/product\/11135\/revisions\/411087"}],"wp:featuredmedia":[{"embeddable":true,"href":"https:\/\/www.a8bilisim.com\/index.php\/wp-json\/wp\/v2\/media\/11137"}],"wp:attachment":[{"href":"https:\/\/www.a8bilisim.com\/index.php\/wp-json\/wp\/v2\/media?parent=11135"}],"wp:term":[{"taxonomy":"product_brand","embeddable":true,"href":"https:\/\/www.a8bilisim.com\/index.php\/wp-json\/wp\/v2\/product_brand?post=11135"},{"taxonomy":"product_cat","embeddable":true,"href":"https:\/\/www.a8bilisim.com\/index.php\/wp-json\/wp\/v2\/product_cat?post=11135"},{"taxonomy":"product_tag","embeddable":true,"href":"https:\/\/www.a8bilisim.com\/index.php\/wp-json\/wp\/v2\/product_tag?post=11135"}],"curies":[{"name":"wp","href":"https:\/\/api.w.org\/{rel}","templated":true}]}}