{"id":11180,"date":"2025-09-30T12:04:36","date_gmt":"2025-09-30T09:04:36","guid":{"rendered":"http:\/\/20.124.82.17\/wordpress\/index.php\/urun\/2-gb-msi-vga-gt-710-2gd3h-lp-gt710-ddr3-64b-dx12-pcie-3-0-x16-1xvga-1xdvi-1xhdmi-gt-710-2gd3h-lp-kar41582\/"},"modified":"2026-04-14T06:02:19","modified_gmt":"2026-04-14T03:02:19","slug":"2-gb-msi-vga-gt-710-2gd3h-lp-gt710-ddr3-64b-dx12-pcie-3-0-x16-1xvga-1xdvi-1xhdmi-gt-710-2gd3h-lp-kar41582","status":"publish","type":"product","link":"https:\/\/www.a8bilisim.com\/index.php\/urun\/2-gb-msi-vga-gt-710-2gd3h-lp-gt710-ddr3-64b-dx12-pcie-3-0-x16-1xvga-1xdvi-1xhdmi-gt-710-2gd3h-lp-kar41582\/","title":{"rendered":"2 GB MSI VGA GT 710 2GD3H LP GT710 DDR3 64B DX12 PCIE 3.0 X16 1XVGA 1XDVI 1XHDMI \/ GT 710 2GD3H LP-KAR41582"},"content":{"rendered":"<p>\u00dcr\u00fcn Ad\u0131: 2 GB MSI VGA GT 710 2GD3H LP GT710 DDR3 64B DX12 PCIE 3.0 X16 1XVGA 1XDVI 1XHDMI<\/p>\n<p><span dir=\"auto\" style=\"vertical-align: inherit;\"><span dir=\"auto\" style=\"vertical-align: inherit;\">Stok No: KAR41582<\/span><\/span><\/p>\n<p>Stok Kodu:GT 710 2GD3H LP<\/p>\n<p>Kategori Ad\u0131: Nvidia GeForce<\/p>\n<p><span dir=\"auto\" style=\"vertical-align: inherit;\"><span dir=\"auto\" style=\"vertical-align: inherit;\">EAN Kodu: 4719072448233<\/span><\/span><\/p>\n<p><strong>Stoklar\u0131m\u0131zdaki Anl\u0131k De\u011fi\u015fimlerden Dolay\u0131 \u0130stedi\u011finiz \u00fcr\u00fcn\u00fcn stokta kalmamas\u0131 durumunda sipari\u015finiz iptal edilip \u00dccretiniz iade edilecek ve konu hakk\u0131nda size bilgi verilecektir.<\/strong><\/p>\n<p>Son G\u00fcncellenme Tarihi :14-04-2026 02:36<\/p>\n<p>&nbsp;<\/p>\n","protected":false},"excerpt":{"rendered":"<p>2 GB MSI VGA GT 710 2GD3H LP GT710 DDR3 64B DX12 PCIE 3.0 X16 1XVGA 1XDVI 1XHDMI &#8211; Stok Kodu:GT 710 2GD3H LP -KAR41582 &#8211; Nvidia GeForce. Son G\u00fcncellenme Tarihi :14-04-2026 02:36<\/p>\n","protected":false},"featured_media":11182,"template":"","meta":{"_monsterinsights_skip_tracking":false,"_monsterinsights_sitenote_active":false,"_monsterinsights_sitenote_note":"","_monsterinsights_sitenote_category":0,"_joinchat":[]},"product_brand":[236],"product_cat":[237],"product_tag":[127,128,129,130,131,132,133,134,135,136,137,138,139,140,141,142,143,144,145],"class_list":{"0":"post-11180","1":"product","2":"type-product","3":"status-publish","4":"has-post-thumbnail","6":"product_brand-msi","7":"product_cat-ekran-kartlar","8":"product_tag-anakart","9":"product_tag-bilgisayar","10":"product_tag-bilgisayar-bilesenleri","11":"product_tag-bilgisayar-parcalari","12":"product_tag-dizustu-bilgisayar","13":"product_tag-ekran-karti","14":"product_tag-gaming-bilgisayar","15":"product_tag-gaming-laptop","16":"product_tag-gaming-monitor","17":"product_tag-gaming-mouse","18":"product_tag-guc-kaynagi-psu","19":"product_tag-islemci-cpu","20":"product_tag-klavye","21":"product_tag-laptop","22":"product_tag-masaustu-bilgisayar","23":"product_tag-mekanik-klavye","24":"product_tag-monitor","25":"product_tag-oyun-bilgisayari","26":"product_tag-ssd","27":"pa_marka-msi","29":"first","30":"outofstock","31":"sale","32":"purchasable","33":"product-type-simple"},"aioseo_notices":[],"_links":{"self":[{"href":"https:\/\/www.a8bilisim.com\/index.php\/wp-json\/wp\/v2\/product\/11180","targetHints":{"allow":["GET"]}}],"collection":[{"href":"https:\/\/www.a8bilisim.com\/index.php\/wp-json\/wp\/v2\/product"}],"about":[{"href":"https:\/\/www.a8bilisim.com\/index.php\/wp-json\/wp\/v2\/types\/product"}],"version-history":[{"count":87,"href":"https:\/\/www.a8bilisim.com\/index.php\/wp-json\/wp\/v2\/product\/11180\/revisions"}],"predecessor-version":[{"id":682898,"href":"https:\/\/www.a8bilisim.com\/index.php\/wp-json\/wp\/v2\/product\/11180\/revisions\/682898"}],"wp:featuredmedia":[{"embeddable":true,"href":"https:\/\/www.a8bilisim.com\/index.php\/wp-json\/wp\/v2\/media\/11182"}],"wp:attachment":[{"href":"https:\/\/www.a8bilisim.com\/index.php\/wp-json\/wp\/v2\/media?parent=11180"}],"wp:term":[{"taxonomy":"product_brand","embeddable":true,"href":"https:\/\/www.a8bilisim.com\/index.php\/wp-json\/wp\/v2\/product_brand?post=11180"},{"taxonomy":"product_cat","embeddable":true,"href":"https:\/\/www.a8bilisim.com\/index.php\/wp-json\/wp\/v2\/product_cat?post=11180"},{"taxonomy":"product_tag","embeddable":true,"href":"https:\/\/www.a8bilisim.com\/index.php\/wp-json\/wp\/v2\/product_tag?post=11180"}],"curies":[{"name":"wp","href":"https:\/\/api.w.org\/{rel}","templated":true}]}}