{"id":11276,"date":"2025-09-30T12:06:47","date_gmt":"2025-09-30T09:06:47","guid":{"rendered":"http:\/\/20.124.82.17\/wordpress\/index.php\/urun\/teknm-tfs-3192r-konvansiyonel-dahili-flarl-yangn-alarm-sireni-tfs-3192r-kar43153\/"},"modified":"2026-03-04T05:02:46","modified_gmt":"2026-03-04T02:02:46","slug":"teknm-tfs-3192r-konvansiyonel-dahili-flarl-yangn-alarm-sireni-tfs-3192r-kar43153","status":"publish","type":"product","link":"https:\/\/www.a8bilisim.com\/index.php\/urun\/teknm-tfs-3192r-konvansiyonel-dahili-flarl-yangn-alarm-sireni-tfs-3192r-kar43153\/","title":{"rendered":"TEKN&#x130;M TFS-3192R Konvansiyonel Dahili Fla&#x15F;&#xF6;rl&#xFC; Yang&#x131;n Alarm Sireni \/ TFS-3192R-KAR43153"},"content":{"rendered":"<p>\u00dcr\u00fcn Ad\u0131: TEKN&#x130;M TFS-3192R Konvansiyonel Dahili Fla&#x15F;&#xF6;rl&#xFC; Yang&#x131;n Alarm Sireni<\/p>\n<p><span dir=\"auto\" style=\"vertical-align: inherit;\"><span dir=\"auto\" style=\"vertical-align: inherit;\">Stok No: KAR43153<\/span><\/span><\/p>\n<p>Stok Kodu:TFS-3192R<\/p>\n<p>Kategori Ad\u0131: Konvansiyonel Yang&#x131;n Alarm&#x131;<\/p>\n<p><span dir=\"auto\" style=\"vertical-align: inherit;\"><span dir=\"auto\" style=\"vertical-align: inherit;\">EAN Kodu: 8698764603203<\/span><\/span><\/p>\n<p><strong>Stoklar\u0131m\u0131zdaki Anl\u0131k De\u011fi\u015fimlerden Dolay\u0131 \u0130stedi\u011finiz \u00fcr\u00fcn\u00fcn stokta kalmamas\u0131 durumunda sipari\u015finiz iptal edilip \u00dccretiniz iade edilecek ve konu hakk\u0131nda size bilgi verilecektir.<\/strong><\/p>\n<p>Son G\u00fcncellenme Tarihi :04-03-2026 00:36<\/p>\n<p>&nbsp;<\/p>\n","protected":false},"excerpt":{"rendered":"<p>TEKN&#x130;M TFS-3192R Konvansiyonel Dahili Fla&#x15F;&#xF6;rl&#xFC; Yang&#x131;n Alarm Sireni &#8211; Stok Kodu:TFS-3192R -KAR43153 &#8211; Konvansiyonel Yang&#x131;n Alarm&#x131;. Son G\u00fcncellenme Tarihi :04-03-2026 00:36<\/p>\n","protected":false},"featured_media":11278,"template":"","meta":{"_monsterinsights_skip_tracking":false,"_monsterinsights_sitenote_active":false,"_monsterinsights_sitenote_note":"","_monsterinsights_sitenote_category":0,"_joinchat":[]},"product_brand":[228],"product_cat":[229],"product_tag":[127,128,129,130,131,132,133,134,135,136,137,138,139,140,141,142,143,144,145],"class_list":{"0":"post-11276","1":"product","2":"type-product","3":"status-publish","4":"has-post-thumbnail","6":"product_brand-teknm","7":"product_cat-yangn-gvenlik-sistemleri","8":"product_tag-anakart","9":"product_tag-bilgisayar","10":"product_tag-bilgisayar-bilesenleri","11":"product_tag-bilgisayar-parcalari","12":"product_tag-dizustu-bilgisayar","13":"product_tag-ekran-karti","14":"product_tag-gaming-bilgisayar","15":"product_tag-gaming-laptop","16":"product_tag-gaming-monitor","17":"product_tag-gaming-mouse","18":"product_tag-guc-kaynagi-psu","19":"product_tag-islemci-cpu","20":"product_tag-klavye","21":"product_tag-laptop","22":"product_tag-masaustu-bilgisayar","23":"product_tag-mekanik-klavye","24":"product_tag-monitor","25":"product_tag-oyun-bilgisayari","26":"product_tag-ssd","27":"pa_marka-teknm","29":"first","30":"outofstock","31":"sale","32":"purchasable","33":"product-type-simple"},"aioseo_notices":[],"_links":{"self":[{"href":"https:\/\/www.a8bilisim.com\/index.php\/wp-json\/wp\/v2\/product\/11276","targetHints":{"allow":["GET"]}}],"collection":[{"href":"https:\/\/www.a8bilisim.com\/index.php\/wp-json\/wp\/v2\/product"}],"about":[{"href":"https:\/\/www.a8bilisim.com\/index.php\/wp-json\/wp\/v2\/types\/product"}],"version-history":[{"count":84,"href":"https:\/\/www.a8bilisim.com\/index.php\/wp-json\/wp\/v2\/product\/11276\/revisions"}],"predecessor-version":[{"id":483689,"href":"https:\/\/www.a8bilisim.com\/index.php\/wp-json\/wp\/v2\/product\/11276\/revisions\/483689"}],"wp:featuredmedia":[{"embeddable":true,"href":"https:\/\/www.a8bilisim.com\/index.php\/wp-json\/wp\/v2\/media\/11278"}],"wp:attachment":[{"href":"https:\/\/www.a8bilisim.com\/index.php\/wp-json\/wp\/v2\/media?parent=11276"}],"wp:term":[{"taxonomy":"product_brand","embeddable":true,"href":"https:\/\/www.a8bilisim.com\/index.php\/wp-json\/wp\/v2\/product_brand?post=11276"},{"taxonomy":"product_cat","embeddable":true,"href":"https:\/\/www.a8bilisim.com\/index.php\/wp-json\/wp\/v2\/product_cat?post=11276"},{"taxonomy":"product_tag","embeddable":true,"href":"https:\/\/www.a8bilisim.com\/index.php\/wp-json\/wp\/v2\/product_tag?post=11276"}],"curies":[{"name":"wp","href":"https:\/\/api.w.org\/{rel}","templated":true}]}}