{"id":11291,"date":"2025-09-30T12:06:47","date_gmt":"2025-09-30T09:06:47","guid":{"rendered":"http:\/\/20.124.82.17\/wordpress\/index.php\/urun\/hytech-20m-ht-vga20-projeksiyon-siyah-data-kablosu-2xe-ht-vga20-kar43485\/"},"modified":"2026-04-15T06:02:22","modified_gmt":"2026-04-15T03:02:22","slug":"hytech-20m-ht-vga20-projeksiyon-siyah-data-kablosu-2xe-ht-vga20-kar43485","status":"publish","type":"product","link":"https:\/\/www.a8bilisim.com\/index.php\/urun\/hytech-20m-ht-vga20-projeksiyon-siyah-data-kablosu-2xe-ht-vga20-kar43485\/","title":{"rendered":"HYTECH 20m HT-VGA20  Projeksiyon Siyah, Data Kablosu (2xE) \/ HT-VGA20-KAR43485"},"content":{"rendered":"<p>\u00dcr\u00fcn Ad\u0131: HYTECH 20m HT-VGA20  Projeksiyon Siyah, Data Kablosu (2xE)<\/p>\n<p><span dir=\"auto\" style=\"vertical-align: inherit;\"><span dir=\"auto\" style=\"vertical-align: inherit;\">Stok No: KAR43485<\/span><\/span><\/p>\n<p>Stok Kodu:HT-VGA20<\/p>\n<p>Kategori Ad\u0131: HDMI, DVI, VGA,DP Kablolar<\/p>\n<p><span dir=\"auto\" style=\"vertical-align: inherit;\"><span dir=\"auto\" style=\"vertical-align: inherit;\">EAN Kodu: 8680096045912<\/span><\/span><\/p>\n<p><strong>Stoklar\u0131m\u0131zdaki Anl\u0131k De\u011fi\u015fimlerden Dolay\u0131 \u0130stedi\u011finiz \u00fcr\u00fcn\u00fcn stokta kalmamas\u0131 durumunda sipari\u015finiz iptal edilip \u00dccretiniz iade edilecek ve konu hakk\u0131nda size bilgi verilecektir.<\/strong><\/p>\n<p>Son G\u00fcncellenme Tarihi :15-04-2026 02:36<\/p>\n<p>&nbsp;<\/p>\n","protected":false},"excerpt":{"rendered":"<p>HYTECH 20m HT-VGA20  Projeksiyon Siyah, Data Kablosu (2xE) &#8211; Stok Kodu:HT-VGA20 -KAR43485 &#8211; HDMI, DVI, VGA,DP Kablolar. Son G\u00fcncellenme Tarihi :15-04-2026 02:36<\/p>\n","protected":false},"featured_media":11293,"template":"","meta":{"_monsterinsights_skip_tracking":false,"_monsterinsights_sitenote_active":false,"_monsterinsights_sitenote_note":"","_monsterinsights_sitenote_category":0,"_joinchat":[]},"product_brand":[241],"product_cat":[162],"product_tag":[127,128,129,130,131,132,133,134,135,136,137,138,139,140,141,142,143,144,145],"class_list":{"0":"post-11291","1":"product","2":"type-product","3":"status-publish","4":"has-post-thumbnail","6":"product_brand-hytech","7":"product_cat-kablo","8":"product_tag-anakart","9":"product_tag-bilgisayar","10":"product_tag-bilgisayar-bilesenleri","11":"product_tag-bilgisayar-parcalari","12":"product_tag-dizustu-bilgisayar","13":"product_tag-ekran-karti","14":"product_tag-gaming-bilgisayar","15":"product_tag-gaming-laptop","16":"product_tag-gaming-monitor","17":"product_tag-gaming-mouse","18":"product_tag-guc-kaynagi-psu","19":"product_tag-islemci-cpu","20":"product_tag-klavye","21":"product_tag-laptop","22":"product_tag-masaustu-bilgisayar","23":"product_tag-mekanik-klavye","24":"product_tag-monitor","25":"product_tag-oyun-bilgisayari","26":"product_tag-ssd","27":"pa_marka-hytech","29":"first","30":"outofstock","31":"sale","32":"purchasable","33":"product-type-simple"},"aioseo_notices":[],"_links":{"self":[{"href":"https:\/\/www.a8bilisim.com\/index.php\/wp-json\/wp\/v2\/product\/11291","targetHints":{"allow":["GET"]}}],"collection":[{"href":"https:\/\/www.a8bilisim.com\/index.php\/wp-json\/wp\/v2\/product"}],"about":[{"href":"https:\/\/www.a8bilisim.com\/index.php\/wp-json\/wp\/v2\/types\/product"}],"version-history":[{"count":92,"href":"https:\/\/www.a8bilisim.com\/index.php\/wp-json\/wp\/v2\/product\/11291\/revisions"}],"predecessor-version":[{"id":682920,"href":"https:\/\/www.a8bilisim.com\/index.php\/wp-json\/wp\/v2\/product\/11291\/revisions\/682920"}],"wp:featuredmedia":[{"embeddable":true,"href":"https:\/\/www.a8bilisim.com\/index.php\/wp-json\/wp\/v2\/media\/11293"}],"wp:attachment":[{"href":"https:\/\/www.a8bilisim.com\/index.php\/wp-json\/wp\/v2\/media?parent=11291"}],"wp:term":[{"taxonomy":"product_brand","embeddable":true,"href":"https:\/\/www.a8bilisim.com\/index.php\/wp-json\/wp\/v2\/product_brand?post=11291"},{"taxonomy":"product_cat","embeddable":true,"href":"https:\/\/www.a8bilisim.com\/index.php\/wp-json\/wp\/v2\/product_cat?post=11291"},{"taxonomy":"product_tag","embeddable":true,"href":"https:\/\/www.a8bilisim.com\/index.php\/wp-json\/wp\/v2\/product_tag?post=11291"}],"curies":[{"name":"wp","href":"https:\/\/api.w.org\/{rel}","templated":true}]}}