{"id":11333,"date":"2025-09-30T12:10:42","date_gmt":"2025-09-30T09:10:42","guid":{"rendered":"http:\/\/20.124.82.17\/wordpress\/index.php\/urun\/teknm-tfd-1250-analog-adresli-optik-duman-dedektr-taban-har-tfd-1250-kar44605\/"},"modified":"2026-01-13T05:03:00","modified_gmt":"2026-01-13T02:03:00","slug":"teknm-tfd-1250-analog-adresli-optik-duman-dedektr-taban-har-tfd-1250-kar44605","status":"publish","type":"product","link":"https:\/\/www.a8bilisim.com\/index.php\/urun\/teknm-tfd-1250-analog-adresli-optik-duman-dedektr-taban-har-tfd-1250-kar44605\/","title":{"rendered":"TEKN&#x130;M TFD-1250 Analog Adresli Optik Duman Dedekt&#xF6;r ( TABAN HAR&#x130;&#xC7; ) \/ TFD-1250-KAR44605"},"content":{"rendered":"<p>\u00dcr\u00fcn Ad\u0131: TEKN&#x130;M TFD-1250 Analog Adresli Optik Duman Dedekt&#xF6;r ( TABAN HAR&#x130;&#xC7; )<\/p>\n<p><span dir=\"auto\" style=\"vertical-align: inherit;\"><span dir=\"auto\" style=\"vertical-align: inherit;\">Stok No: KAR44605<\/span><\/span><\/p>\n<p>Stok Kodu:TFD-1250<\/p>\n<p>Kategori Ad\u0131: Adresli Yang&#x131;n Alarm&#x131;<\/p>\n<p><span dir=\"auto\" style=\"vertical-align: inherit;\"><span dir=\"auto\" style=\"vertical-align: inherit;\">EAN Kodu: 8698764603241<\/span><\/span><\/p>\n<p><strong>Stoklar\u0131m\u0131zdaki Anl\u0131k De\u011fi\u015fimlerden Dolay\u0131 \u0130stedi\u011finiz \u00fcr\u00fcn\u00fcn stokta kalmamas\u0131 durumunda sipari\u015finiz iptal edilip \u00dccretiniz iade edilecek ve konu hakk\u0131nda size bilgi verilecektir.<\/strong><\/p>\n<p>Son G\u00fcncellenme Tarihi :13-01-2026 00:36<\/p>\n<p>&nbsp;<\/p>\n","protected":false},"excerpt":{"rendered":"<p>TEKN&#x130;M TFD-1250 Analog Adresli Optik Duman Dedekt&#xF6;r ( TABAN HAR&#x130;&#xC7; ) &#8211; Stok Kodu:TFD-1250 -KAR44605 &#8211; Adresli Yang&#x131;n Alarm&#x131;. Son G\u00fcncellenme Tarihi :13-01-2026 00:36<\/p>\n","protected":false},"featured_media":11335,"template":"","meta":{"_monsterinsights_skip_tracking":false,"_monsterinsights_sitenote_active":false,"_monsterinsights_sitenote_note":"","_monsterinsights_sitenote_category":0,"_joinchat":[]},"product_brand":[228],"product_cat":[229],"product_tag":[127,128,129,130,131,132,133,134,135,136,137,138,139,140,141,142,143,144,145],"class_list":{"0":"post-11333","1":"product","2":"type-product","3":"status-publish","4":"has-post-thumbnail","6":"product_brand-teknm","7":"product_cat-yangn-gvenlik-sistemleri","8":"product_tag-anakart","9":"product_tag-bilgisayar","10":"product_tag-bilgisayar-bilesenleri","11":"product_tag-bilgisayar-parcalari","12":"product_tag-dizustu-bilgisayar","13":"product_tag-ekran-karti","14":"product_tag-gaming-bilgisayar","15":"product_tag-gaming-laptop","16":"product_tag-gaming-monitor","17":"product_tag-gaming-mouse","18":"product_tag-guc-kaynagi-psu","19":"product_tag-islemci-cpu","20":"product_tag-klavye","21":"product_tag-laptop","22":"product_tag-masaustu-bilgisayar","23":"product_tag-mekanik-klavye","24":"product_tag-monitor","25":"product_tag-oyun-bilgisayari","26":"product_tag-ssd","27":"pa_marka-teknm","29":"first","30":"outofstock","31":"purchasable","32":"product-type-simple"},"aioseo_notices":[],"_links":{"self":[{"href":"https:\/\/www.a8bilisim.com\/index.php\/wp-json\/wp\/v2\/product\/11333","targetHints":{"allow":["GET"]}}],"collection":[{"href":"https:\/\/www.a8bilisim.com\/index.php\/wp-json\/wp\/v2\/product"}],"about":[{"href":"https:\/\/www.a8bilisim.com\/index.php\/wp-json\/wp\/v2\/types\/product"}],"version-history":[{"count":83,"href":"https:\/\/www.a8bilisim.com\/index.php\/wp-json\/wp\/v2\/product\/11333\/revisions"}],"predecessor-version":[{"id":424241,"href":"https:\/\/www.a8bilisim.com\/index.php\/wp-json\/wp\/v2\/product\/11333\/revisions\/424241"}],"wp:featuredmedia":[{"embeddable":true,"href":"https:\/\/www.a8bilisim.com\/index.php\/wp-json\/wp\/v2\/media\/11335"}],"wp:attachment":[{"href":"https:\/\/www.a8bilisim.com\/index.php\/wp-json\/wp\/v2\/media?parent=11333"}],"wp:term":[{"taxonomy":"product_brand","embeddable":true,"href":"https:\/\/www.a8bilisim.com\/index.php\/wp-json\/wp\/v2\/product_brand?post=11333"},{"taxonomy":"product_cat","embeddable":true,"href":"https:\/\/www.a8bilisim.com\/index.php\/wp-json\/wp\/v2\/product_cat?post=11333"},{"taxonomy":"product_tag","embeddable":true,"href":"https:\/\/www.a8bilisim.com\/index.php\/wp-json\/wp\/v2\/product_tag?post=11333"}],"curies":[{"name":"wp","href":"https:\/\/api.w.org\/{rel}","templated":true}]}}