{"id":120853,"date":"2025-10-21T07:56:45","date_gmt":"2025-10-21T04:56:45","guid":{"rendered":"https:\/\/www.a8bilisim.com\/index.php\/urun\/corsair-cmk32gx4m2b3000c15-16gb-tek-para-3000mhz-ddr4-vengeance-lpx-pc-bellek-bulk-36130-gun36130\/"},"modified":"2026-03-22T05:18:03","modified_gmt":"2026-03-22T02:18:03","slug":"corsair-cmk32gx4m2b3000c15-16gb-tek-para-3000mhz-ddr4-vengeance-lpx-pc-bellek-bulk-36130-gun36130","status":"publish","type":"product","link":"https:\/\/www.a8bilisim.com\/index.php\/urun\/corsair-cmk32gx4m2b3000c15-16gb-tek-para-3000mhz-ddr4-vengeance-lpx-pc-bellek-bulk-36130-gun36130\/","title":{"rendered":"CORSAIR 16GB (Tek Par&#xE7;a) DDR4 3000Mhz Vengeance LPX PC Bellek Bulk \/ 36130-GUN36130"},"content":{"rendered":"<p>\u00dcr\u00fcn Ad\u0131: CORSAIR 16GB (Tek Par&#xE7;a) DDR4 3000Mhz Vengeance LPX PC Bellek Bulk<\/p>\n<p><span dir=\"auto\" style=\"vertical-align: inherit;\"><span dir=\"auto\" style=\"vertical-align: inherit;\">Stok No: GUN36130<\/span><\/span><\/p>\n<p>Stok Kodu:36130<\/p>\n<p>Kategori Ad\u0131: Bellekler<\/p>\n<p><span dir=\"auto\" style=\"vertical-align: inherit;\"><span dir=\"auto\" style=\"vertical-align: inherit;\">EAN Kodu: <\/span><\/span><\/p>\n<p><strong>Stoklar\u0131m\u0131zdaki Anl\u0131k De\u011fi\u015fimlerden Dolay\u0131 \u0130stedi\u011finiz \u00fcr\u00fcn\u00fcn stokta kalmamas\u0131 durumunda sipari\u015finiz iptal edilip \u00dccretiniz iade edilecek ve konu hakk\u0131nda size bilgi verilecektir.<\/strong><\/p>\n<p>Son G\u00fcncellenme Tarihi :22-03-2026 00:30<\/p>\n<p>&nbsp;<\/p>\n","protected":false},"excerpt":{"rendered":"<p>CORSAIR 16GB (Tek Par&#xE7;a) DDR4 3000Mhz Vengeance LPX PC Bellek Bulk &#8211; Stok Kodu:36130 -GUN36130 &#8211; Bellekler. Son G\u00fcncellenme Tarihi :22-03-2026 00:30<\/p>\n","protected":false},"featured_media":120855,"template":"","meta":{"_monsterinsights_skip_tracking":false,"_monsterinsights_sitenote_active":false,"_monsterinsights_sitenote_note":"","_monsterinsights_sitenote_category":0,"_joinchat":[]},"product_brand":[574],"product_cat":[204],"product_tag":[127,128,129,130,131,132,133,134,135,136,137,138,139,140,141,142,143,144,145],"class_list":{"0":"post-120853","1":"product","2":"type-product","3":"status-publish","4":"has-post-thumbnail","6":"product_brand-corsair","7":"product_cat-bellek","8":"product_tag-anakart","9":"product_tag-bilgisayar","10":"product_tag-bilgisayar-bilesenleri","11":"product_tag-bilgisayar-parcalari","12":"product_tag-dizustu-bilgisayar","13":"product_tag-ekran-karti","14":"product_tag-gaming-bilgisayar","15":"product_tag-gaming-laptop","16":"product_tag-gaming-monitor","17":"product_tag-gaming-mouse","18":"product_tag-guc-kaynagi-psu","19":"product_tag-islemci-cpu","20":"product_tag-klavye","21":"product_tag-laptop","22":"product_tag-masaustu-bilgisayar","23":"product_tag-mekanik-klavye","24":"product_tag-monitor","25":"product_tag-oyun-bilgisayari","26":"product_tag-ssd","27":"pa_marka-corsair","29":"first","30":"outofstock","31":"sale","32":"purchasable","33":"product-type-simple"},"aioseo_notices":[],"_links":{"self":[{"href":"https:\/\/www.a8bilisim.com\/index.php\/wp-json\/wp\/v2\/product\/120853","targetHints":{"allow":["GET"]}}],"collection":[{"href":"https:\/\/www.a8bilisim.com\/index.php\/wp-json\/wp\/v2\/product"}],"about":[{"href":"https:\/\/www.a8bilisim.com\/index.php\/wp-json\/wp\/v2\/types\/product"}],"version-history":[{"count":150,"href":"https:\/\/www.a8bilisim.com\/index.php\/wp-json\/wp\/v2\/product\/120853\/revisions"}],"predecessor-version":[{"id":630247,"href":"https:\/\/www.a8bilisim.com\/index.php\/wp-json\/wp\/v2\/product\/120853\/revisions\/630247"}],"wp:featuredmedia":[{"embeddable":true,"href":"https:\/\/www.a8bilisim.com\/index.php\/wp-json\/wp\/v2\/media\/120855"}],"wp:attachment":[{"href":"https:\/\/www.a8bilisim.com\/index.php\/wp-json\/wp\/v2\/media?parent=120853"}],"wp:term":[{"taxonomy":"product_brand","embeddable":true,"href":"https:\/\/www.a8bilisim.com\/index.php\/wp-json\/wp\/v2\/product_brand?post=120853"},{"taxonomy":"product_cat","embeddable":true,"href":"https:\/\/www.a8bilisim.com\/index.php\/wp-json\/wp\/v2\/product_cat?post=120853"},{"taxonomy":"product_tag","embeddable":true,"href":"https:\/\/www.a8bilisim.com\/index.php\/wp-json\/wp\/v2\/product_tag?post=120853"}],"curies":[{"name":"wp","href":"https:\/\/api.w.org\/{rel}","templated":true}]}}