{"id":12701,"date":"2025-09-30T12:35:59","date_gmt":"2025-09-30T09:35:59","guid":{"rendered":"http:\/\/20.124.82.17\/wordpress\/index.php\/urun\/msi-pro-z790-p-wifi-soket-1700-ddr5-7000mhzoc-pci-e-gen5-m-2-usb3-2dp-hdmi-1x-pro-z790-p-wifi-kar57342\/"},"modified":"2025-12-23T05:04:52","modified_gmt":"2025-12-23T02:04:52","slug":"msi-pro-z790-p-wifi-soket-1700-ddr5-7000mhzoc-pci-e-gen5-m-2-usb3-2dp-hdmi-1x-pro-z790-p-wifi-kar57342","status":"publish","type":"product","link":"https:\/\/www.a8bilisim.com\/index.php\/urun\/msi-pro-z790-p-wifi-soket-1700-ddr5-7000mhzoc-pci-e-gen5-m-2-usb3-2dp-hdmi-1x-pro-z790-p-wifi-kar57342\/","title":{"rendered":"MSI PRO Z790-P WIFI SOKET 1700 DDR5 7000MHZ(OC) PCI-E Gen5 M.2 USB3.2&#xA0;DP HDMI 1x \/ PRO Z790-P WIFI-KAR57342"},"content":{"rendered":"<p>\u00dcr\u00fcn Ad\u0131: MSI PRO Z790-P WIFI SOKET 1700 DDR5 7000MHZ(OC) PCI-E Gen5 M.2 USB3.2&#xA0;DP HDMI 1x<\/p>\n<p>Stok No: KAR57342<\/p>\n<p>Stok Kodu:PRO Z790-P WIFI<\/p>\n<p>Kategori Ad\u0131: Intel<\/p>\n<p>Marka:\u00a0 MSI<\/p>\n<p>EAN Kodu: 4711377015738<\/p>\n<p><strong>Stoklar\u0131m\u0131zdaki Anl\u0131k De\u011fi\u015fimlerden Dolay\u0131 \u0130stedi\u011finiz \u00fcr\u00fcn\u00fcn stokta kalmamas\u0131 durumunda sipari\u015finiz iptal edilip \u00dccretiniz iade edilecek ve konu hakk\u0131nda size bilgi verilecektir.<\/strong><\/p>\n<p>Son G\u00fcncellenme Tarihi :23-12-2025 00:36<\/p>\n<p>&nbsp;<\/p>\n","protected":false},"excerpt":{"rendered":"<p>MSI PRO Z790-P WIFI SOKET 1700 DDR5 7000MHZ(OC) PCI-E Gen5 M.2 USB3.2&#xA0;DP HDMI 1x &#8211; Stok Kodu:PRO Z790-P WIFI -KAR57342 &#8211; Intel. Son G\u00fcncellenme Tarihi :23-12-2025 00:36<\/p>\n","protected":false},"featured_media":12703,"template":"","meta":{"_monsterinsights_skip_tracking":false,"_monsterinsights_sitenote_active":false,"_monsterinsights_sitenote_note":"","_monsterinsights_sitenote_category":0,"_joinchat":[]},"product_brand":[236],"product_cat":[276],"product_tag":[127,128,129,130,131,132,133,134,135,136,137,138,139,140,141,142,143,144,145],"class_list":{"0":"post-12701","1":"product","2":"type-product","3":"status-publish","4":"has-post-thumbnail","6":"product_brand-msi","7":"product_cat-lemciler","8":"product_tag-anakart","9":"product_tag-bilgisayar","10":"product_tag-bilgisayar-bilesenleri","11":"product_tag-bilgisayar-parcalari","12":"product_tag-dizustu-bilgisayar","13":"product_tag-ekran-karti","14":"product_tag-gaming-bilgisayar","15":"product_tag-gaming-laptop","16":"product_tag-gaming-monitor","17":"product_tag-gaming-mouse","18":"product_tag-guc-kaynagi-psu","19":"product_tag-islemci-cpu","20":"product_tag-klavye","21":"product_tag-laptop","22":"product_tag-masaustu-bilgisayar","23":"product_tag-mekanik-klavye","24":"product_tag-monitor","25":"product_tag-oyun-bilgisayari","26":"product_tag-ssd","27":"pa_marka-msi","29":"first","30":"outofstock","31":"purchasable","32":"product-type-simple"},"aioseo_notices":[],"_links":{"self":[{"href":"https:\/\/www.a8bilisim.com\/index.php\/wp-json\/wp\/v2\/product\/12701","targetHints":{"allow":["GET"]}}],"collection":[{"href":"https:\/\/www.a8bilisim.com\/index.php\/wp-json\/wp\/v2\/product"}],"about":[{"href":"https:\/\/www.a8bilisim.com\/index.php\/wp-json\/wp\/v2\/types\/product"}],"version-history":[{"count":83,"href":"https:\/\/www.a8bilisim.com\/index.php\/wp-json\/wp\/v2\/product\/12701\/revisions"}],"predecessor-version":[{"id":363205,"href":"https:\/\/www.a8bilisim.com\/index.php\/wp-json\/wp\/v2\/product\/12701\/revisions\/363205"}],"wp:featuredmedia":[{"embeddable":true,"href":"https:\/\/www.a8bilisim.com\/index.php\/wp-json\/wp\/v2\/media\/12703"}],"wp:attachment":[{"href":"https:\/\/www.a8bilisim.com\/index.php\/wp-json\/wp\/v2\/media?parent=12701"}],"wp:term":[{"taxonomy":"product_brand","embeddable":true,"href":"https:\/\/www.a8bilisim.com\/index.php\/wp-json\/wp\/v2\/product_brand?post=12701"},{"taxonomy":"product_cat","embeddable":true,"href":"https:\/\/www.a8bilisim.com\/index.php\/wp-json\/wp\/v2\/product_cat?post=12701"},{"taxonomy":"product_tag","embeddable":true,"href":"https:\/\/www.a8bilisim.com\/index.php\/wp-json\/wp\/v2\/product_tag?post=12701"}],"curies":[{"name":"wp","href":"https:\/\/api.w.org\/{rel}","templated":true}]}}