{"id":12875,"date":"2025-09-30T12:39:14","date_gmt":"2025-09-30T09:39:14","guid":{"rendered":"http:\/\/20.124.82.17\/wordpress\/index.php\/urun\/keenetic-omni-dsl-n300-wi-fi-mesh-vdsl2-adsl2-modem-router-ap-kn-2012-01tr-kar57926\/"},"modified":"2025-11-24T05:32:20","modified_gmt":"2025-11-24T02:32:20","slug":"keenetic-omni-dsl-n300-wi-fi-mesh-vdsl2-adsl2-modem-router-ap-kn-2012-01tr-kar57926","status":"publish","type":"product","link":"https:\/\/www.a8bilisim.com\/index.php\/urun\/keenetic-omni-dsl-n300-wi-fi-mesh-vdsl2-adsl2-modem-router-ap-kn-2012-01tr-kar57926\/","title":{"rendered":"KEENETIC Omni DSL N300 Wi-Fi Mesh VDSL2\/ADSL2+ Modem Router \/ AP \/ KN-2012-01TR-KAR57926"},"content":{"rendered":"<p>\u00dcr\u00fcn Ad\u0131: KEENETIC Omni DSL N300 Wi-Fi Mesh VDSL2\/ADSL2+ Modem Router \/ AP<\/p>\n<p>Stok No: KAR57926<\/p>\n<p>Stok Kodu:KN-2012-01TR<\/p>\n<p>Kategori Ad\u0131: Modemler<\/p>\n<p>Marka:\u00a0 KEENETIC<\/p>\n<p>EAN Kodu: 4897082921301<\/p>\n<p><strong>Stoklar\u0131m\u0131zdaki Anl\u0131k De\u011fi\u015fimlerden Dolay\u0131 \u0130stedi\u011finiz \u00fcr\u00fcn\u00fcn stokta kalmamas\u0131 durumunda sipari\u015finiz iptal edilip \u00dccretiniz iade edilecek ve konu hakk\u0131nda size bilgi verilecektir.<\/strong><\/p>\n<p>Son G\u00fcncellenme Tarihi :24-11-2025 00:35<\/p>\n<p>&nbsp;<\/p>\n","protected":false},"excerpt":{"rendered":"<p>KEENETIC Omni DSL N300 Wi-Fi Mesh VDSL2\/ADSL2+ Modem Router \/ AP &#8211; Stok Kodu:KN-2012-01TR -KAR57926 &#8211; Modemler. Son G\u00fcncellenme Tarihi :24-11-2025 00:35<\/p>\n","protected":false},"featured_media":12877,"template":"","meta":{"_monsterinsights_skip_tracking":false,"_monsterinsights_sitenote_active":false,"_monsterinsights_sitenote_note":"","_monsterinsights_sitenote_category":0,"_joinchat":[]},"product_brand":[280],"product_cat":[283],"product_tag":[127,128,129,130,131,132,133,134,135,136,137,138,139,140,141,142,143,144,145],"class_list":{"0":"post-12875","1":"product","2":"type-product","3":"status-publish","4":"has-post-thumbnail","6":"product_brand-keenetic","7":"product_cat-modemler","8":"product_tag-anakart","9":"product_tag-bilgisayar","10":"product_tag-bilgisayar-bilesenleri","11":"product_tag-bilgisayar-parcalari","12":"product_tag-dizustu-bilgisayar","13":"product_tag-ekran-karti","14":"product_tag-gaming-bilgisayar","15":"product_tag-gaming-laptop","16":"product_tag-gaming-monitor","17":"product_tag-gaming-mouse","18":"product_tag-guc-kaynagi-psu","19":"product_tag-islemci-cpu","20":"product_tag-klavye","21":"product_tag-laptop","22":"product_tag-masaustu-bilgisayar","23":"product_tag-mekanik-klavye","24":"product_tag-monitor","25":"product_tag-oyun-bilgisayari","26":"product_tag-ssd","27":"pa_marka-keenetic","29":"first","30":"outofstock","31":"sale","32":"purchasable","33":"product-type-simple"},"aioseo_notices":[],"_links":{"self":[{"href":"https:\/\/www.a8bilisim.com\/index.php\/wp-json\/wp\/v2\/product\/12875","targetHints":{"allow":["GET"]}}],"collection":[{"href":"https:\/\/www.a8bilisim.com\/index.php\/wp-json\/wp\/v2\/product"}],"about":[{"href":"https:\/\/www.a8bilisim.com\/index.php\/wp-json\/wp\/v2\/types\/product"}],"version-history":[{"count":54,"href":"https:\/\/www.a8bilisim.com\/index.php\/wp-json\/wp\/v2\/product\/12875\/revisions"}],"predecessor-version":[{"id":251585,"href":"https:\/\/www.a8bilisim.com\/index.php\/wp-json\/wp\/v2\/product\/12875\/revisions\/251585"}],"wp:featuredmedia":[{"embeddable":true,"href":"https:\/\/www.a8bilisim.com\/index.php\/wp-json\/wp\/v2\/media\/12877"}],"wp:attachment":[{"href":"https:\/\/www.a8bilisim.com\/index.php\/wp-json\/wp\/v2\/media?parent=12875"}],"wp:term":[{"taxonomy":"product_brand","embeddable":true,"href":"https:\/\/www.a8bilisim.com\/index.php\/wp-json\/wp\/v2\/product_brand?post=12875"},{"taxonomy":"product_cat","embeddable":true,"href":"https:\/\/www.a8bilisim.com\/index.php\/wp-json\/wp\/v2\/product_cat?post=12875"},{"taxonomy":"product_tag","embeddable":true,"href":"https:\/\/www.a8bilisim.com\/index.php\/wp-json\/wp\/v2\/product_tag?post=12875"}],"curies":[{"name":"wp","href":"https:\/\/api.w.org\/{rel}","templated":true}]}}