{"id":12962,"date":"2025-09-30T12:40:20","date_gmt":"2025-09-30T09:40:20","guid":{"rendered":"http:\/\/20.124.82.17\/wordpress\/index.php\/urun\/synology-ds423-4-yuval-2xge-nas-depolama-nitesi-ds423-kar58204\/"},"modified":"2025-10-22T05:37:01","modified_gmt":"2025-10-22T02:37:01","slug":"synology-ds423-4-yuval-2xge-nas-depolama-nitesi-ds423-kar58204","status":"publish","type":"product","link":"https:\/\/www.a8bilisim.com\/index.php\/urun\/synology-ds423-4-yuval-2xge-nas-depolama-nitesi-ds423-kar58204\/","title":{"rendered":"SYNOLOGY DS423 (4 Yuval&#x131;, 2xGE) Nas Depolama &#xDC;nitesi \/ DS423-KAR58204"},"content":{"rendered":"<p>\u00dcr\u00fcn Ad\u0131: SYNOLOGY DS423 (4 Yuval&#x131;, 2xGE) Nas Depolama &#xDC;nitesi<\/p>\n<p>Stok No: KAR58204<\/p>\n<p>Stok Kodu:DS423<\/p>\n<p>Kategori Ad\u0131: Nas Cihazlar&#x131;<\/p>\n<p>Marka:\u00a0 SYNOLOGY<\/p>\n<p>EAN Kodu: 4711174724918<\/p>\n<p><strong>Stoklar\u0131m\u0131zdaki Anl\u0131k De\u011fi\u015fimlerden Dolay\u0131 \u0130stedi\u011finiz \u00fcr\u00fcn\u00fcn stokta kalmamas\u0131 durumunda sipari\u015finiz iptal edilip \u00dccretiniz iade edilecek ve konu hakk\u0131nda size bilgi verilecektir.<\/strong><\/p>\n<p>Son G\u00fcncellenme Tarihi :22-10-2025 00:36<\/p>\n<p>&nbsp;<\/p>\n","protected":false},"excerpt":{"rendered":"<p>SYNOLOGY DS423 (4 Yuval&#x131;, 2xGE) Nas Depolama &#xDC;nitesi &#8211; Stok Kodu:DS423 -KAR58204 &#8211; Nas Cihazlar&#x131;. Son G\u00fcncellenme Tarihi :22-10-2025 00:36<\/p>\n","protected":false},"featured_media":12964,"template":"","meta":{"_monsterinsights_skip_tracking":false,"_monsterinsights_sitenote_active":false,"_monsterinsights_sitenote_note":"","_monsterinsights_sitenote_category":0,"_joinchat":[]},"product_brand":[175],"product_cat":[259],"product_tag":[127,128,129,130,131,132,133,134,135,136,137,138,139,140,141,142,143,144,145],"class_list":{"0":"post-12962","1":"product","2":"type-product","3":"status-publish","4":"has-post-thumbnail","6":"product_brand-synology","7":"product_cat-nas-cihazlar","8":"product_tag-anakart","9":"product_tag-bilgisayar","10":"product_tag-bilgisayar-bilesenleri","11":"product_tag-bilgisayar-parcalari","12":"product_tag-dizustu-bilgisayar","13":"product_tag-ekran-karti","14":"product_tag-gaming-bilgisayar","15":"product_tag-gaming-laptop","16":"product_tag-gaming-monitor","17":"product_tag-gaming-mouse","18":"product_tag-guc-kaynagi-psu","19":"product_tag-islemci-cpu","20":"product_tag-klavye","21":"product_tag-laptop","22":"product_tag-masaustu-bilgisayar","23":"product_tag-mekanik-klavye","24":"product_tag-monitor","25":"product_tag-oyun-bilgisayari","26":"product_tag-ssd","27":"pa_marka-synology","29":"first","30":"outofstock","31":"sale","32":"purchasable","33":"product-type-simple"},"aioseo_notices":[],"_links":{"self":[{"href":"https:\/\/www.a8bilisim.com\/index.php\/wp-json\/wp\/v2\/product\/12962","targetHints":{"allow":["GET"]}}],"collection":[{"href":"https:\/\/www.a8bilisim.com\/index.php\/wp-json\/wp\/v2\/product"}],"about":[{"href":"https:\/\/www.a8bilisim.com\/index.php\/wp-json\/wp\/v2\/types\/product"}],"version-history":[{"count":23,"href":"https:\/\/www.a8bilisim.com\/index.php\/wp-json\/wp\/v2\/product\/12962\/revisions"}],"predecessor-version":[{"id":122393,"href":"https:\/\/www.a8bilisim.com\/index.php\/wp-json\/wp\/v2\/product\/12962\/revisions\/122393"}],"wp:featuredmedia":[{"embeddable":true,"href":"https:\/\/www.a8bilisim.com\/index.php\/wp-json\/wp\/v2\/media\/12964"}],"wp:attachment":[{"href":"https:\/\/www.a8bilisim.com\/index.php\/wp-json\/wp\/v2\/media?parent=12962"}],"wp:term":[{"taxonomy":"product_brand","embeddable":true,"href":"https:\/\/www.a8bilisim.com\/index.php\/wp-json\/wp\/v2\/product_brand?post=12962"},{"taxonomy":"product_cat","embeddable":true,"href":"https:\/\/www.a8bilisim.com\/index.php\/wp-json\/wp\/v2\/product_cat?post=12962"},{"taxonomy":"product_tag","embeddable":true,"href":"https:\/\/www.a8bilisim.com\/index.php\/wp-json\/wp\/v2\/product_tag?post=12962"}],"curies":[{"name":"wp","href":"https:\/\/api.w.org\/{rel}","templated":true}]}}