{"id":12971,"date":"2025-09-30T12:40:20","date_gmt":"2025-09-30T09:40:20","guid":{"rendered":"http:\/\/20.124.82.17\/wordpress\/index.php\/urun\/lecoo-kw200-syah-kablosuz-klavye-yah-kar58233\/"},"modified":"2025-10-23T05:35:05","modified_gmt":"2025-10-23T02:35:05","slug":"lecoo-kw200-syah-kablosuz-klavye-yah-kar58233","status":"publish","type":"product","link":"https:\/\/www.a8bilisim.com\/index.php\/urun\/lecoo-kw200-syah-kablosuz-klavye-yah-kar58233\/","title":{"rendered":"LECOO KW200 S&#x130;YAH KABLOSUZ KLAVYE &#038; MOUSE SET \/ KW200_S&#x130;YAH-KAR58233"},"content":{"rendered":"<p>\u00dcr\u00fcn Ad\u0131: LECOO KW200 S&#x130;YAH KABLOSUZ KLAVYE &#038; MOUSE SET<\/p>\n<p>Stok No: KAR58233<\/p>\n<p>Stok Kodu:KW200_S&#x130;YAH<\/p>\n<p>Kategori Ad\u0131: Kablosuz Set<\/p>\n<p>Marka:\u00a0 LECOO<\/p>\n<p>EAN Kodu: 6971859345212<\/p>\n<p><strong>Stoklar\u0131m\u0131zdaki Anl\u0131k De\u011fi\u015fimlerden Dolay\u0131 \u0130stedi\u011finiz \u00fcr\u00fcn\u00fcn stokta kalmamas\u0131 durumunda sipari\u015finiz iptal edilip \u00dccretiniz iade edilecek ve konu hakk\u0131nda size bilgi verilecektir.<\/strong><\/p>\n<p>Son G\u00fcncellenme Tarihi :23-10-2025 00:36<\/p>\n<p>&nbsp;<\/p>\n","protected":false},"excerpt":{"rendered":"<p>LECOO KW200 S&#x130;YAH KABLOSUZ KLAVYE &#038; MOUSE SET &#8211; Stok Kodu:KW200_S&#x130;YAH -KAR58233 &#8211; Kablosuz Set. Son G\u00fcncellenme Tarihi :23-10-2025 00:36<\/p>\n","protected":false},"featured_media":12973,"template":"","meta":{"_monsterinsights_skip_tracking":false,"_monsterinsights_sitenote_active":false,"_monsterinsights_sitenote_note":"","_monsterinsights_sitenote_category":0,"_joinchat":[]},"product_brand":[338],"product_cat":[170],"product_tag":[127,128,129,130,131,132,133,134,135,136,137,138,139,140,141,142,143,144,145],"class_list":{"0":"post-12971","1":"product","2":"type-product","3":"status-publish","4":"has-post-thumbnail","6":"product_brand-lecoo","7":"product_cat-klavye-seti","8":"product_tag-anakart","9":"product_tag-bilgisayar","10":"product_tag-bilgisayar-bilesenleri","11":"product_tag-bilgisayar-parcalari","12":"product_tag-dizustu-bilgisayar","13":"product_tag-ekran-karti","14":"product_tag-gaming-bilgisayar","15":"product_tag-gaming-laptop","16":"product_tag-gaming-monitor","17":"product_tag-gaming-mouse","18":"product_tag-guc-kaynagi-psu","19":"product_tag-islemci-cpu","20":"product_tag-klavye","21":"product_tag-laptop","22":"product_tag-masaustu-bilgisayar","23":"product_tag-mekanik-klavye","24":"product_tag-monitor","25":"product_tag-oyun-bilgisayari","26":"product_tag-ssd","27":"pa_marka-lecoo","29":"first","30":"outofstock","31":"sale","32":"purchasable","33":"product-type-simple"},"aioseo_notices":[],"_links":{"self":[{"href":"https:\/\/www.a8bilisim.com\/index.php\/wp-json\/wp\/v2\/product\/12971","targetHints":{"allow":["GET"]}}],"collection":[{"href":"https:\/\/www.a8bilisim.com\/index.php\/wp-json\/wp\/v2\/product"}],"about":[{"href":"https:\/\/www.a8bilisim.com\/index.php\/wp-json\/wp\/v2\/types\/product"}],"version-history":[{"count":24,"href":"https:\/\/www.a8bilisim.com\/index.php\/wp-json\/wp\/v2\/product\/12971\/revisions"}],"predecessor-version":[{"id":126593,"href":"https:\/\/www.a8bilisim.com\/index.php\/wp-json\/wp\/v2\/product\/12971\/revisions\/126593"}],"wp:featuredmedia":[{"embeddable":true,"href":"https:\/\/www.a8bilisim.com\/index.php\/wp-json\/wp\/v2\/media\/12973"}],"wp:attachment":[{"href":"https:\/\/www.a8bilisim.com\/index.php\/wp-json\/wp\/v2\/media?parent=12971"}],"wp:term":[{"taxonomy":"product_brand","embeddable":true,"href":"https:\/\/www.a8bilisim.com\/index.php\/wp-json\/wp\/v2\/product_brand?post=12971"},{"taxonomy":"product_cat","embeddable":true,"href":"https:\/\/www.a8bilisim.com\/index.php\/wp-json\/wp\/v2\/product_cat?post=12971"},{"taxonomy":"product_tag","embeddable":true,"href":"https:\/\/www.a8bilisim.com\/index.php\/wp-json\/wp\/v2\/product_tag?post=12971"}],"curies":[{"name":"wp","href":"https:\/\/api.w.org\/{rel}","templated":true}]}}