{"id":129936,"date":"2025-10-23T08:22:02","date_gmt":"2025-10-23T05:22:02","guid":{"rendered":"https:\/\/www.a8bilisim.com\/index.php\/urun\/longline-10-100-1000m-1310nm-sm-10km-sc-media-converter-lng-8110gsa-11-10-as-sm-kar61326\/"},"modified":"2025-12-10T06:40:53","modified_gmt":"2025-12-10T03:40:53","slug":"longline-10-100-1000m-1310nm-sm-10km-sc-media-converter-lng-8110gsa-11-10-as-sm-kar61326","status":"publish","type":"product","link":"https:\/\/www.a8bilisim.com\/index.php\/urun\/longline-10-100-1000m-1310nm-sm-10km-sc-media-converter-lng-8110gsa-11-10-as-sm-kar61326\/","title":{"rendered":"Longline 10\/100\/1000M 1310nm SM 10Km SC Media Converter \/ LNG-8110GSA-11-10-AS-SM-KAR61326"},"content":{"rendered":"<p>\u00dcr\u00fcn Ad\u0131: Longline 10\/100\/1000M 1310nm SM 10Km SC Media Converter<\/p>\n<p>Stok No: KAR61326<\/p>\n<p>Stok Kodu:LNG-8110GSA-11-10-AS-SM<\/p>\n<p>Kategori Ad\u0131: Fiber Media Converter<\/p>\n<p>Marka:\u00a0 LONGLINE<\/p>\n<p>EAN Kodu: <\/p>\n<p><strong>Stoklar\u0131m\u0131zdaki Anl\u0131k De\u011fi\u015fimlerden Dolay\u0131 \u0130stedi\u011finiz \u00fcr\u00fcn\u00fcn stokta kalmamas\u0131 durumunda sipari\u015finiz iptal edilip \u00dccretiniz iade edilecek ve konu hakk\u0131nda size bilgi verilecektir.<\/strong><\/p>\n<p>Son G\u00fcncellenme Tarihi :10-12-2025 00:35<\/p>\n<p>&nbsp;<\/p>\n","protected":false},"excerpt":{"rendered":"<p>Longline 10\/100\/1000M 1310nm SM 10Km SC Media Converter &#8211; Stok Kodu:LNG-8110GSA-11-10-AS-SM -KAR61326 &#8211; Fiber Media Converter. Son G\u00fcncellenme Tarihi :10-12-2025 00:35<\/p>\n","protected":false},"featured_media":129938,"template":"","meta":{"_monsterinsights_skip_tracking":false,"_monsterinsights_sitenote_active":false,"_monsterinsights_sitenote_note":"","_monsterinsights_sitenote_category":0,"_joinchat":[]},"product_brand":[215],"product_cat":[148],"product_tag":[127,128,129,130,131,132,133,134,135,136,137,138,139,140,141,142,143,144,145],"class_list":{"0":"post-129936","1":"product","2":"type-product","3":"status-publish","4":"has-post-thumbnail","6":"product_brand-longline","7":"product_cat-yedek-para-ve-aksesuar","8":"product_tag-anakart","9":"product_tag-bilgisayar","10":"product_tag-bilgisayar-bilesenleri","11":"product_tag-bilgisayar-parcalari","12":"product_tag-dizustu-bilgisayar","13":"product_tag-ekran-karti","14":"product_tag-gaming-bilgisayar","15":"product_tag-gaming-laptop","16":"product_tag-gaming-monitor","17":"product_tag-gaming-mouse","18":"product_tag-guc-kaynagi-psu","19":"product_tag-islemci-cpu","20":"product_tag-klavye","21":"product_tag-laptop","22":"product_tag-masaustu-bilgisayar","23":"product_tag-mekanik-klavye","24":"product_tag-monitor","25":"product_tag-oyun-bilgisayari","26":"product_tag-ssd","27":"pa_marka-longline","29":"first","30":"outofstock","31":"sale","32":"purchasable","33":"product-type-simple"},"aioseo_notices":[],"_links":{"self":[{"href":"https:\/\/www.a8bilisim.com\/index.php\/wp-json\/wp\/v2\/product\/129936","targetHints":{"allow":["GET"]}}],"collection":[{"href":"https:\/\/www.a8bilisim.com\/index.php\/wp-json\/wp\/v2\/product"}],"about":[{"href":"https:\/\/www.a8bilisim.com\/index.php\/wp-json\/wp\/v2\/types\/product"}],"version-history":[{"count":8,"href":"https:\/\/www.a8bilisim.com\/index.php\/wp-json\/wp\/v2\/product\/129936\/revisions"}],"predecessor-version":[{"id":317234,"href":"https:\/\/www.a8bilisim.com\/index.php\/wp-json\/wp\/v2\/product\/129936\/revisions\/317234"}],"wp:featuredmedia":[{"embeddable":true,"href":"https:\/\/www.a8bilisim.com\/index.php\/wp-json\/wp\/v2\/media\/129938"}],"wp:attachment":[{"href":"https:\/\/www.a8bilisim.com\/index.php\/wp-json\/wp\/v2\/media?parent=129936"}],"wp:term":[{"taxonomy":"product_brand","embeddable":true,"href":"https:\/\/www.a8bilisim.com\/index.php\/wp-json\/wp\/v2\/product_brand?post=129936"},{"taxonomy":"product_cat","embeddable":true,"href":"https:\/\/www.a8bilisim.com\/index.php\/wp-json\/wp\/v2\/product_cat?post=129936"},{"taxonomy":"product_tag","embeddable":true,"href":"https:\/\/www.a8bilisim.com\/index.php\/wp-json\/wp\/v2\/product_tag?post=129936"}],"curies":[{"name":"wp","href":"https:\/\/api.w.org\/{rel}","templated":true}]}}