{"id":129994,"date":"2025-10-23T08:24:01","date_gmt":"2025-10-23T05:24:01","guid":{"rendered":"https:\/\/www.a8bilisim.com\/index.php\/urun\/digitus-utp-cat-6-05m-4x2x26-ls0h-patch-cord-mavi-dk-1617-0050mavi-kar61641\/"},"modified":"2025-11-12T08:35:51","modified_gmt":"2025-11-12T05:35:51","slug":"digitus-utp-cat-6-05m-4x2x26-ls0h-patch-cord-mavi-dk-1617-0050mavi-kar61641","status":"publish","type":"product","link":"https:\/\/www.a8bilisim.com\/index.php\/urun\/digitus-utp-cat-6-05m-4x2x26-ls0h-patch-cord-mavi-dk-1617-0050mavi-kar61641\/","title":{"rendered":"DIGITUS  UTP CAT 6  0,5m 4x2x26# LS0H Patch Cord Mavi \/ DK-1617-0050Mavi-KAR61641"},"content":{"rendered":"<p>\u00dcr\u00fcn Ad\u0131: DIGITUS  UTP CAT 6  0,5m 4x2x26# LS0H Patch Cord Mavi<\/p>\n<p>Stok No: KAR61641<\/p>\n<p>Stok Kodu:DK-1617-0050Mavi<\/p>\n<p>Kategori Ad\u0131: Patch Kablolar<\/p>\n<p>Marka:\u00a0 DIGITUS<\/p>\n<p>EAN Kodu: 4016032387619<\/p>\n<p><strong>Stoklar\u0131m\u0131zdaki Anl\u0131k De\u011fi\u015fimlerden Dolay\u0131 \u0130stedi\u011finiz \u00fcr\u00fcn\u00fcn stokta kalmamas\u0131 durumunda sipari\u015finiz iptal edilip \u00dccretiniz iade edilecek ve konu hakk\u0131nda size bilgi verilecektir.<\/strong><\/p>\n<p>Son G\u00fcncellenme Tarihi :12-11-2025 00:32<\/p>\n<p>&nbsp;<\/p>\n","protected":false},"excerpt":{"rendered":"<p>DIGITUS  UTP CAT 6  0,5m 4x2x26# LS0H Patch Cord Mavi &#8211; Stok Kodu:DK-1617-0050Mavi -KAR61641 &#8211; Patch Kablolar. Son G\u00fcncellenme Tarihi :12-11-2025 00:32<\/p>\n","protected":false},"featured_media":129996,"template":"","meta":{"_monsterinsights_skip_tracking":false,"_monsterinsights_sitenote_active":false,"_monsterinsights_sitenote_note":"","_monsterinsights_sitenote_category":0,"_joinchat":[]},"product_brand":[186],"product_cat":[162],"product_tag":[127,128,129,130,131,132,133,134,135,136,137,138,139,140,141,142,143,144,145],"class_list":{"0":"post-129994","1":"product","2":"type-product","3":"status-publish","4":"has-post-thumbnail","6":"product_brand-digitus","7":"product_cat-kablo","8":"product_tag-anakart","9":"product_tag-bilgisayar","10":"product_tag-bilgisayar-bilesenleri","11":"product_tag-bilgisayar-parcalari","12":"product_tag-dizustu-bilgisayar","13":"product_tag-ekran-karti","14":"product_tag-gaming-bilgisayar","15":"product_tag-gaming-laptop","16":"product_tag-gaming-monitor","17":"product_tag-gaming-mouse","18":"product_tag-guc-kaynagi-psu","19":"product_tag-islemci-cpu","20":"product_tag-klavye","21":"product_tag-laptop","22":"product_tag-masaustu-bilgisayar","23":"product_tag-mekanik-klavye","24":"product_tag-monitor","25":"product_tag-oyun-bilgisayari","26":"product_tag-ssd","27":"pa_marka-digitus","29":"first","30":"outofstock","31":"sale","32":"purchasable","33":"product-type-simple"},"aioseo_notices":[],"_links":{"self":[{"href":"https:\/\/www.a8bilisim.com\/index.php\/wp-json\/wp\/v2\/product\/129994","targetHints":{"allow":["GET"]}}],"collection":[{"href":"https:\/\/www.a8bilisim.com\/index.php\/wp-json\/wp\/v2\/product"}],"about":[{"href":"https:\/\/www.a8bilisim.com\/index.php\/wp-json\/wp\/v2\/types\/product"}],"version-history":[{"count":4,"href":"https:\/\/www.a8bilisim.com\/index.php\/wp-json\/wp\/v2\/product\/129994\/revisions"}],"predecessor-version":[{"id":204363,"href":"https:\/\/www.a8bilisim.com\/index.php\/wp-json\/wp\/v2\/product\/129994\/revisions\/204363"}],"wp:featuredmedia":[{"embeddable":true,"href":"https:\/\/www.a8bilisim.com\/index.php\/wp-json\/wp\/v2\/media\/129996"}],"wp:attachment":[{"href":"https:\/\/www.a8bilisim.com\/index.php\/wp-json\/wp\/v2\/media?parent=129994"}],"wp:term":[{"taxonomy":"product_brand","embeddable":true,"href":"https:\/\/www.a8bilisim.com\/index.php\/wp-json\/wp\/v2\/product_brand?post=129994"},{"taxonomy":"product_cat","embeddable":true,"href":"https:\/\/www.a8bilisim.com\/index.php\/wp-json\/wp\/v2\/product_cat?post=129994"},{"taxonomy":"product_tag","embeddable":true,"href":"https:\/\/www.a8bilisim.com\/index.php\/wp-json\/wp\/v2\/product_tag?post=129994"}],"curies":[{"name":"wp","href":"https:\/\/api.w.org\/{rel}","templated":true}]}}