{"id":130075,"date":"2025-10-23T08:26:38","date_gmt":"2025-10-23T05:26:38","guid":{"rendered":"https:\/\/www.a8bilisim.com\/index.php\/urun\/keenetic-hopper-ax3000-mesh-wi-fi-6-gigabit-usb-3-0-wpa3-vpn-fiber-route-kn-3811-01-eu-kar61668\/"},"modified":"2026-01-03T05:28:01","modified_gmt":"2026-01-03T02:28:01","slug":"keenetic-hopper-ax3000-mesh-wi-fi-6-gigabit-usb-3-0-wpa3-vpn-fiber-route-kn-3811-01-eu-kar61668","status":"publish","type":"product","link":"https:\/\/www.a8bilisim.com\/index.php\/urun\/keenetic-hopper-ax3000-mesh-wi-fi-6-gigabit-usb-3-0-wpa3-vpn-fiber-route-kn-3811-01-eu-kar61668\/","title":{"rendered":"KEENETIC Hopper AX3000 Mesh (Wi-Fi 6) Gigabit USB 3.0 WPA3 VPN Fiber Route \/ KN-3811-01-EU-KAR61668"},"content":{"rendered":"<p>\u00dcr\u00fcn Ad\u0131: KEENETIC Hopper AX3000 Mesh (Wi-Fi 6) Gigabit USB 3.0 WPA3 VPN Fiber Route<\/p>\n<p>Stok No: KAR61668<\/p>\n<p>Stok Kodu:KN-3811-01-EU<\/p>\n<p>Kategori Ad\u0131: Access Point InDoor<\/p>\n<p>Marka:\u00a0 KEENETIC<\/p>\n<p>EAN Kodu: 4897082921806<\/p>\n<p><strong>Stoklar\u0131m\u0131zdaki Anl\u0131k De\u011fi\u015fimlerden Dolay\u0131 \u0130stedi\u011finiz \u00fcr\u00fcn\u00fcn stokta kalmamas\u0131 durumunda sipari\u015finiz iptal edilip \u00dccretiniz iade edilecek ve konu hakk\u0131nda size bilgi verilecektir.<\/strong><\/p>\n<p>Son G\u00fcncellenme Tarihi :03-01-2026 00:32<\/p>\n<p>&nbsp;<\/p>\n","protected":false},"excerpt":{"rendered":"<p>KEENETIC Hopper AX3000 Mesh (Wi-Fi 6) Gigabit USB 3.0 WPA3 VPN Fiber Route &#8211; Stok Kodu:KN-3811-01-EU -KAR61668 &#8211; Access Point InDoor. Son G\u00fcncellenme Tarihi :03-01-2026 00:32<\/p>\n","protected":false},"featured_media":130077,"template":"","meta":{"_monsterinsights_skip_tracking":false,"_monsterinsights_sitenote_active":false,"_monsterinsights_sitenote_note":"","_monsterinsights_sitenote_category":0,"_joinchat":[]},"product_brand":[280],"product_cat":[210],"product_tag":[127,128,129,130,131,132,133,134,135,136,137,138,139,140,141,142,143,144,145],"class_list":{"0":"post-130075","1":"product","2":"type-product","3":"status-publish","4":"has-post-thumbnail","6":"product_brand-keenetic","7":"product_cat-access-point","8":"product_tag-anakart","9":"product_tag-bilgisayar","10":"product_tag-bilgisayar-bilesenleri","11":"product_tag-bilgisayar-parcalari","12":"product_tag-dizustu-bilgisayar","13":"product_tag-ekran-karti","14":"product_tag-gaming-bilgisayar","15":"product_tag-gaming-laptop","16":"product_tag-gaming-monitor","17":"product_tag-gaming-mouse","18":"product_tag-guc-kaynagi-psu","19":"product_tag-islemci-cpu","20":"product_tag-klavye","21":"product_tag-laptop","22":"product_tag-masaustu-bilgisayar","23":"product_tag-mekanik-klavye","24":"product_tag-monitor","25":"product_tag-oyun-bilgisayari","26":"product_tag-ssd","27":"pa_marka-keenetic","29":"first","30":"outofstock","31":"sale","32":"purchasable","33":"product-type-simple"},"aioseo_notices":[],"_links":{"self":[{"href":"https:\/\/www.a8bilisim.com\/index.php\/wp-json\/wp\/v2\/product\/130075","targetHints":{"allow":["GET"]}}],"collection":[{"href":"https:\/\/www.a8bilisim.com\/index.php\/wp-json\/wp\/v2\/product"}],"about":[{"href":"https:\/\/www.a8bilisim.com\/index.php\/wp-json\/wp\/v2\/types\/product"}],"version-history":[{"count":16,"href":"https:\/\/www.a8bilisim.com\/index.php\/wp-json\/wp\/v2\/product\/130075\/revisions"}],"predecessor-version":[{"id":405408,"href":"https:\/\/www.a8bilisim.com\/index.php\/wp-json\/wp\/v2\/product\/130075\/revisions\/405408"}],"wp:featuredmedia":[{"embeddable":true,"href":"https:\/\/www.a8bilisim.com\/index.php\/wp-json\/wp\/v2\/media\/130077"}],"wp:attachment":[{"href":"https:\/\/www.a8bilisim.com\/index.php\/wp-json\/wp\/v2\/media?parent=130075"}],"wp:term":[{"taxonomy":"product_brand","embeddable":true,"href":"https:\/\/www.a8bilisim.com\/index.php\/wp-json\/wp\/v2\/product_brand?post=130075"},{"taxonomy":"product_cat","embeddable":true,"href":"https:\/\/www.a8bilisim.com\/index.php\/wp-json\/wp\/v2\/product_cat?post=130075"},{"taxonomy":"product_tag","embeddable":true,"href":"https:\/\/www.a8bilisim.com\/index.php\/wp-json\/wp\/v2\/product_tag?post=130075"}],"curies":[{"name":"wp","href":"https:\/\/api.w.org\/{rel}","templated":true}]}}