{"id":13115,"date":"2025-09-30T12:43:34","date_gmt":"2025-09-30T09:43:34","guid":{"rendered":"http:\/\/20.124.82.17\/wordpress\/index.php\/urun\/ip-com-g5328xp-24-410w-24ge-poe-port-370w-4x10g-sfp-l3-cloud-ynetilebilir-sw-g5328xp-24-410w-kar58510\/"},"modified":"2025-11-18T05:35:00","modified_gmt":"2025-11-18T02:35:00","slug":"ip-com-g5328xp-24-410w-24ge-poe-port-370w-4x10g-sfp-l3-cloud-ynetilebilir-sw-g5328xp-24-410w-kar58510","status":"publish","type":"product","link":"https:\/\/www.a8bilisim.com\/index.php\/urun\/ip-com-g5328xp-24-410w-24ge-poe-port-370w-4x10g-sfp-l3-cloud-ynetilebilir-sw-g5328xp-24-410w-kar58510\/","title":{"rendered":"IP-COM G5328XP-24-410W 24GE PoE Port (370W), 4x10G SFP L3 Cloud Y&#xF6;netilebilir SW \/ G5328XP-24-410W-KAR58510"},"content":{"rendered":"<p>\u00dcr\u00fcn Ad\u0131: IP-COM G5328XP-24-410W 24GE PoE Port (370W), 4x10G SFP L3 Cloud Y&#xF6;netilebilir SW<\/p>\n<p>Stok No: KAR58510<\/p>\n<p>Stok Kodu:G5328XP-24-410W<\/p>\n<p>Kategori Ad\u0131: 24 Port PoE<\/p>\n<p>Marka:\u00a0 IP-COM<\/p>\n<p>EAN Kodu: 6932392835394<\/p>\n<p><strong>Stoklar\u0131m\u0131zdaki Anl\u0131k De\u011fi\u015fimlerden Dolay\u0131 \u0130stedi\u011finiz \u00fcr\u00fcn\u00fcn stokta kalmamas\u0131 durumunda sipari\u015finiz iptal edilip \u00dccretiniz iade edilecek ve konu hakk\u0131nda size bilgi verilecektir.<\/strong><\/p>\n<p>Son G\u00fcncellenme Tarihi :18-11-2025 00:36<\/p>\n<p>&nbsp;<\/p>\n","protected":false},"excerpt":{"rendered":"<p>IP-COM G5328XP-24-410W 24GE PoE Port (370W), 4x10G SFP L3 Cloud Y&#xF6;netilebilir SW &#8211; Stok Kodu:G5328XP-24-410W -KAR58510 &#8211; 24 Port PoE. Son G\u00fcncellenme Tarihi :18-11-2025 00:36<\/p>\n","protected":false},"featured_media":13117,"template":"","meta":{"_monsterinsights_skip_tracking":false,"_monsterinsights_sitenote_active":false,"_monsterinsights_sitenote_note":"","_monsterinsights_sitenote_category":0,"_joinchat":[]},"product_brand":[314],"product_cat":[258],"product_tag":[127,128,129,130,131,132,133,134,135,136,137,138,139,140,141,142,143,144,145],"class_list":{"0":"post-13115","1":"product","2":"type-product","3":"status-publish","4":"has-post-thumbnail","6":"product_brand-ip-com","7":"product_cat-poe-switch","8":"product_tag-anakart","9":"product_tag-bilgisayar","10":"product_tag-bilgisayar-bilesenleri","11":"product_tag-bilgisayar-parcalari","12":"product_tag-dizustu-bilgisayar","13":"product_tag-ekran-karti","14":"product_tag-gaming-bilgisayar","15":"product_tag-gaming-laptop","16":"product_tag-gaming-monitor","17":"product_tag-gaming-mouse","18":"product_tag-guc-kaynagi-psu","19":"product_tag-islemci-cpu","20":"product_tag-klavye","21":"product_tag-laptop","22":"product_tag-masaustu-bilgisayar","23":"product_tag-mekanik-klavye","24":"product_tag-monitor","25":"product_tag-oyun-bilgisayari","26":"product_tag-ssd","27":"pa_marka-ip-com","29":"first","30":"outofstock","31":"sale","32":"purchasable","33":"product-type-simple"},"aioseo_notices":[],"_links":{"self":[{"href":"https:\/\/www.a8bilisim.com\/index.php\/wp-json\/wp\/v2\/product\/13115","targetHints":{"allow":["GET"]}}],"collection":[{"href":"https:\/\/www.a8bilisim.com\/index.php\/wp-json\/wp\/v2\/product"}],"about":[{"href":"https:\/\/www.a8bilisim.com\/index.php\/wp-json\/wp\/v2\/types\/product"}],"version-history":[{"count":48,"href":"https:\/\/www.a8bilisim.com\/index.php\/wp-json\/wp\/v2\/product\/13115\/revisions"}],"predecessor-version":[{"id":226462,"href":"https:\/\/www.a8bilisim.com\/index.php\/wp-json\/wp\/v2\/product\/13115\/revisions\/226462"}],"wp:featuredmedia":[{"embeddable":true,"href":"https:\/\/www.a8bilisim.com\/index.php\/wp-json\/wp\/v2\/media\/13117"}],"wp:attachment":[{"href":"https:\/\/www.a8bilisim.com\/index.php\/wp-json\/wp\/v2\/media?parent=13115"}],"wp:term":[{"taxonomy":"product_brand","embeddable":true,"href":"https:\/\/www.a8bilisim.com\/index.php\/wp-json\/wp\/v2\/product_brand?post=13115"},{"taxonomy":"product_cat","embeddable":true,"href":"https:\/\/www.a8bilisim.com\/index.php\/wp-json\/wp\/v2\/product_cat?post=13115"},{"taxonomy":"product_tag","embeddable":true,"href":"https:\/\/www.a8bilisim.com\/index.php\/wp-json\/wp\/v2\/product_tag?post=13115"}],"curies":[{"name":"wp","href":"https:\/\/api.w.org\/{rel}","templated":true}]}}