{"id":13154,"date":"2025-09-30T12:43:34","date_gmt":"2025-09-30T09:43:34","guid":{"rendered":"http:\/\/20.124.82.17\/wordpress\/index.php\/urun\/asus-prime-b650m-a-wifi-ii-amd-b650-am5-ddr5-6400-dp-hdmi-vga-ift-m2-usb3-2-ax-90mb1eg0-m0eay0-kar58580\/"},"modified":"2026-04-30T06:04:24","modified_gmt":"2026-04-30T03:04:24","slug":"asus-prime-b650m-a-wifi-ii-amd-b650-am5-ddr5-6400-dp-hdmi-vga-ift-m2-usb3-2-ax-90mb1eg0-m0eay0-kar58580","status":"publish","type":"product","link":"https:\/\/www.a8bilisim.com\/index.php\/urun\/asus-prime-b650m-a-wifi-ii-amd-b650-am5-ddr5-6400-dp-hdmi-vga-ift-m2-usb3-2-ax-90mb1eg0-m0eay0-kar58580\/","title":{"rendered":"ASUS PRIME B650M-A WIFI II AMD B650 AM5 DDR5 6400 DP HDMI VGA &#xC7;ift M2 USB3.2 AX \/ 90MB1EG0-M0EAY0-KAR58580"},"content":{"rendered":"<p>\u00dcr\u00fcn Ad\u0131: ASUS PRIME B650M-A WIFI II AMD B650 AM5 DDR5 6400 DP HDMI VGA &#xC7;ift M2 USB3.2 AX<\/p>\n<p><span dir=\"auto\" style=\"vertical-align: inherit;\"><span dir=\"auto\" style=\"vertical-align: inherit;\">Stok No: KAR58580<\/span><\/span><\/p>\n<p>Stok Kodu:90MB1EG0-M0EAY0<\/p>\n<p>Kategori Ad\u0131: AMD<\/p>\n<p><span dir=\"auto\" style=\"vertical-align: inherit;\"><span dir=\"auto\" style=\"vertical-align: inherit;\">EAN Kodu: 4711387034934<\/span><\/span><\/p>\n<p><strong>Stoklar\u0131m\u0131zdaki Anl\u0131k De\u011fi\u015fimlerden Dolay\u0131 \u0130stedi\u011finiz \u00fcr\u00fcn\u00fcn stokta kalmamas\u0131 durumunda sipari\u015finiz iptal edilip \u00dccretiniz iade edilecek ve konu hakk\u0131nda size bilgi verilecektir.<\/strong><\/p>\n<p>Son G\u00fcncellenme Tarihi :30-04-2026 02:36<\/p>\n<p>&nbsp;<\/p>\n","protected":false},"excerpt":{"rendered":"<p>ASUS PRIME B650M-A WIFI II AMD B650 AM5 DDR5 6400 DP HDMI VGA &#xC7;ift M2 USB3.2 AX &#8211; Stok Kodu:90MB1EG0-M0EAY0 -KAR58580 &#8211; AMD. Son G\u00fcncellenme Tarihi :30-04-2026 02:36<\/p>\n","protected":false},"featured_media":13156,"template":"","meta":{"_monsterinsights_skip_tracking":false,"_monsterinsights_sitenote_active":false,"_monsterinsights_sitenote_note":"","_monsterinsights_sitenote_category":0,"_joinchat":[]},"product_brand":[194],"product_cat":[276],"product_tag":[127,128,129,130,131,132,133,134,135,136,137,138,139,140,141,142,143,144,145],"class_list":{"0":"post-13154","1":"product","2":"type-product","3":"status-publish","4":"has-post-thumbnail","6":"product_brand-asus","7":"product_cat-lemciler","8":"product_tag-anakart","9":"product_tag-bilgisayar","10":"product_tag-bilgisayar-bilesenleri","11":"product_tag-bilgisayar-parcalari","12":"product_tag-dizustu-bilgisayar","13":"product_tag-ekran-karti","14":"product_tag-gaming-bilgisayar","15":"product_tag-gaming-laptop","16":"product_tag-gaming-monitor","17":"product_tag-gaming-mouse","18":"product_tag-guc-kaynagi-psu","19":"product_tag-islemci-cpu","20":"product_tag-klavye","21":"product_tag-laptop","22":"product_tag-masaustu-bilgisayar","23":"product_tag-mekanik-klavye","24":"product_tag-monitor","25":"product_tag-oyun-bilgisayari","26":"product_tag-ssd","27":"pa_marka-asus","29":"first","30":"outofstock","31":"sale","32":"purchasable","33":"product-type-simple"},"aioseo_notices":[],"_links":{"self":[{"href":"https:\/\/www.a8bilisim.com\/index.php\/wp-json\/wp\/v2\/product\/13154","targetHints":{"allow":["GET"]}}],"collection":[{"href":"https:\/\/www.a8bilisim.com\/index.php\/wp-json\/wp\/v2\/product"}],"about":[{"href":"https:\/\/www.a8bilisim.com\/index.php\/wp-json\/wp\/v2\/types\/product"}],"version-history":[{"count":206,"href":"https:\/\/www.a8bilisim.com\/index.php\/wp-json\/wp\/v2\/product\/13154\/revisions"}],"predecessor-version":[{"id":717464,"href":"https:\/\/www.a8bilisim.com\/index.php\/wp-json\/wp\/v2\/product\/13154\/revisions\/717464"}],"wp:featuredmedia":[{"embeddable":true,"href":"https:\/\/www.a8bilisim.com\/index.php\/wp-json\/wp\/v2\/media\/13156"}],"wp:attachment":[{"href":"https:\/\/www.a8bilisim.com\/index.php\/wp-json\/wp\/v2\/media?parent=13154"}],"wp:term":[{"taxonomy":"product_brand","embeddable":true,"href":"https:\/\/www.a8bilisim.com\/index.php\/wp-json\/wp\/v2\/product_brand?post=13154"},{"taxonomy":"product_cat","embeddable":true,"href":"https:\/\/www.a8bilisim.com\/index.php\/wp-json\/wp\/v2\/product_cat?post=13154"},{"taxonomy":"product_tag","embeddable":true,"href":"https:\/\/www.a8bilisim.com\/index.php\/wp-json\/wp\/v2\/product_tag?post=13154"}],"curies":[{"name":"wp","href":"https:\/\/api.w.org\/{rel}","templated":true}]}}