{"id":13664,"date":"2025-09-30T12:53:19","date_gmt":"2025-09-30T09:53:19","guid":{"rendered":"http:\/\/20.124.82.17\/wordpress\/index.php\/urun\/kingston-beast-ddr5-16gb-5600mhz-cl36-soutuculu-desktop-ram-kf556c36bbe-16tr-kar60116\/"},"modified":"2026-04-28T06:04:51","modified_gmt":"2026-04-28T03:04:51","slug":"kingston-beast-ddr5-16gb-5600mhz-cl36-soutuculu-desktop-ram-kf556c36bbe-16tr-kar60116","status":"publish","type":"product","link":"https:\/\/www.a8bilisim.com\/index.php\/urun\/kingston-beast-ddr5-16gb-5600mhz-cl36-soutuculu-desktop-ram-kf556c36bbe-16tr-kar60116\/","title":{"rendered":"KINGSTON Beast DDR5 16GB 5600MHz CL36 So&#x11F;utuculu Desktop Ram \/ KF556C36BBE-16TR-KAR60116"},"content":{"rendered":"<p>\u00dcr\u00fcn Ad\u0131: KINGSTON Beast DDR5 16GB 5600MHz CL36 So&#x11F;utuculu Desktop Ram<\/p>\n<p><span dir=\"auto\" style=\"vertical-align: inherit;\"><span dir=\"auto\" style=\"vertical-align: inherit;\">Stok No: KAR60116<\/span><\/span><\/p>\n<p>Stok Kodu:KF556C36BBE-16TR<\/p>\n<p>Kategori Ad\u0131: Bilgisayar<\/p>\n<p><span dir=\"auto\" style=\"vertical-align: inherit;\"><span dir=\"auto\" style=\"vertical-align: inherit;\">EAN Kodu: 740617344172<\/span><\/span><\/p>\n<p><strong>Stoklar\u0131m\u0131zdaki Anl\u0131k De\u011fi\u015fimlerden Dolay\u0131 \u0130stedi\u011finiz \u00fcr\u00fcn\u00fcn stokta kalmamas\u0131 durumunda sipari\u015finiz iptal edilip \u00dccretiniz iade edilecek ve konu hakk\u0131nda size bilgi verilecektir.<\/strong><\/p>\n<p>Son G\u00fcncellenme Tarihi :28-04-2026 02:32<\/p>\n<p>&nbsp;<\/p>\n","protected":false},"excerpt":{"rendered":"<p>KINGSTON Beast DDR5 16GB 5600MHz CL36 So&#x11F;utuculu Desktop Ram &#8211; Stok Kodu:KF556C36BBE-16TR -KAR60116 &#8211; Bilgisayar. Son G\u00fcncellenme Tarihi :28-04-2026 02:32<\/p>\n","protected":false},"featured_media":13666,"template":"","meta":{"_monsterinsights_skip_tracking":false,"_monsterinsights_sitenote_active":false,"_monsterinsights_sitenote_note":"","_monsterinsights_sitenote_category":0,"_joinchat":[]},"product_brand":[282],"product_cat":[308],"product_tag":[127,128,129,130,131,132,133,134,135,136,137,138,139,140,141,142,143,144,145],"class_list":{"0":"post-13664","1":"product","2":"type-product","3":"status-publish","4":"has-post-thumbnail","6":"product_brand-kingston","7":"product_cat-bilgisayar","8":"product_tag-anakart","9":"product_tag-bilgisayar","10":"product_tag-bilgisayar-bilesenleri","11":"product_tag-bilgisayar-parcalari","12":"product_tag-dizustu-bilgisayar","13":"product_tag-ekran-karti","14":"product_tag-gaming-bilgisayar","15":"product_tag-gaming-laptop","16":"product_tag-gaming-monitor","17":"product_tag-gaming-mouse","18":"product_tag-guc-kaynagi-psu","19":"product_tag-islemci-cpu","20":"product_tag-klavye","21":"product_tag-laptop","22":"product_tag-masaustu-bilgisayar","23":"product_tag-mekanik-klavye","24":"product_tag-monitor","25":"product_tag-oyun-bilgisayari","26":"product_tag-ssd","27":"pa_marka-kingston","29":"first","30":"outofstock","31":"sale","32":"purchasable","33":"product-type-simple"},"aioseo_notices":[],"_links":{"self":[{"href":"https:\/\/www.a8bilisim.com\/index.php\/wp-json\/wp\/v2\/product\/13664","targetHints":{"allow":["GET"]}}],"collection":[{"href":"https:\/\/www.a8bilisim.com\/index.php\/wp-json\/wp\/v2\/product"}],"about":[{"href":"https:\/\/www.a8bilisim.com\/index.php\/wp-json\/wp\/v2\/types\/product"}],"version-history":[{"count":163,"href":"https:\/\/www.a8bilisim.com\/index.php\/wp-json\/wp\/v2\/product\/13664\/revisions"}],"predecessor-version":[{"id":713542,"href":"https:\/\/www.a8bilisim.com\/index.php\/wp-json\/wp\/v2\/product\/13664\/revisions\/713542"}],"wp:featuredmedia":[{"embeddable":true,"href":"https:\/\/www.a8bilisim.com\/index.php\/wp-json\/wp\/v2\/media\/13666"}],"wp:attachment":[{"href":"https:\/\/www.a8bilisim.com\/index.php\/wp-json\/wp\/v2\/media?parent=13664"}],"wp:term":[{"taxonomy":"product_brand","embeddable":true,"href":"https:\/\/www.a8bilisim.com\/index.php\/wp-json\/wp\/v2\/product_brand?post=13664"},{"taxonomy":"product_cat","embeddable":true,"href":"https:\/\/www.a8bilisim.com\/index.php\/wp-json\/wp\/v2\/product_cat?post=13664"},{"taxonomy":"product_tag","embeddable":true,"href":"https:\/\/www.a8bilisim.com\/index.php\/wp-json\/wp\/v2\/product_tag?post=13664"}],"curies":[{"name":"wp","href":"https:\/\/api.w.org\/{rel}","templated":true}]}}