{"id":13736,"date":"2025-09-30T12:54:26","date_gmt":"2025-09-30T09:54:26","guid":{"rendered":"http:\/\/20.124.82.17\/wordpress\/index.php\/urun\/tenda-u10-ac650-wi-fi-6-ift-bantl-usb-adaptr-u10-kar60295\/"},"modified":"2026-04-30T06:04:51","modified_gmt":"2026-04-30T03:04:51","slug":"tenda-u10-ac650-wi-fi-6-ift-bantl-usb-adaptr-u10-kar60295","status":"publish","type":"product","link":"https:\/\/www.a8bilisim.com\/index.php\/urun\/tenda-u10-ac650-wi-fi-6-ift-bantl-usb-adaptr-u10-kar60295\/","title":{"rendered":"TENDA U10 AC650 Wi-Fi 6 &#xC7;ift Bantl&#x131; USB Adapt&#xF6;r&#xFC; \/ U10-KAR60295"},"content":{"rendered":"<p>\u00dcr\u00fcn Ad\u0131: TENDA U10 AC650 Wi-Fi 6 &#xC7;ift Bantl&#x131; USB Adapt&#xF6;r&#xFC;<\/p>\n<p><span dir=\"auto\" style=\"vertical-align: inherit;\"><span dir=\"auto\" style=\"vertical-align: inherit;\">Stok No: KAR60295<\/span><\/span><\/p>\n<p>Stok Kodu:U10<\/p>\n<p>Kategori Ad\u0131: Wireless Ethernet<\/p>\n<p><span dir=\"auto\" style=\"vertical-align: inherit;\"><span dir=\"auto\" style=\"vertical-align: inherit;\">EAN Kodu: 6932849428445<\/span><\/span><\/p>\n<p><strong>Stoklar\u0131m\u0131zdaki Anl\u0131k De\u011fi\u015fimlerden Dolay\u0131 \u0130stedi\u011finiz \u00fcr\u00fcn\u00fcn stokta kalmamas\u0131 durumunda sipari\u015finiz iptal edilip \u00dccretiniz iade edilecek ve konu hakk\u0131nda size bilgi verilecektir.<\/strong><\/p>\n<p>Son G\u00fcncellenme Tarihi :30-04-2026 02:34<\/p>\n<p>&nbsp;<\/p>\n","protected":false},"excerpt":{"rendered":"<p>TENDA U10 AC650 Wi-Fi 6 &#xC7;ift Bantl&#x131; USB Adapt&#xF6;r&#xFC; &#8211; Stok Kodu:U10 -KAR60295 &#8211; Wireless Ethernet. Son G\u00fcncellenme Tarihi :30-04-2026 02:34<\/p>\n","protected":false},"featured_media":13738,"template":"","meta":{"_monsterinsights_skip_tracking":false,"_monsterinsights_sitenote_active":false,"_monsterinsights_sitenote_note":"","_monsterinsights_sitenote_category":0,"_joinchat":[]},"product_brand":[255],"product_cat":[190],"product_tag":[127,128,129,130,131,132,133,134,135,136,137,138,139,140,141,142,143,144,145],"class_list":{"0":"post-13736","1":"product","2":"type-product","3":"status-publish","4":"has-post-thumbnail","6":"product_brand-tenda","7":"product_cat-ethernet-kartlar","8":"product_tag-anakart","9":"product_tag-bilgisayar","10":"product_tag-bilgisayar-bilesenleri","11":"product_tag-bilgisayar-parcalari","12":"product_tag-dizustu-bilgisayar","13":"product_tag-ekran-karti","14":"product_tag-gaming-bilgisayar","15":"product_tag-gaming-laptop","16":"product_tag-gaming-monitor","17":"product_tag-gaming-mouse","18":"product_tag-guc-kaynagi-psu","19":"product_tag-islemci-cpu","20":"product_tag-klavye","21":"product_tag-laptop","22":"product_tag-masaustu-bilgisayar","23":"product_tag-mekanik-klavye","24":"product_tag-monitor","25":"product_tag-oyun-bilgisayari","26":"product_tag-ssd","27":"pa_marka-tenda","29":"first","30":"instock","31":"sale","32":"purchasable","33":"product-type-simple"},"aioseo_notices":[],"_links":{"self":[{"href":"https:\/\/www.a8bilisim.com\/index.php\/wp-json\/wp\/v2\/product\/13736","targetHints":{"allow":["GET"]}}],"collection":[{"href":"https:\/\/www.a8bilisim.com\/index.php\/wp-json\/wp\/v2\/product"}],"about":[{"href":"https:\/\/www.a8bilisim.com\/index.php\/wp-json\/wp\/v2\/types\/product"}],"version-history":[{"count":175,"href":"https:\/\/www.a8bilisim.com\/index.php\/wp-json\/wp\/v2\/product\/13736\/revisions"}],"predecessor-version":[{"id":717634,"href":"https:\/\/www.a8bilisim.com\/index.php\/wp-json\/wp\/v2\/product\/13736\/revisions\/717634"}],"wp:featuredmedia":[{"embeddable":true,"href":"https:\/\/www.a8bilisim.com\/index.php\/wp-json\/wp\/v2\/media\/13738"}],"wp:attachment":[{"href":"https:\/\/www.a8bilisim.com\/index.php\/wp-json\/wp\/v2\/media?parent=13736"}],"wp:term":[{"taxonomy":"product_brand","embeddable":true,"href":"https:\/\/www.a8bilisim.com\/index.php\/wp-json\/wp\/v2\/product_brand?post=13736"},{"taxonomy":"product_cat","embeddable":true,"href":"https:\/\/www.a8bilisim.com\/index.php\/wp-json\/wp\/v2\/product_cat?post=13736"},{"taxonomy":"product_tag","embeddable":true,"href":"https:\/\/www.a8bilisim.com\/index.php\/wp-json\/wp\/v2\/product_tag?post=13736"}],"curies":[{"name":"wp","href":"https:\/\/api.w.org\/{rel}","templated":true}]}}