{"id":13814,"date":"2025-09-30T12:55:31","date_gmt":"2025-09-30T09:55:31","guid":{"rendered":"http:\/\/20.124.82.17\/wordpress\/index.php\/urun\/lecoo-cm105-beyaz-kablolu-klavye-mouse-set-cm105_beyaz-kar60393\/"},"modified":"2025-10-14T05:52:03","modified_gmt":"2025-10-14T02:52:03","slug":"lecoo-cm105-beyaz-kablolu-klavye-mouse-set-cm105_beyaz-kar60393","status":"publish","type":"product","link":"https:\/\/www.a8bilisim.com\/index.php\/urun\/lecoo-cm105-beyaz-kablolu-klavye-mouse-set-cm105_beyaz-kar60393\/","title":{"rendered":"LECOO CM105 BEYAZ KABLOLU KLAVYE &#038; MOUSE SET \/ CM105_BEYAZ-KAR60393"},"content":{"rendered":"<p>\u00dcr\u00fcn Ad\u0131: LECOO CM105 BEYAZ KABLOLU KLAVYE &#038; MOUSE SET<\/p>\n<p>Stok No: KAR60393<\/p>\n<p>Stok Kodu:CM105_BEYAZ<\/p>\n<p>Kategori Ad\u0131: Kablolu Set<\/p>\n<p>Marka:\u00a0 LECOO<\/p>\n<p>EAN Kodu: 6948391283197<\/p>\n<p><strong>Stoklar\u0131m\u0131zdaki Anl\u0131k De\u011fi\u015fimlerden Dolay\u0131 \u0130stedi\u011finiz \u00fcr\u00fcn\u00fcn stokta kalmamas\u0131 durumunda sipari\u015finiz iptal edilip \u00dccretiniz iade edilecek ve konu hakk\u0131nda size bilgi verilecektir.<\/strong><\/p>\n<p>Son G\u00fcncellenme Tarihi :14-10-2025 00:36<\/p>\n<p>&nbsp;<\/p>\n","protected":false},"excerpt":{"rendered":"<p>LECOO CM105 BEYAZ KABLOLU KLAVYE &#038; MOUSE SET &#8211; Stok Kodu:CM105_BEYAZ -KAR60393 &#8211; Kablolu Set. Son G\u00fcncellenme Tarihi :14-10-2025 00:36<\/p>\n","protected":false},"featured_media":13816,"template":"","meta":{"_monsterinsights_skip_tracking":false,"_monsterinsights_sitenote_active":false,"_monsterinsights_sitenote_note":"","_monsterinsights_sitenote_category":0,"_joinchat":[]},"product_brand":[338],"product_cat":[170],"product_tag":[127,128,129,130,131,132,133,134,135,136,137,138,139,140,141,142,143,144,145],"class_list":{"0":"post-13814","1":"product","2":"type-product","3":"status-publish","4":"has-post-thumbnail","6":"product_brand-lecoo","7":"product_cat-klavye-seti","8":"product_tag-anakart","9":"product_tag-bilgisayar","10":"product_tag-bilgisayar-bilesenleri","11":"product_tag-bilgisayar-parcalari","12":"product_tag-dizustu-bilgisayar","13":"product_tag-ekran-karti","14":"product_tag-gaming-bilgisayar","15":"product_tag-gaming-laptop","16":"product_tag-gaming-monitor","17":"product_tag-gaming-mouse","18":"product_tag-guc-kaynagi-psu","19":"product_tag-islemci-cpu","20":"product_tag-klavye","21":"product_tag-laptop","22":"product_tag-masaustu-bilgisayar","23":"product_tag-mekanik-klavye","24":"product_tag-monitor","25":"product_tag-oyun-bilgisayari","26":"product_tag-ssd","27":"pa_marka-lecoo","29":"first","30":"outofstock","31":"sale","32":"purchasable","33":"product-type-simple"},"aioseo_notices":[],"_links":{"self":[{"href":"https:\/\/www.a8bilisim.com\/index.php\/wp-json\/wp\/v2\/product\/13814","targetHints":{"allow":["GET"]}}],"collection":[{"href":"https:\/\/www.a8bilisim.com\/index.php\/wp-json\/wp\/v2\/product"}],"about":[{"href":"https:\/\/www.a8bilisim.com\/index.php\/wp-json\/wp\/v2\/types\/product"}],"version-history":[{"count":15,"href":"https:\/\/www.a8bilisim.com\/index.php\/wp-json\/wp\/v2\/product\/13814\/revisions"}],"predecessor-version":[{"id":88316,"href":"https:\/\/www.a8bilisim.com\/index.php\/wp-json\/wp\/v2\/product\/13814\/revisions\/88316"}],"wp:featuredmedia":[{"embeddable":true,"href":"https:\/\/www.a8bilisim.com\/index.php\/wp-json\/wp\/v2\/media\/13816"}],"wp:attachment":[{"href":"https:\/\/www.a8bilisim.com\/index.php\/wp-json\/wp\/v2\/media?parent=13814"}],"wp:term":[{"taxonomy":"product_brand","embeddable":true,"href":"https:\/\/www.a8bilisim.com\/index.php\/wp-json\/wp\/v2\/product_brand?post=13814"},{"taxonomy":"product_cat","embeddable":true,"href":"https:\/\/www.a8bilisim.com\/index.php\/wp-json\/wp\/v2\/product_cat?post=13814"},{"taxonomy":"product_tag","embeddable":true,"href":"https:\/\/www.a8bilisim.com\/index.php\/wp-json\/wp\/v2\/product_tag?post=13814"}],"curies":[{"name":"wp","href":"https:\/\/api.w.org\/{rel}","templated":true}]}}