{"id":13994,"date":"2025-09-30T12:58:47","date_gmt":"2025-09-30T09:58:47","guid":{"rendered":"http:\/\/20.124.82.17\/wordpress\/index.php\/urun\/brother-tn-1040-1000sf-hl-1111-hl-1211wdcp-1511mfc-1811-mfc-1911w-mfc-1815-tkt-ton-bro-0045-ivt25160\/"},"modified":"2026-04-30T06:05:00","modified_gmt":"2026-04-30T03:05:00","slug":"brother-tn-1040-1000sf-hl-1111-hl-1211wdcp-1511mfc-1811-mfc-1911w-mfc-1815-tkt-ton-bro-0045-ivt25160","status":"publish","type":"product","link":"https:\/\/www.a8bilisim.com\/index.php\/urun\/brother-tn-1040-1000sf-hl-1111-hl-1211wdcp-1511mfc-1811-mfc-1911w-mfc-1815-tkt-ton-bro-0045-ivt25160\/","title":{"rendered":"Brother TN-1040 1000sf (HL-1111, HL-1211W,DCP-1511,MFC-1811, MFC-1911W, MFC-1815 \/ tkt.ton.bro.0045-IVT25160"},"content":{"rendered":"<p>\u00dcr\u00fcn Ad\u0131: Brother TN-1040 1000sf (HL-1111, HL-1211W,DCP-1511,MFC-1811, MFC-1911W, MFC-1815<\/p>\n<p><span dir=\"auto\" style=\"vertical-align: inherit;\"><span dir=\"auto\" style=\"vertical-align: inherit;\">Stok No: IVT25160<\/span><\/span><\/p>\n<p>Stok Kodu:tkt.ton.bro.0045<\/p>\n<p>Kategori Ad\u0131: Laser Tonerler<\/p>\n<p><span dir=\"auto\" style=\"vertical-align: inherit;\"><span dir=\"auto\" style=\"vertical-align: inherit;\">EAN Kodu: <\/span><\/span><\/p>\n<p><strong>Stoklar\u0131m\u0131zdaki Anl\u0131k De\u011fi\u015fimlerden Dolay\u0131 \u0130stedi\u011finiz \u00fcr\u00fcn\u00fcn stokta kalmamas\u0131 durumunda sipari\u015finiz iptal edilip \u00dccretiniz iade edilecek ve konu hakk\u0131nda size bilgi verilecektir.<\/strong><\/p>\n<p>Son G\u00fcncellenme Tarihi :30-04-2026 02:36<\/p>\n<p>&nbsp;<\/p>\n","protected":false},"excerpt":{"rendered":"<p>Brother TN-1040 1000sf (HL-1111, HL-1211W,DCP-1511,MFC-1811, MFC-1911W, MFC-1815 &#8211; Stok Kodu:tkt.ton.bro.0045 -IVT25160 &#8211; Laser Tonerler. Son G\u00fcncellenme Tarihi :30-04-2026 02:36<\/p>\n","protected":false},"featured_media":13996,"template":"","meta":{"_monsterinsights_skip_tracking":false,"_monsterinsights_sitenote_active":false,"_monsterinsights_sitenote_note":"","_monsterinsights_sitenote_category":0,"_joinchat":[]},"product_brand":[278],"product_cat":[149],"product_tag":[127,128,129,130,131,132,133,134,135,136,137,138,139,140,141,142,143,144,145],"class_list":{"0":"post-13994","1":"product","2":"type-product","3":"status-publish","4":"has-post-thumbnail","6":"product_brand-brother","7":"product_cat-yazc-aksesuar","8":"product_tag-anakart","9":"product_tag-bilgisayar","10":"product_tag-bilgisayar-bilesenleri","11":"product_tag-bilgisayar-parcalari","12":"product_tag-dizustu-bilgisayar","13":"product_tag-ekran-karti","14":"product_tag-gaming-bilgisayar","15":"product_tag-gaming-laptop","16":"product_tag-gaming-monitor","17":"product_tag-gaming-mouse","18":"product_tag-guc-kaynagi-psu","19":"product_tag-islemci-cpu","20":"product_tag-klavye","21":"product_tag-laptop","22":"product_tag-masaustu-bilgisayar","23":"product_tag-mekanik-klavye","24":"product_tag-monitor","25":"product_tag-oyun-bilgisayari","26":"product_tag-ssd","27":"pa_marka-brother","29":"first","30":"instock","31":"purchasable","32":"product-type-simple"},"aioseo_notices":[],"_links":{"self":[{"href":"https:\/\/www.a8bilisim.com\/index.php\/wp-json\/wp\/v2\/product\/13994","targetHints":{"allow":["GET"]}}],"collection":[{"href":"https:\/\/www.a8bilisim.com\/index.php\/wp-json\/wp\/v2\/product"}],"about":[{"href":"https:\/\/www.a8bilisim.com\/index.php\/wp-json\/wp\/v2\/types\/product"}],"version-history":[{"count":208,"href":"https:\/\/www.a8bilisim.com\/index.php\/wp-json\/wp\/v2\/product\/13994\/revisions"}],"predecessor-version":[{"id":717703,"href":"https:\/\/www.a8bilisim.com\/index.php\/wp-json\/wp\/v2\/product\/13994\/revisions\/717703"}],"wp:featuredmedia":[{"embeddable":true,"href":"https:\/\/www.a8bilisim.com\/index.php\/wp-json\/wp\/v2\/media\/13996"}],"wp:attachment":[{"href":"https:\/\/www.a8bilisim.com\/index.php\/wp-json\/wp\/v2\/media?parent=13994"}],"wp:term":[{"taxonomy":"product_brand","embeddable":true,"href":"https:\/\/www.a8bilisim.com\/index.php\/wp-json\/wp\/v2\/product_brand?post=13994"},{"taxonomy":"product_cat","embeddable":true,"href":"https:\/\/www.a8bilisim.com\/index.php\/wp-json\/wp\/v2\/product_cat?post=13994"},{"taxonomy":"product_tag","embeddable":true,"href":"https:\/\/www.a8bilisim.com\/index.php\/wp-json\/wp\/v2\/product_tag?post=13994"}],"curies":[{"name":"wp","href":"https:\/\/api.w.org\/{rel}","templated":true}]}}