{"id":14018,"date":"2025-09-30T12:59:52","date_gmt":"2025-09-30T09:59:52","guid":{"rendered":"http:\/\/20.124.82.17\/wordpress\/index.php\/urun\/tp-link-tl-sf1008p-8-port-10-100-mbps-desktop-switch-with-4-port-poe-66w-net-swi-s1-0020-ivt25697\/"},"modified":"2025-12-31T05:06:57","modified_gmt":"2025-12-31T02:06:57","slug":"tp-link-tl-sf1008p-8-port-10-100-mbps-desktop-switch-with-4-port-poe-66w-net-swi-s1-0020-ivt25697","status":"publish","type":"product","link":"https:\/\/www.a8bilisim.com\/index.php\/urun\/tp-link-tl-sf1008p-8-port-10-100-mbps-desktop-switch-with-4-port-poe-66w-net-swi-s1-0020-ivt25697\/","title":{"rendered":"Tp-Link TL-SF1008P 8-Port 10\/100 Mbps Desktop Switch with 4-Port PoE+ (66W) \/ net.swi.s1.0020-IVT25697"},"content":{"rendered":"<p>\u00dcr\u00fcn Ad\u0131: Tp-Link TL-SF1008P 8-Port 10\/100 Mbps Desktop Switch with 4-Port PoE+ (66W)<\/p>\n<p>Stok No: IVT25697<\/p>\n<p>Stok Kodu:net.swi.s1.0020<\/p>\n<p>Kategori Ad\u0131: PoE Switch<\/p>\n<p>Marka:\u00a0 Tp-Link<\/p>\n<p>EAN Kodu: <\/p>\n<p><strong>Stoklar\u0131m\u0131zdaki Anl\u0131k De\u011fi\u015fimlerden Dolay\u0131 \u0130stedi\u011finiz \u00fcr\u00fcn\u00fcn stokta kalmamas\u0131 durumunda sipari\u015finiz iptal edilip \u00dccretiniz iade edilecek ve konu hakk\u0131nda size bilgi verilecektir.<\/strong><\/p>\n<p>Son G\u00fcncellenme Tarihi :31-12-2025 00:36<\/p>\n<p>&nbsp;<\/p>\n","protected":false},"excerpt":{"rendered":"<p>Tp-Link TL-SF1008P 8-Port 10\/100 Mbps Desktop Switch with 4-Port PoE+ (66W) &#8211; Stok Kodu:net.swi.s1.0020 -IVT25697 &#8211; PoE Switch. Son G\u00fcncellenme Tarihi :31-12-2025 00:36<\/p>\n","protected":false},"featured_media":14020,"template":"","meta":{"_monsterinsights_skip_tracking":false,"_monsterinsights_sitenote_active":false,"_monsterinsights_sitenote_note":"","_monsterinsights_sitenote_category":0,"_joinchat":[]},"product_brand":[359],"product_cat":[257],"product_tag":[127,128,129,130,131,132,133,134,135,136,137,138,139,140,141,142,143,144,145],"class_list":{"0":"post-14018","1":"product","2":"type-product","3":"status-publish","4":"has-post-thumbnail","6":"product_brand-tp-link","7":"product_cat-switch","8":"product_tag-anakart","9":"product_tag-bilgisayar","10":"product_tag-bilgisayar-bilesenleri","11":"product_tag-bilgisayar-parcalari","12":"product_tag-dizustu-bilgisayar","13":"product_tag-ekran-karti","14":"product_tag-gaming-bilgisayar","15":"product_tag-gaming-laptop","16":"product_tag-gaming-monitor","17":"product_tag-gaming-mouse","18":"product_tag-guc-kaynagi-psu","19":"product_tag-islemci-cpu","20":"product_tag-klavye","21":"product_tag-laptop","22":"product_tag-masaustu-bilgisayar","23":"product_tag-mekanik-klavye","24":"product_tag-monitor","25":"product_tag-oyun-bilgisayari","26":"product_tag-ssd","27":"pa_marka-tp-link","29":"first","30":"outofstock","31":"sale","32":"purchasable","33":"product-type-simple"},"aioseo_notices":[],"_links":{"self":[{"href":"https:\/\/www.a8bilisim.com\/index.php\/wp-json\/wp\/v2\/product\/14018","targetHints":{"allow":["GET"]}}],"collection":[{"href":"https:\/\/www.a8bilisim.com\/index.php\/wp-json\/wp\/v2\/product"}],"about":[{"href":"https:\/\/www.a8bilisim.com\/index.php\/wp-json\/wp\/v2\/types\/product"}],"version-history":[{"count":91,"href":"https:\/\/www.a8bilisim.com\/index.php\/wp-json\/wp\/v2\/product\/14018\/revisions"}],"predecessor-version":[{"id":391661,"href":"https:\/\/www.a8bilisim.com\/index.php\/wp-json\/wp\/v2\/product\/14018\/revisions\/391661"}],"wp:featuredmedia":[{"embeddable":true,"href":"https:\/\/www.a8bilisim.com\/index.php\/wp-json\/wp\/v2\/media\/14020"}],"wp:attachment":[{"href":"https:\/\/www.a8bilisim.com\/index.php\/wp-json\/wp\/v2\/media?parent=14018"}],"wp:term":[{"taxonomy":"product_brand","embeddable":true,"href":"https:\/\/www.a8bilisim.com\/index.php\/wp-json\/wp\/v2\/product_brand?post=14018"},{"taxonomy":"product_cat","embeddable":true,"href":"https:\/\/www.a8bilisim.com\/index.php\/wp-json\/wp\/v2\/product_cat?post=14018"},{"taxonomy":"product_tag","embeddable":true,"href":"https:\/\/www.a8bilisim.com\/index.php\/wp-json\/wp\/v2\/product_tag?post=14018"}],"curies":[{"name":"wp","href":"https:\/\/api.w.org\/{rel}","templated":true}]}}