{"id":14045,"date":"2025-09-30T12:59:52","date_gmt":"2025-09-30T09:59:52","guid":{"rendered":"http:\/\/20.124.82.17\/wordpress\/index.php\/urun\/brother-kartu-lc535xly-sar-1300-sayfa-dcp-j100-dcp-j105-mfc-j200-tkt-inkk-bro-0029-ivt26871\/"},"modified":"2026-04-30T06:06:03","modified_gmt":"2026-04-30T03:06:03","slug":"brother-kartu-lc535xly-sar-1300-sayfa-dcp-j100-dcp-j105-mfc-j200-tkt-inkk-bro-0029-ivt26871","status":"publish","type":"product","link":"https:\/\/www.a8bilisim.com\/index.php\/urun\/brother-kartu-lc535xly-sar-1300-sayfa-dcp-j100-dcp-j105-mfc-j200-tkt-inkk-bro-0029-ivt26871\/","title":{"rendered":"Brother Kartu&#x15F; LC535XLY Sar&#x131; 1300 Sayfa (DCP-J100 DCP-J105 MFC-J200) \/ tkt.inkk.bro.0029-IVT26871"},"content":{"rendered":"<p>\u00dcr\u00fcn Ad\u0131: Brother Kartu&#x15F; LC535XLY Sar&#x131; 1300 Sayfa (DCP-J100 DCP-J105 MFC-J200)<\/p>\n<p><span dir=\"auto\" style=\"vertical-align: inherit;\"><span dir=\"auto\" style=\"vertical-align: inherit;\">Stok No: IVT26871<\/span><\/span><\/p>\n<p>Stok Kodu:tkt.inkk.bro.0029<\/p>\n<p>Kategori Ad\u0131: Inkjet Kartu&#x15F;<\/p>\n<p><span dir=\"auto\" style=\"vertical-align: inherit;\"><span dir=\"auto\" style=\"vertical-align: inherit;\">EAN Kodu: <\/span><\/span><\/p>\n<p><strong>Stoklar\u0131m\u0131zdaki Anl\u0131k De\u011fi\u015fimlerden Dolay\u0131 \u0130stedi\u011finiz \u00fcr\u00fcn\u00fcn stokta kalmamas\u0131 durumunda sipari\u015finiz iptal edilip \u00dccretiniz iade edilecek ve konu hakk\u0131nda size bilgi verilecektir.<\/strong><\/p>\n<p>Son G\u00fcncellenme Tarihi :30-04-2026 02:30<\/p>\n<p>&nbsp;<\/p>\n","protected":false},"excerpt":{"rendered":"<p>Brother Kartu&#x15F; LC535XLY Sar&#x131; 1300 Sayfa (DCP-J100 DCP-J105 MFC-J200) &#8211; Stok Kodu:tkt.inkk.bro.0029 -IVT26871 &#8211; Inkjet Kartu&#x15F;. Son G\u00fcncellenme Tarihi :30-04-2026 02:30<\/p>\n","protected":false},"featured_media":14047,"template":"","meta":{"_monsterinsights_skip_tracking":false,"_monsterinsights_sitenote_active":false,"_monsterinsights_sitenote_note":"","_monsterinsights_sitenote_category":0,"_joinchat":[]},"product_brand":[278],"product_cat":[149],"product_tag":[127,128,129,130,131,132,133,134,135,136,137,138,139,140,141,142,143,144,145],"class_list":{"0":"post-14045","1":"product","2":"type-product","3":"status-publish","4":"has-post-thumbnail","6":"product_brand-brother","7":"product_cat-yazc-aksesuar","8":"product_tag-anakart","9":"product_tag-bilgisayar","10":"product_tag-bilgisayar-bilesenleri","11":"product_tag-bilgisayar-parcalari","12":"product_tag-dizustu-bilgisayar","13":"product_tag-ekran-karti","14":"product_tag-gaming-bilgisayar","15":"product_tag-gaming-laptop","16":"product_tag-gaming-monitor","17":"product_tag-gaming-mouse","18":"product_tag-guc-kaynagi-psu","19":"product_tag-islemci-cpu","20":"product_tag-klavye","21":"product_tag-laptop","22":"product_tag-masaustu-bilgisayar","23":"product_tag-mekanik-klavye","24":"product_tag-monitor","25":"product_tag-oyun-bilgisayari","26":"product_tag-ssd","27":"pa_marka-brother","29":"first","30":"instock","31":"purchasable","32":"product-type-simple"},"aioseo_notices":[],"_links":{"self":[{"href":"https:\/\/www.a8bilisim.com\/index.php\/wp-json\/wp\/v2\/product\/14045","targetHints":{"allow":["GET"]}}],"collection":[{"href":"https:\/\/www.a8bilisim.com\/index.php\/wp-json\/wp\/v2\/product"}],"about":[{"href":"https:\/\/www.a8bilisim.com\/index.php\/wp-json\/wp\/v2\/types\/product"}],"version-history":[{"count":208,"href":"https:\/\/www.a8bilisim.com\/index.php\/wp-json\/wp\/v2\/product\/14045\/revisions"}],"predecessor-version":[{"id":717719,"href":"https:\/\/www.a8bilisim.com\/index.php\/wp-json\/wp\/v2\/product\/14045\/revisions\/717719"}],"wp:featuredmedia":[{"embeddable":true,"href":"https:\/\/www.a8bilisim.com\/index.php\/wp-json\/wp\/v2\/media\/14047"}],"wp:attachment":[{"href":"https:\/\/www.a8bilisim.com\/index.php\/wp-json\/wp\/v2\/media?parent=14045"}],"wp:term":[{"taxonomy":"product_brand","embeddable":true,"href":"https:\/\/www.a8bilisim.com\/index.php\/wp-json\/wp\/v2\/product_brand?post=14045"},{"taxonomy":"product_cat","embeddable":true,"href":"https:\/\/www.a8bilisim.com\/index.php\/wp-json\/wp\/v2\/product_cat?post=14045"},{"taxonomy":"product_tag","embeddable":true,"href":"https:\/\/www.a8bilisim.com\/index.php\/wp-json\/wp\/v2\/product_tag?post=14045"}],"curies":[{"name":"wp","href":"https:\/\/api.w.org\/{rel}","templated":true}]}}