{"id":14405,"date":"2025-09-30T13:06:03","date_gmt":"2025-09-30T10:06:03","guid":{"rendered":"http:\/\/20.124.82.17\/wordpress\/index.php\/urun\/hikvision-ds-96128ni-i16-4k-128-kanal-nvr-16-sata-h-265-raid-hotswap-guv-prj-0052-ivt36132\/"},"modified":"2025-11-13T05:58:44","modified_gmt":"2025-11-13T02:58:44","slug":"hikvision-ds-96128ni-i16-4k-128-kanal-nvr-16-sata-h-265-raid-hotswap-guv-prj-0052-ivt36132","status":"publish","type":"product","link":"https:\/\/www.a8bilisim.com\/index.php\/urun\/hikvision-ds-96128ni-i16-4k-128-kanal-nvr-16-sata-h-265-raid-hotswap-guv-prj-0052-ivt36132\/","title":{"rendered":"Hikvision DS-96128NI-I16 4K 128 Kanal NVR (16 SATA, H.265+, RAID, HotSwap) \/ guv.prj.0052-IVT36132"},"content":{"rendered":"<p>\u00dcr\u00fcn Ad\u0131: Hikvision DS-96128NI-I16 4K 128 Kanal NVR (16 SATA, H.265+, RAID, HotSwap)<\/p>\n<p>Stok No: IVT36132<\/p>\n<p>Stok Kodu:guv.prj.0052<\/p>\n<p>Kategori Ad\u0131: 128 Kanal<\/p>\n<p>Marka:\u00a0 Hikvision<\/p>\n<p>EAN Kodu: <\/p>\n<p><strong>Stoklar\u0131m\u0131zdaki Anl\u0131k De\u011fi\u015fimlerden Dolay\u0131 \u0130stedi\u011finiz \u00fcr\u00fcn\u00fcn stokta kalmamas\u0131 durumunda sipari\u015finiz iptal edilip \u00dccretiniz iade edilecek ve konu hakk\u0131nda size bilgi verilecektir.<\/strong><\/p>\n<p>Son G\u00fcncellenme Tarihi :13-11-2025 00:36<\/p>\n<p>&nbsp;<\/p>\n","protected":false},"excerpt":{"rendered":"<p>Hikvision DS-96128NI-I16 4K 128 Kanal NVR (16 SATA, H.265+, RAID, HotSwap) &#8211; Stok Kodu:guv.prj.0052 -IVT36132 &#8211; 128 Kanal. Son G\u00fcncellenme Tarihi :13-11-2025 00:36<\/p>\n","protected":false},"featured_media":14407,"template":"","meta":{"_monsterinsights_skip_tracking":false,"_monsterinsights_sitenote_active":false,"_monsterinsights_sitenote_note":"","_monsterinsights_sitenote_category":0,"_joinchat":[]},"product_brand":[373],"product_cat":[375],"product_tag":[127,128,129,130,131,132,133,134,135,136,137,138,139,140,141,142,143,144,145],"class_list":{"0":"post-14405","1":"product","2":"type-product","3":"status-publish","4":"has-post-thumbnail","6":"product_brand-hikvision","7":"product_cat-gvenlik-kayt-cihazlar","8":"product_tag-anakart","9":"product_tag-bilgisayar","10":"product_tag-bilgisayar-bilesenleri","11":"product_tag-bilgisayar-parcalari","12":"product_tag-dizustu-bilgisayar","13":"product_tag-ekran-karti","14":"product_tag-gaming-bilgisayar","15":"product_tag-gaming-laptop","16":"product_tag-gaming-monitor","17":"product_tag-gaming-mouse","18":"product_tag-guc-kaynagi-psu","19":"product_tag-islemci-cpu","20":"product_tag-klavye","21":"product_tag-laptop","22":"product_tag-masaustu-bilgisayar","23":"product_tag-mekanik-klavye","24":"product_tag-monitor","25":"product_tag-oyun-bilgisayari","26":"product_tag-ssd","27":"pa_marka-hikvision","29":"first","30":"outofstock","31":"purchasable","32":"product-type-simple"},"aioseo_notices":[],"_links":{"self":[{"href":"https:\/\/www.a8bilisim.com\/index.php\/wp-json\/wp\/v2\/product\/14405","targetHints":{"allow":["GET"]}}],"collection":[{"href":"https:\/\/www.a8bilisim.com\/index.php\/wp-json\/wp\/v2\/product"}],"about":[{"href":"https:\/\/www.a8bilisim.com\/index.php\/wp-json\/wp\/v2\/types\/product"}],"version-history":[{"count":43,"href":"https:\/\/www.a8bilisim.com\/index.php\/wp-json\/wp\/v2\/product\/14405\/revisions"}],"predecessor-version":[{"id":205734,"href":"https:\/\/www.a8bilisim.com\/index.php\/wp-json\/wp\/v2\/product\/14405\/revisions\/205734"}],"wp:featuredmedia":[{"embeddable":true,"href":"https:\/\/www.a8bilisim.com\/index.php\/wp-json\/wp\/v2\/media\/14407"}],"wp:attachment":[{"href":"https:\/\/www.a8bilisim.com\/index.php\/wp-json\/wp\/v2\/media?parent=14405"}],"wp:term":[{"taxonomy":"product_brand","embeddable":true,"href":"https:\/\/www.a8bilisim.com\/index.php\/wp-json\/wp\/v2\/product_brand?post=14405"},{"taxonomy":"product_cat","embeddable":true,"href":"https:\/\/www.a8bilisim.com\/index.php\/wp-json\/wp\/v2\/product_cat?post=14405"},{"taxonomy":"product_tag","embeddable":true,"href":"https:\/\/www.a8bilisim.com\/index.php\/wp-json\/wp\/v2\/product_tag?post=14405"}],"curies":[{"name":"wp","href":"https:\/\/api.w.org\/{rel}","templated":true}]}}