{"id":14912,"date":"2025-09-30T13:14:24","date_gmt":"2025-09-30T10:14:24","guid":{"rendered":"http:\/\/20.124.82.17\/wordpress\/index.php\/urun\/tp-link-tl-sf1009p-9-port-10-100-mbps-desktop-switch-with-8-port-poe-65w-netw-poe-0059-ivt40395\/"},"modified":"2026-01-02T05:08:27","modified_gmt":"2026-01-02T02:08:27","slug":"tp-link-tl-sf1009p-9-port-10-100-mbps-desktop-switch-with-8-port-poe-65w-netw-poe-0059-ivt40395","status":"publish","type":"product","link":"https:\/\/www.a8bilisim.com\/index.php\/urun\/tp-link-tl-sf1009p-9-port-10-100-mbps-desktop-switch-with-8-port-poe-65w-netw-poe-0059-ivt40395\/","title":{"rendered":"Tp-Link TL-SF1009P 9-Port 10\/100 Mbps Desktop Switch with 8-Port PoE+ (65W) \/ netw.poe.0059-IVT40395"},"content":{"rendered":"<p>\u00dcr\u00fcn Ad\u0131: Tp-Link TL-SF1009P 9-Port 10\/100 Mbps Desktop Switch with 8-Port PoE+ (65W)<\/p>\n<p>Stok No: IVT40395<\/p>\n<p>Stok Kodu:netw.poe.0059<\/p>\n<p>Kategori Ad\u0131: PoE Switch<\/p>\n<p>Marka:\u00a0 Tp-Link<\/p>\n<p>EAN Kodu: <\/p>\n<p><strong>Stoklar\u0131m\u0131zdaki Anl\u0131k De\u011fi\u015fimlerden Dolay\u0131 \u0130stedi\u011finiz \u00fcr\u00fcn\u00fcn stokta kalmamas\u0131 durumunda sipari\u015finiz iptal edilip \u00dccretiniz iade edilecek ve konu hakk\u0131nda size bilgi verilecektir.<\/strong><\/p>\n<p>Son G\u00fcncellenme Tarihi :02-01-2026 00:36<\/p>\n<p>&nbsp;<\/p>\n","protected":false},"excerpt":{"rendered":"<p>Tp-Link TL-SF1009P 9-Port 10\/100 Mbps Desktop Switch with 8-Port PoE+ (65W) &#8211; Stok Kodu:netw.poe.0059 -IVT40395 &#8211; PoE Switch. Son G\u00fcncellenme Tarihi :02-01-2026 00:36<\/p>\n","protected":false},"featured_media":14914,"template":"","meta":{"_monsterinsights_skip_tracking":false,"_monsterinsights_sitenote_active":false,"_monsterinsights_sitenote_note":"","_monsterinsights_sitenote_category":0,"_joinchat":[]},"product_brand":[359],"product_cat":[257],"product_tag":[127,128,129,130,131,132,133,134,135,136,137,138,139,140,141,142,143,144,145],"class_list":{"0":"post-14912","1":"product","2":"type-product","3":"status-publish","4":"has-post-thumbnail","6":"product_brand-tp-link","7":"product_cat-switch","8":"product_tag-anakart","9":"product_tag-bilgisayar","10":"product_tag-bilgisayar-bilesenleri","11":"product_tag-bilgisayar-parcalari","12":"product_tag-dizustu-bilgisayar","13":"product_tag-ekran-karti","14":"product_tag-gaming-bilgisayar","15":"product_tag-gaming-laptop","16":"product_tag-gaming-monitor","17":"product_tag-gaming-mouse","18":"product_tag-guc-kaynagi-psu","19":"product_tag-islemci-cpu","20":"product_tag-klavye","21":"product_tag-laptop","22":"product_tag-masaustu-bilgisayar","23":"product_tag-mekanik-klavye","24":"product_tag-monitor","25":"product_tag-oyun-bilgisayari","26":"product_tag-ssd","27":"pa_marka-tp-link","29":"first","30":"outofstock","31":"sale","32":"purchasable","33":"product-type-simple"},"aioseo_notices":[],"_links":{"self":[{"href":"https:\/\/www.a8bilisim.com\/index.php\/wp-json\/wp\/v2\/product\/14912","targetHints":{"allow":["GET"]}}],"collection":[{"href":"https:\/\/www.a8bilisim.com\/index.php\/wp-json\/wp\/v2\/product"}],"about":[{"href":"https:\/\/www.a8bilisim.com\/index.php\/wp-json\/wp\/v2\/types\/product"}],"version-history":[{"count":93,"href":"https:\/\/www.a8bilisim.com\/index.php\/wp-json\/wp\/v2\/product\/14912\/revisions"}],"predecessor-version":[{"id":399175,"href":"https:\/\/www.a8bilisim.com\/index.php\/wp-json\/wp\/v2\/product\/14912\/revisions\/399175"}],"wp:featuredmedia":[{"embeddable":true,"href":"https:\/\/www.a8bilisim.com\/index.php\/wp-json\/wp\/v2\/media\/14914"}],"wp:attachment":[{"href":"https:\/\/www.a8bilisim.com\/index.php\/wp-json\/wp\/v2\/media?parent=14912"}],"wp:term":[{"taxonomy":"product_brand","embeddable":true,"href":"https:\/\/www.a8bilisim.com\/index.php\/wp-json\/wp\/v2\/product_brand?post=14912"},{"taxonomy":"product_cat","embeddable":true,"href":"https:\/\/www.a8bilisim.com\/index.php\/wp-json\/wp\/v2\/product_cat?post=14912"},{"taxonomy":"product_tag","embeddable":true,"href":"https:\/\/www.a8bilisim.com\/index.php\/wp-json\/wp\/v2\/product_tag?post=14912"}],"curies":[{"name":"wp","href":"https:\/\/api.w.org\/{rel}","templated":true}]}}