{"id":15065,"date":"2025-09-30T13:17:38","date_gmt":"2025-09-30T10:17:38","guid":{"rendered":"http:\/\/20.124.82.17\/wordpress\/index.php\/urun\/a4-tech-fg1010-2-4g-fn-multimedya-f-klavyeoptik-mouse-2000d-kablosuz-gri-cev-kla-0072-ivt41176\/"},"modified":"2026-01-30T05:12:35","modified_gmt":"2026-01-30T02:12:35","slug":"a4-tech-fg1010-2-4g-fn-multimedya-f-klavyeoptik-mouse-2000d-kablosuz-gri-cev-kla-0072-ivt41176","status":"publish","type":"product","link":"https:\/\/www.a8bilisim.com\/index.php\/urun\/a4-tech-fg1010-2-4g-fn-multimedya-f-klavyeoptik-mouse-2000d-kablosuz-gri-cev-kla-0072-ivt41176\/","title":{"rendered":"A4 Tech FG1010 2.4G FN-Multimedya F Klavye+Optik Mouse 2000D Kablosuz Gri \/ cev.kla.0072-IVT41176"},"content":{"rendered":"<p>\u00dcr\u00fcn Ad\u0131: A4 Tech FG1010 2.4G FN-Multimedya F Klavye+Optik Mouse 2000D Kablosuz Gri<\/p>\n<p><span dir=\"auto\" style=\"vertical-align: inherit;\"><span dir=\"auto\" style=\"vertical-align: inherit;\">Stok No: IVT41176<\/span><\/span><\/p>\n<p>Stok Kodu:cev.kla.0072<\/p>\n<p>Kategori Ad\u0131: Kablosuz K &#038; M Set<\/p>\n<p><span dir=\"auto\" style=\"vertical-align: inherit;\"><span dir=\"auto\" style=\"vertical-align: inherit;\">EAN Kodu: <\/span><\/span><\/p>\n<p><strong>Stoklar\u0131m\u0131zdaki Anl\u0131k De\u011fi\u015fimlerden Dolay\u0131 \u0130stedi\u011finiz \u00fcr\u00fcn\u00fcn stokta kalmamas\u0131 durumunda sipari\u015finiz iptal edilip \u00dccretiniz iade edilecek ve konu hakk\u0131nda size bilgi verilecektir.<\/strong><\/p>\n<p>Son G\u00fcncellenme Tarihi :30-01-2026 00:30<\/p>\n<p>&nbsp;<\/p>\n","protected":false},"excerpt":{"rendered":"<p>A4 Tech FG1010 2.4G FN-Multimedya F Klavye+Optik Mouse 2000D Kablosuz Gri &#8211; Stok Kodu:cev.kla.0072 -IVT41176 &#8211; Kablosuz K &#038; M Set. Son G\u00fcncellenme Tarihi :30-01-2026 00:30<\/p>\n","protected":false},"featured_media":15067,"template":"","meta":{"_monsterinsights_skip_tracking":false,"_monsterinsights_sitenote_active":false,"_monsterinsights_sitenote_note":"","_monsterinsights_sitenote_category":0,"_joinchat":[]},"product_brand":[363],"product_cat":[170],"product_tag":[127,128,129,130,131,132,133,134,135,136,137,138,139,140,141,142,143,144,145],"class_list":{"0":"post-15065","1":"product","2":"type-product","3":"status-publish","4":"has-post-thumbnail","6":"product_brand-a4tech","7":"product_cat-klavye-seti","8":"product_tag-anakart","9":"product_tag-bilgisayar","10":"product_tag-bilgisayar-bilesenleri","11":"product_tag-bilgisayar-parcalari","12":"product_tag-dizustu-bilgisayar","13":"product_tag-ekran-karti","14":"product_tag-gaming-bilgisayar","15":"product_tag-gaming-laptop","16":"product_tag-gaming-monitor","17":"product_tag-gaming-mouse","18":"product_tag-guc-kaynagi-psu","19":"product_tag-islemci-cpu","20":"product_tag-klavye","21":"product_tag-laptop","22":"product_tag-masaustu-bilgisayar","23":"product_tag-mekanik-klavye","24":"product_tag-monitor","25":"product_tag-oyun-bilgisayari","26":"product_tag-ssd","27":"pa_marka-a4tech","29":"first","30":"outofstock","31":"purchasable","32":"product-type-simple"},"aioseo_notices":[],"_links":{"self":[{"href":"https:\/\/www.a8bilisim.com\/index.php\/wp-json\/wp\/v2\/product\/15065","targetHints":{"allow":["GET"]}}],"collection":[{"href":"https:\/\/www.a8bilisim.com\/index.php\/wp-json\/wp\/v2\/product"}],"about":[{"href":"https:\/\/www.a8bilisim.com\/index.php\/wp-json\/wp\/v2\/types\/product"}],"version-history":[{"count":121,"href":"https:\/\/www.a8bilisim.com\/index.php\/wp-json\/wp\/v2\/product\/15065\/revisions"}],"predecessor-version":[{"id":487404,"href":"https:\/\/www.a8bilisim.com\/index.php\/wp-json\/wp\/v2\/product\/15065\/revisions\/487404"}],"wp:featuredmedia":[{"embeddable":true,"href":"https:\/\/www.a8bilisim.com\/index.php\/wp-json\/wp\/v2\/media\/15067"}],"wp:attachment":[{"href":"https:\/\/www.a8bilisim.com\/index.php\/wp-json\/wp\/v2\/media?parent=15065"}],"wp:term":[{"taxonomy":"product_brand","embeddable":true,"href":"https:\/\/www.a8bilisim.com\/index.php\/wp-json\/wp\/v2\/product_brand?post=15065"},{"taxonomy":"product_cat","embeddable":true,"href":"https:\/\/www.a8bilisim.com\/index.php\/wp-json\/wp\/v2\/product_cat?post=15065"},{"taxonomy":"product_tag","embeddable":true,"href":"https:\/\/www.a8bilisim.com\/index.php\/wp-json\/wp\/v2\/product_tag?post=15065"}],"curies":[{"name":"wp","href":"https:\/\/api.w.org\/{rel}","templated":true}]}}