{"id":15071,"date":"2025-09-30T13:17:38","date_gmt":"2025-09-30T10:17:38","guid":{"rendered":"http:\/\/20.124.82.17\/wordpress\/index.php\/urun\/hikvision-ds-3e0326p-e-mb-24-port-poe-250w-10-100mpps-1xgb1xsfp-uplink-netw-poe-0068-ivt41335\/"},"modified":"2026-04-30T06:06:39","modified_gmt":"2026-04-30T03:06:39","slug":"hikvision-ds-3e0326p-e-mb-24-port-poe-250w-10-100mpps-1xgb1xsfp-uplink-netw-poe-0068-ivt41335","status":"publish","type":"product","link":"https:\/\/www.a8bilisim.com\/index.php\/urun\/hikvision-ds-3e0326p-e-mb-24-port-poe-250w-10-100mpps-1xgb1xsfp-uplink-netw-poe-0068-ivt41335\/","title":{"rendered":"Hikvision DS-3E0326P-E\/M(B) 24 Port PoE (250W) 10\/100Mpps + 1xGB,1xSFP Uplink \/ netw.poe.0068-IVT41335"},"content":{"rendered":"<p>\u00dcr\u00fcn Ad\u0131: Hikvision DS-3E0326P-E\/M(B) 24 Port PoE (250W) 10\/100Mpps + 1xGB,1xSFP Uplink<\/p>\n<p><span dir=\"auto\" style=\"vertical-align: inherit;\"><span dir=\"auto\" style=\"vertical-align: inherit;\">Stok No: IVT41335<\/span><\/span><\/p>\n<p>Stok Kodu:netw.poe.0068<\/p>\n<p>Kategori Ad\u0131: PoE Switch<\/p>\n<p><span dir=\"auto\" style=\"vertical-align: inherit;\"><span dir=\"auto\" style=\"vertical-align: inherit;\">EAN Kodu: <\/span><\/span><\/p>\n<p><strong>Stoklar\u0131m\u0131zdaki Anl\u0131k De\u011fi\u015fimlerden Dolay\u0131 \u0130stedi\u011finiz \u00fcr\u00fcn\u00fcn stokta kalmamas\u0131 durumunda sipari\u015finiz iptal edilip \u00dccretiniz iade edilecek ve konu hakk\u0131nda size bilgi verilecektir.<\/strong><\/p>\n<p>Son G\u00fcncellenme Tarihi :30-04-2026 02:36<\/p>\n<p>&nbsp;<\/p>\n","protected":false},"excerpt":{"rendered":"<p>Hikvision DS-3E0326P-E\/M(B) 24 Port PoE (250W) 10\/100Mpps + 1xGB,1xSFP Uplink &#8211; Stok Kodu:netw.poe.0068 -IVT41335 &#8211; PoE Switch. Son G\u00fcncellenme Tarihi :30-04-2026 02:36<\/p>\n","protected":false},"featured_media":15073,"template":"","meta":{"_monsterinsights_skip_tracking":false,"_monsterinsights_sitenote_active":false,"_monsterinsights_sitenote_note":"","_monsterinsights_sitenote_category":0,"_joinchat":[]},"product_brand":[373],"product_cat":[257],"product_tag":[127,128,129,130,131,132,133,134,135,136,137,138,139,140,141,142,143,144,145],"class_list":{"0":"post-15071","1":"product","2":"type-product","3":"status-publish","4":"has-post-thumbnail","6":"product_brand-hikvision","7":"product_cat-switch","8":"product_tag-anakart","9":"product_tag-bilgisayar","10":"product_tag-bilgisayar-bilesenleri","11":"product_tag-bilgisayar-parcalari","12":"product_tag-dizustu-bilgisayar","13":"product_tag-ekran-karti","14":"product_tag-gaming-bilgisayar","15":"product_tag-gaming-laptop","16":"product_tag-gaming-monitor","17":"product_tag-gaming-mouse","18":"product_tag-guc-kaynagi-psu","19":"product_tag-islemci-cpu","20":"product_tag-klavye","21":"product_tag-laptop","22":"product_tag-masaustu-bilgisayar","23":"product_tag-mekanik-klavye","24":"product_tag-monitor","25":"product_tag-oyun-bilgisayari","26":"product_tag-ssd","27":"pa_marka-hikvision","29":"first","30":"instock","31":"sale","32":"purchasable","33":"product-type-simple"},"aioseo_notices":[],"_links":{"self":[{"href":"https:\/\/www.a8bilisim.com\/index.php\/wp-json\/wp\/v2\/product\/15071","targetHints":{"allow":["GET"]}}],"collection":[{"href":"https:\/\/www.a8bilisim.com\/index.php\/wp-json\/wp\/v2\/product"}],"about":[{"href":"https:\/\/www.a8bilisim.com\/index.php\/wp-json\/wp\/v2\/types\/product"}],"version-history":[{"count":208,"href":"https:\/\/www.a8bilisim.com\/index.php\/wp-json\/wp\/v2\/product\/15071\/revisions"}],"predecessor-version":[{"id":717997,"href":"https:\/\/www.a8bilisim.com\/index.php\/wp-json\/wp\/v2\/product\/15071\/revisions\/717997"}],"wp:featuredmedia":[{"embeddable":true,"href":"https:\/\/www.a8bilisim.com\/index.php\/wp-json\/wp\/v2\/media\/15073"}],"wp:attachment":[{"href":"https:\/\/www.a8bilisim.com\/index.php\/wp-json\/wp\/v2\/media?parent=15071"}],"wp:term":[{"taxonomy":"product_brand","embeddable":true,"href":"https:\/\/www.a8bilisim.com\/index.php\/wp-json\/wp\/v2\/product_brand?post=15071"},{"taxonomy":"product_cat","embeddable":true,"href":"https:\/\/www.a8bilisim.com\/index.php\/wp-json\/wp\/v2\/product_cat?post=15071"},{"taxonomy":"product_tag","embeddable":true,"href":"https:\/\/www.a8bilisim.com\/index.php\/wp-json\/wp\/v2\/product_tag?post=15071"}],"curies":[{"name":"wp","href":"https:\/\/api.w.org\/{rel}","templated":true}]}}