{"id":15389,"date":"2025-09-30T13:23:03","date_gmt":"2025-09-30T10:23:03","guid":{"rendered":"http:\/\/20.124.82.17\/wordpress\/index.php\/urun\/kingston-16gb-3200mhz-ddr4-cl22-ram-kvr32n22s8-16-bbi-isl-bel-mas-0024-ivt42632\/"},"modified":"2025-09-30T13:24:00","modified_gmt":"2025-09-30T10:24:00","slug":"kingston-16gb-3200mhz-ddr4-cl22-ram-kvr32n22s8-16-bbi-isl-bel-mas-0024-ivt42632","status":"publish","type":"product","link":"https:\/\/www.a8bilisim.com\/index.php\/urun\/kingston-16gb-3200mhz-ddr4-cl22-ram-kvr32n22s8-16-bbi-isl-bel-mas-0024-ivt42632\/","title":{"rendered":"Kingston 16GB 3200MHz DDR4 CL22 Ram (KVR32N22S8\/16) \/ Bbi.Isl.Bel.Mas.0024-IVT42632"},"content":{"rendered":"<p>\u00dcr\u00fcn Ad\u0131: Kingston 16GB 3200MHz DDR4 CL22 Ram (KVR32N22S8\/16)<\/p>\n<p>Stok No: IVT42632<\/p>\n<p>Stok Kodu:Bbi.Isl.Bel.Mas.0024<\/p>\n<p>Kategori Ad\u0131: Masa&#xFC;st&#xFC; Bellek<\/p>\n<p>Marka:\u00a0 Kingston<\/p>\n<p>EAN Kodu: <\/p>\n<p><strong>Stoklar\u0131m\u0131zdaki Anl\u0131k De\u011fi\u015fimlerden Dolay\u0131 \u0130stedi\u011finiz \u00fcr\u00fcn\u00fcn stokta kalmamas\u0131 durumunda sipari\u015finiz iptal edilip \u00dccretiniz iade edilecek ve konu hakk\u0131nda size bilgi verilecektir.<\/strong><\/p>\n<p>Son G\u00fcncellenme Tarihi :30-09-2025 08:36<\/p>\n<p>&nbsp;<\/p>\n","protected":false},"excerpt":{"rendered":"<p>Kingston 16GB 3200MHz DDR4 CL22 Ram (KVR32N22S8\/16) &#8211; Stok Kodu:Bbi.Isl.Bel.Mas.0024 -IVT42632 &#8211; Masa&#xFC;st&#xFC; Bellek. Son G\u00fcncellenme Tarihi :30-09-2025 08:36<\/p>\n","protected":false},"featured_media":15391,"template":"","meta":{"_monsterinsights_skip_tracking":false,"_monsterinsights_sitenote_active":false,"_monsterinsights_sitenote_note":"","_monsterinsights_sitenote_category":0,"_joinchat":[]},"product_brand":[282],"product_cat":[204],"product_tag":[127,128,129,130,131,132,133,134,135,136,137,138,139,140,141,142,143,144,145],"class_list":{"0":"post-15389","1":"product","2":"type-product","3":"status-publish","4":"has-post-thumbnail","6":"product_brand-kingston","7":"product_cat-bellek","8":"product_tag-anakart","9":"product_tag-bilgisayar","10":"product_tag-bilgisayar-bilesenleri","11":"product_tag-bilgisayar-parcalari","12":"product_tag-dizustu-bilgisayar","13":"product_tag-ekran-karti","14":"product_tag-gaming-bilgisayar","15":"product_tag-gaming-laptop","16":"product_tag-gaming-monitor","17":"product_tag-gaming-mouse","18":"product_tag-guc-kaynagi-psu","19":"product_tag-islemci-cpu","20":"product_tag-klavye","21":"product_tag-laptop","22":"product_tag-masaustu-bilgisayar","23":"product_tag-mekanik-klavye","24":"product_tag-monitor","25":"product_tag-oyun-bilgisayari","26":"product_tag-ssd","27":"pa_marka-kingston","29":"first","30":"outofstock","31":"sale","32":"purchasable","33":"product-type-simple"},"aioseo_notices":[],"_links":{"self":[{"href":"https:\/\/www.a8bilisim.com\/index.php\/wp-json\/wp\/v2\/product\/15389","targetHints":{"allow":["GET"]}}],"collection":[{"href":"https:\/\/www.a8bilisim.com\/index.php\/wp-json\/wp\/v2\/product"}],"about":[{"href":"https:\/\/www.a8bilisim.com\/index.php\/wp-json\/wp\/v2\/types\/product"}],"version-history":[{"count":1,"href":"https:\/\/www.a8bilisim.com\/index.php\/wp-json\/wp\/v2\/product\/15389\/revisions"}],"predecessor-version":[{"id":15390,"href":"https:\/\/www.a8bilisim.com\/index.php\/wp-json\/wp\/v2\/product\/15389\/revisions\/15390"}],"wp:featuredmedia":[{"embeddable":true,"href":"https:\/\/www.a8bilisim.com\/index.php\/wp-json\/wp\/v2\/media\/15391"}],"wp:attachment":[{"href":"https:\/\/www.a8bilisim.com\/index.php\/wp-json\/wp\/v2\/media?parent=15389"}],"wp:term":[{"taxonomy":"product_brand","embeddable":true,"href":"https:\/\/www.a8bilisim.com\/index.php\/wp-json\/wp\/v2\/product_brand?post=15389"},{"taxonomy":"product_cat","embeddable":true,"href":"https:\/\/www.a8bilisim.com\/index.php\/wp-json\/wp\/v2\/product_cat?post=15389"},{"taxonomy":"product_tag","embeddable":true,"href":"https:\/\/www.a8bilisim.com\/index.php\/wp-json\/wp\/v2\/product_tag?post=15389"}],"curies":[{"name":"wp","href":"https:\/\/api.w.org\/{rel}","templated":true}]}}