{"id":15442,"date":"2025-09-30T13:24:06","date_gmt":"2025-09-30T10:24:06","guid":{"rendered":"http:\/\/20.124.82.17\/wordpress\/index.php\/urun\/kingston-4gb-1600mhz-ddr3-sodimm-cl11-1-35v-kvr16ls11-4wp-bbi-isl-bel-not-0009-ivt42937\/"},"modified":"2025-11-04T06:12:32","modified_gmt":"2025-11-04T03:12:32","slug":"kingston-4gb-1600mhz-ddr3-sodimm-cl11-1-35v-kvr16ls11-4wp-bbi-isl-bel-not-0009-ivt42937","status":"publish","type":"product","link":"https:\/\/www.a8bilisim.com\/index.php\/urun\/kingston-4gb-1600mhz-ddr3-sodimm-cl11-1-35v-kvr16ls11-4wp-bbi-isl-bel-not-0009-ivt42937\/","title":{"rendered":"Kingston 4GB 1600MHz DDR3 SODIMM CL11 1.35V (KVR16LS11\/4WP) \/ Bbi.Isl.Bel.Not.0009-IVT42937"},"content":{"rendered":"<p>\u00dcr\u00fcn Ad\u0131: Kingston 4GB 1600MHz DDR3 SODIMM CL11 1.35V (KVR16LS11\/4WP)<\/p>\n<p>Stok No: IVT42937<\/p>\n<p>Stok Kodu:Bbi.Isl.Bel.Not.0009<\/p>\n<p>Kategori Ad\u0131: Notebook Bellek<\/p>\n<p>Marka:\u00a0 Kingston<\/p>\n<p>EAN Kodu: <\/p>\n<p><strong>Stoklar\u0131m\u0131zdaki Anl\u0131k De\u011fi\u015fimlerden Dolay\u0131 \u0130stedi\u011finiz \u00fcr\u00fcn\u00fcn stokta kalmamas\u0131 durumunda sipari\u015finiz iptal edilip \u00dccretiniz iade edilecek ve konu hakk\u0131nda size bilgi verilecektir.<\/strong><\/p>\n<p>Son G\u00fcncellenme Tarihi :04-11-2025 00:36<\/p>\n<p>&nbsp;<\/p>\n","protected":false},"excerpt":{"rendered":"<p>Kingston 4GB 1600MHz DDR3 SODIMM CL11 1.35V (KVR16LS11\/4WP) &#8211; Stok Kodu:Bbi.Isl.Bel.Not.0009 -IVT42937 &#8211; Notebook Bellek. Son G\u00fcncellenme Tarihi :04-11-2025 00:36<\/p>\n","protected":false},"featured_media":15444,"template":"","meta":{"_monsterinsights_skip_tracking":false,"_monsterinsights_sitenote_active":false,"_monsterinsights_sitenote_note":"","_monsterinsights_sitenote_category":0,"_joinchat":[]},"product_brand":[282],"product_cat":[204],"product_tag":[127,128,129,130,131,132,133,134,135,136,137,138,139,140,141,142,143,144,145],"class_list":{"0":"post-15442","1":"product","2":"type-product","3":"status-publish","4":"has-post-thumbnail","6":"product_brand-kingston","7":"product_cat-bellek","8":"product_tag-anakart","9":"product_tag-bilgisayar","10":"product_tag-bilgisayar-bilesenleri","11":"product_tag-bilgisayar-parcalari","12":"product_tag-dizustu-bilgisayar","13":"product_tag-ekran-karti","14":"product_tag-gaming-bilgisayar","15":"product_tag-gaming-laptop","16":"product_tag-gaming-monitor","17":"product_tag-gaming-mouse","18":"product_tag-guc-kaynagi-psu","19":"product_tag-islemci-cpu","20":"product_tag-klavye","21":"product_tag-laptop","22":"product_tag-masaustu-bilgisayar","23":"product_tag-mekanik-klavye","24":"product_tag-monitor","25":"product_tag-oyun-bilgisayari","26":"product_tag-ssd","27":"pa_marka-kingston","29":"first","30":"outofstock","31":"sale","32":"purchasable","33":"product-type-simple"},"aioseo_notices":[],"_links":{"self":[{"href":"https:\/\/www.a8bilisim.com\/index.php\/wp-json\/wp\/v2\/product\/15442","targetHints":{"allow":["GET"]}}],"collection":[{"href":"https:\/\/www.a8bilisim.com\/index.php\/wp-json\/wp\/v2\/product"}],"about":[{"href":"https:\/\/www.a8bilisim.com\/index.php\/wp-json\/wp\/v2\/types\/product"}],"version-history":[{"count":34,"href":"https:\/\/www.a8bilisim.com\/index.php\/wp-json\/wp\/v2\/product\/15442\/revisions"}],"predecessor-version":[{"id":169480,"href":"https:\/\/www.a8bilisim.com\/index.php\/wp-json\/wp\/v2\/product\/15442\/revisions\/169480"}],"wp:featuredmedia":[{"embeddable":true,"href":"https:\/\/www.a8bilisim.com\/index.php\/wp-json\/wp\/v2\/media\/15444"}],"wp:attachment":[{"href":"https:\/\/www.a8bilisim.com\/index.php\/wp-json\/wp\/v2\/media?parent=15442"}],"wp:term":[{"taxonomy":"product_brand","embeddable":true,"href":"https:\/\/www.a8bilisim.com\/index.php\/wp-json\/wp\/v2\/product_brand?post=15442"},{"taxonomy":"product_cat","embeddable":true,"href":"https:\/\/www.a8bilisim.com\/index.php\/wp-json\/wp\/v2\/product_cat?post=15442"},{"taxonomy":"product_tag","embeddable":true,"href":"https:\/\/www.a8bilisim.com\/index.php\/wp-json\/wp\/v2\/product_tag?post=15442"}],"curies":[{"name":"wp","href":"https:\/\/api.w.org\/{rel}","templated":true}]}}