{"id":15769,"date":"2025-09-30T13:30:20","date_gmt":"2025-09-30T10:30:20","guid":{"rendered":"http:\/\/20.124.82.17\/wordpress\/index.php\/urun\/epson-l11160-ecotank-tankl-sistem-a3-yazc-wifi-eth-c11cj04403-bas-ink-tan-0023-ivt43573\/"},"modified":"2026-02-25T05:10:50","modified_gmt":"2026-02-25T02:10:50","slug":"epson-l11160-ecotank-tankl-sistem-a3-yazc-wifi-eth-c11cj04403-bas-ink-tan-0023-ivt43573","status":"publish","type":"product","link":"https:\/\/www.a8bilisim.com\/index.php\/urun\/epson-l11160-ecotank-tankl-sistem-a3-yazc-wifi-eth-c11cj04403-bas-ink-tan-0023-ivt43573\/","title":{"rendered":"Epson EcoTank L11160 A3 (Yaz&#x131;c&#x131;+Wifi+Eth) Is&#x131;s&#x131;z Bask&#x131; M&#xFC;rekkep Tank- C11CJ04403 \/ Bas.Ink.Tan.0023-IVT43573"},"content":{"rendered":"<p>\u00dcr\u00fcn Ad\u0131: Epson EcoTank L11160 A3 (Yaz&#x131;c&#x131;+Wifi+Eth) Is&#x131;s&#x131;z Bask&#x131; M&#xFC;rekkep Tank- C11CJ04403<\/p>\n<p><span dir=\"auto\" style=\"vertical-align: inherit;\"><span dir=\"auto\" style=\"vertical-align: inherit;\">Stok No: IVT43573<\/span><\/span><\/p>\n<p>Stok Kodu:Bas.Ink.Tan.0023<\/p>\n<p>Kategori Ad\u0131: Tankl&#x131; Inkjet<\/p>\n<p><span dir=\"auto\" style=\"vertical-align: inherit;\"><span dir=\"auto\" style=\"vertical-align: inherit;\">EAN Kodu: <\/span><\/span><\/p>\n<p><strong>Stoklar\u0131m\u0131zdaki Anl\u0131k De\u011fi\u015fimlerden Dolay\u0131 \u0130stedi\u011finiz \u00fcr\u00fcn\u00fcn stokta kalmamas\u0131 durumunda sipari\u015finiz iptal edilip \u00dccretiniz iade edilecek ve konu hakk\u0131nda size bilgi verilecektir.<\/strong><\/p>\n<p>Son G\u00fcncellenme Tarihi :25-02-2026 00:36<\/p>\n<p>&nbsp;<\/p>\n","protected":false},"excerpt":{"rendered":"<p>Epson EcoTank L11160 A3 (Yaz&#x131;c&#x131;+Wifi+Eth) Is&#x131;s&#x131;z Bask&#x131; M&#xFC;rekkep Tank- C11CJ04403 &#8211; Stok Kodu:Bas.Ink.Tan.0023 -IVT43573 &#8211; Tankl&#x131; Inkjet. Son G\u00fcncellenme Tarihi :25-02-2026 00:36<\/p>\n","protected":false},"featured_media":15771,"template":"","meta":{"_monsterinsights_skip_tracking":false,"_monsterinsights_sitenote_active":false,"_monsterinsights_sitenote_note":"","_monsterinsights_sitenote_category":0,"_joinchat":[]},"product_brand":[263],"product_cat":[234],"product_tag":[127,128,129,130,131,132,133,134,135,136,137,138,139,140,141,142,143,144,145],"class_list":{"0":"post-15769","1":"product","2":"type-product","3":"status-publish","4":"has-post-thumbnail","6":"product_brand-epson","7":"product_cat-yazc","8":"product_tag-anakart","9":"product_tag-bilgisayar","10":"product_tag-bilgisayar-bilesenleri","11":"product_tag-bilgisayar-parcalari","12":"product_tag-dizustu-bilgisayar","13":"product_tag-ekran-karti","14":"product_tag-gaming-bilgisayar","15":"product_tag-gaming-laptop","16":"product_tag-gaming-monitor","17":"product_tag-gaming-mouse","18":"product_tag-guc-kaynagi-psu","19":"product_tag-islemci-cpu","20":"product_tag-klavye","21":"product_tag-laptop","22":"product_tag-masaustu-bilgisayar","23":"product_tag-mekanik-klavye","24":"product_tag-monitor","25":"product_tag-oyun-bilgisayari","26":"product_tag-ssd","27":"pa_marka-epson","29":"first","30":"outofstock","31":"sale","32":"purchasable","33":"product-type-simple"},"aioseo_notices":[],"_links":{"self":[{"href":"https:\/\/www.a8bilisim.com\/index.php\/wp-json\/wp\/v2\/product\/15769","targetHints":{"allow":["GET"]}}],"collection":[{"href":"https:\/\/www.a8bilisim.com\/index.php\/wp-json\/wp\/v2\/product"}],"about":[{"href":"https:\/\/www.a8bilisim.com\/index.php\/wp-json\/wp\/v2\/types\/product"}],"version-history":[{"count":148,"href":"https:\/\/www.a8bilisim.com\/index.php\/wp-json\/wp\/v2\/product\/15769\/revisions"}],"predecessor-version":[{"id":560385,"href":"https:\/\/www.a8bilisim.com\/index.php\/wp-json\/wp\/v2\/product\/15769\/revisions\/560385"}],"wp:featuredmedia":[{"embeddable":true,"href":"https:\/\/www.a8bilisim.com\/index.php\/wp-json\/wp\/v2\/media\/15771"}],"wp:attachment":[{"href":"https:\/\/www.a8bilisim.com\/index.php\/wp-json\/wp\/v2\/media?parent=15769"}],"wp:term":[{"taxonomy":"product_brand","embeddable":true,"href":"https:\/\/www.a8bilisim.com\/index.php\/wp-json\/wp\/v2\/product_brand?post=15769"},{"taxonomy":"product_cat","embeddable":true,"href":"https:\/\/www.a8bilisim.com\/index.php\/wp-json\/wp\/v2\/product_cat?post=15769"},{"taxonomy":"product_tag","embeddable":true,"href":"https:\/\/www.a8bilisim.com\/index.php\/wp-json\/wp\/v2\/product_tag?post=15769"}],"curies":[{"name":"wp","href":"https:\/\/api.w.org\/{rel}","templated":true}]}}