{"id":16297,"date":"2025-09-30T13:39:30","date_gmt":"2025-09-30T10:39:30","guid":{"rendered":"http:\/\/20.124.82.17\/wordpress\/index.php\/urun\/ruijie-reyee-rg-rap6262g-ax1800-2-4-5ghz-poe-wi-fi-6-adaptrsz-out-mesh-ap-net-acc-dis-0012-ivt44660\/"},"modified":"2026-04-30T06:08:18","modified_gmt":"2026-04-30T03:08:18","slug":"ruijie-reyee-rg-rap6262g-ax1800-2-4-5ghz-poe-wi-fi-6-adaptrsz-out-mesh-ap-net-acc-dis-0012-ivt44660","status":"publish","type":"product","link":"https:\/\/www.a8bilisim.com\/index.php\/urun\/ruijie-reyee-rg-rap6262g-ax1800-2-4-5ghz-poe-wi-fi-6-adaptrsz-out-mesh-ap-net-acc-dis-0012-ivt44660\/","title":{"rendered":"Ruijie Reyee RG-RAP6262(G) AX1800 2.4\/5GHz PoE Wi-Fi 6 Adapt&#xF6;rs&#xFC;z Out. Mesh AP \/ Net.Acc.Dis.0012-IVT44660"},"content":{"rendered":"<p>\u00dcr\u00fcn Ad\u0131: Ruijie Reyee RG-RAP6262(G) AX1800 2.4\/5GHz PoE Wi-Fi 6 Adapt&#xF6;rs&#xFC;z Out. Mesh AP<\/p>\n<p><span dir=\"auto\" style=\"vertical-align: inherit;\"><span dir=\"auto\" style=\"vertical-align: inherit;\">Stok No: IVT44660<\/span><\/span><\/p>\n<p>Stok Kodu:Net.Acc.Dis.0012<\/p>\n<p>Kategori Ad\u0131: Access Point OutDoor<\/p>\n<p><span dir=\"auto\" style=\"vertical-align: inherit;\"><span dir=\"auto\" style=\"vertical-align: inherit;\">EAN Kodu: <\/span><\/span><\/p>\n<p><strong>Stoklar\u0131m\u0131zdaki Anl\u0131k De\u011fi\u015fimlerden Dolay\u0131 \u0130stedi\u011finiz \u00fcr\u00fcn\u00fcn stokta kalmamas\u0131 durumunda sipari\u015finiz iptal edilip \u00dccretiniz iade edilecek ve konu hakk\u0131nda size bilgi verilecektir.<\/strong><\/p>\n<p>Son G\u00fcncellenme Tarihi :30-04-2026 02:36<\/p>\n<p>&nbsp;<\/p>\n","protected":false},"excerpt":{"rendered":"<p>Ruijie Reyee RG-RAP6262(G) AX1800 2.4\/5GHz PoE Wi-Fi 6 Adapt&#xF6;rs&#xFC;z Out. Mesh AP &#8211; Stok Kodu:Net.Acc.Dis.0012 -IVT44660 &#8211; Access Point OutDoor. Son G\u00fcncellenme Tarihi :30-04-2026 02:36<\/p>\n","protected":false},"featured_media":16299,"template":"","meta":{"_monsterinsights_skip_tracking":false,"_monsterinsights_sitenote_active":false,"_monsterinsights_sitenote_note":"","_monsterinsights_sitenote_category":0,"_joinchat":[]},"product_brand":[403],"product_cat":[210],"product_tag":[127,128,129,130,131,132,133,134,135,136,137,138,139,140,141,142,143,144,145],"class_list":{"0":"post-16297","1":"product","2":"type-product","3":"status-publish","4":"has-post-thumbnail","6":"product_brand-rujie","7":"product_cat-access-point","8":"product_tag-anakart","9":"product_tag-bilgisayar","10":"product_tag-bilgisayar-bilesenleri","11":"product_tag-bilgisayar-parcalari","12":"product_tag-dizustu-bilgisayar","13":"product_tag-ekran-karti","14":"product_tag-gaming-bilgisayar","15":"product_tag-gaming-laptop","16":"product_tag-gaming-monitor","17":"product_tag-gaming-mouse","18":"product_tag-guc-kaynagi-psu","19":"product_tag-islemci-cpu","20":"product_tag-klavye","21":"product_tag-laptop","22":"product_tag-masaustu-bilgisayar","23":"product_tag-mekanik-klavye","24":"product_tag-monitor","25":"product_tag-oyun-bilgisayari","26":"product_tag-ssd","27":"pa_marka-rujie","29":"first","30":"outofstock","31":"sale","32":"purchasable","33":"product-type-simple"},"aioseo_notices":[],"_links":{"self":[{"href":"https:\/\/www.a8bilisim.com\/index.php\/wp-json\/wp\/v2\/product\/16297","targetHints":{"allow":["GET"]}}],"collection":[{"href":"https:\/\/www.a8bilisim.com\/index.php\/wp-json\/wp\/v2\/product"}],"about":[{"href":"https:\/\/www.a8bilisim.com\/index.php\/wp-json\/wp\/v2\/types\/product"}],"version-history":[{"count":208,"href":"https:\/\/www.a8bilisim.com\/index.php\/wp-json\/wp\/v2\/product\/16297\/revisions"}],"predecessor-version":[{"id":718286,"href":"https:\/\/www.a8bilisim.com\/index.php\/wp-json\/wp\/v2\/product\/16297\/revisions\/718286"}],"wp:featuredmedia":[{"embeddable":true,"href":"https:\/\/www.a8bilisim.com\/index.php\/wp-json\/wp\/v2\/media\/16299"}],"wp:attachment":[{"href":"https:\/\/www.a8bilisim.com\/index.php\/wp-json\/wp\/v2\/media?parent=16297"}],"wp:term":[{"taxonomy":"product_brand","embeddable":true,"href":"https:\/\/www.a8bilisim.com\/index.php\/wp-json\/wp\/v2\/product_brand?post=16297"},{"taxonomy":"product_cat","embeddable":true,"href":"https:\/\/www.a8bilisim.com\/index.php\/wp-json\/wp\/v2\/product_cat?post=16297"},{"taxonomy":"product_tag","embeddable":true,"href":"https:\/\/www.a8bilisim.com\/index.php\/wp-json\/wp\/v2\/product_tag?post=16297"}],"curies":[{"name":"wp","href":"https:\/\/api.w.org\/{rel}","templated":true}]}}