{"id":16303,"date":"2025-09-30T13:39:30","date_gmt":"2025-09-30T10:39:30","guid":{"rendered":"http:\/\/20.124.82.17\/wordpress\/index.php\/urun\/omada-sg3452-jetstream-48-port-gigabit-l2-managed-switch-with-4-sfp-net-swi-swi-var-0028-ivt44662\/"},"modified":"2025-10-30T06:32:47","modified_gmt":"2025-10-30T03:32:47","slug":"omada-sg3452-jetstream-48-port-gigabit-l2-managed-switch-with-4-sfp-net-swi-swi-var-0028-ivt44662","status":"publish","type":"product","link":"https:\/\/www.a8bilisim.com\/index.php\/urun\/omada-sg3452-jetstream-48-port-gigabit-l2-managed-switch-with-4-sfp-net-swi-swi-var-0028-ivt44662\/","title":{"rendered":"Omada SG3452 JetStream 48-Port Gigabit L2+ Managed Switch with 4 SFP \/ Net.Swi.Swi.Var.0028-IVT44662"},"content":{"rendered":"<p>\u00dcr\u00fcn Ad\u0131: Omada SG3452 JetStream 48-Port Gigabit L2+ Managed Switch with 4 SFP<\/p>\n<p>Stok No: IVT44662<\/p>\n<p>Stok Kodu:Net.Swi.Swi.Var.0028<\/p>\n<p>Kategori Ad\u0131: Y&#xF6;netilebilir<\/p>\n<p>Marka:\u00a0 Tp-Link Omada<\/p>\n<p>EAN Kodu: <\/p>\n<p><strong>Stoklar\u0131m\u0131zdaki Anl\u0131k De\u011fi\u015fimlerden Dolay\u0131 \u0130stedi\u011finiz \u00fcr\u00fcn\u00fcn stokta kalmamas\u0131 durumunda sipari\u015finiz iptal edilip \u00dccretiniz iade edilecek ve konu hakk\u0131nda size bilgi verilecektir.<\/strong><\/p>\n<p>Son G\u00fcncellenme Tarihi :30-10-2025 00:36<\/p>\n<p>&nbsp;<\/p>\n","protected":false},"excerpt":{"rendered":"<p>Omada SG3452 JetStream 48-Port Gigabit L2+ Managed Switch with 4 SFP &#8211; Stok Kodu:Net.Swi.Swi.Var.0028 -IVT44662 &#8211; Y&#xF6;netilebilir. Son G\u00fcncellenme Tarihi :30-10-2025 00:36<\/p>\n","protected":false},"featured_media":16305,"template":"","meta":{"_monsterinsights_skip_tracking":false,"_monsterinsights_sitenote_active":false,"_monsterinsights_sitenote_note":"","_monsterinsights_sitenote_category":0,"_joinchat":[]},"product_brand":[369],"product_cat":[257],"product_tag":[127,128,129,130,131,132,133,134,135,136,137,138,139,140,141,142,143,144,145],"class_list":{"0":"post-16303","1":"product","2":"type-product","3":"status-publish","4":"has-post-thumbnail","6":"product_brand-tp-link-omada","7":"product_cat-switch","8":"product_tag-anakart","9":"product_tag-bilgisayar","10":"product_tag-bilgisayar-bilesenleri","11":"product_tag-bilgisayar-parcalari","12":"product_tag-dizustu-bilgisayar","13":"product_tag-ekran-karti","14":"product_tag-gaming-bilgisayar","15":"product_tag-gaming-laptop","16":"product_tag-gaming-monitor","17":"product_tag-gaming-mouse","18":"product_tag-guc-kaynagi-psu","19":"product_tag-islemci-cpu","20":"product_tag-klavye","21":"product_tag-laptop","22":"product_tag-masaustu-bilgisayar","23":"product_tag-mekanik-klavye","24":"product_tag-monitor","25":"product_tag-oyun-bilgisayari","26":"product_tag-ssd","27":"pa_marka-tp-link-omada","29":"first","30":"outofstock","31":"sale","32":"purchasable","33":"product-type-simple"},"aioseo_notices":[],"_links":{"self":[{"href":"https:\/\/www.a8bilisim.com\/index.php\/wp-json\/wp\/v2\/product\/16303","targetHints":{"allow":["GET"]}}],"collection":[{"href":"https:\/\/www.a8bilisim.com\/index.php\/wp-json\/wp\/v2\/product"}],"about":[{"href":"https:\/\/www.a8bilisim.com\/index.php\/wp-json\/wp\/v2\/types\/product"}],"version-history":[{"count":31,"href":"https:\/\/www.a8bilisim.com\/index.php\/wp-json\/wp\/v2\/product\/16303\/revisions"}],"predecessor-version":[{"id":156800,"href":"https:\/\/www.a8bilisim.com\/index.php\/wp-json\/wp\/v2\/product\/16303\/revisions\/156800"}],"wp:featuredmedia":[{"embeddable":true,"href":"https:\/\/www.a8bilisim.com\/index.php\/wp-json\/wp\/v2\/media\/16305"}],"wp:attachment":[{"href":"https:\/\/www.a8bilisim.com\/index.php\/wp-json\/wp\/v2\/media?parent=16303"}],"wp:term":[{"taxonomy":"product_brand","embeddable":true,"href":"https:\/\/www.a8bilisim.com\/index.php\/wp-json\/wp\/v2\/product_brand?post=16303"},{"taxonomy":"product_cat","embeddable":true,"href":"https:\/\/www.a8bilisim.com\/index.php\/wp-json\/wp\/v2\/product_cat?post=16303"},{"taxonomy":"product_tag","embeddable":true,"href":"https:\/\/www.a8bilisim.com\/index.php\/wp-json\/wp\/v2\/product_tag?post=16303"}],"curies":[{"name":"wp","href":"https:\/\/api.w.org\/{rel}","templated":true}]}}