{"id":16363,"date":"2025-09-30T13:40:33","date_gmt":"2025-09-30T10:40:33","guid":{"rendered":"http:\/\/20.124.82.17\/wordpress\/index.php\/urun\/zebra-zd220d-direkt-termal-transfer-yazc-usb-203dpi-otv-bar-0029-ivt44803\/"},"modified":"2025-10-10T06:33:19","modified_gmt":"2025-10-10T03:33:19","slug":"zebra-zd220d-direkt-termal-transfer-yazc-usb-203dpi-otv-bar-0029-ivt44803","status":"publish","type":"product","link":"https:\/\/www.a8bilisim.com\/index.php\/urun\/zebra-zd220d-direkt-termal-transfer-yazc-usb-203dpi-otv-bar-0029-ivt44803\/","title":{"rendered":"Zebra ZD220D Direkt Termal \/ Transfer Yaz&#x131;c&#x131; (USB) 203Dpi \/ Otv.Bar.0029-IVT44803"},"content":{"rendered":"<p>\u00dcr\u00fcn Ad\u0131: Zebra ZD220D Direkt Termal \/ Transfer Yaz&#x131;c&#x131; (USB) 203Dpi<\/p>\n<p>Stok No: IVT44803<\/p>\n<p>Stok Kodu:Otv.Bar.0029<\/p>\n<p>Kategori Ad\u0131: Barkod Yaz&#x131;c&#x131;<\/p>\n<p>Marka:\u00a0 Zebra<\/p>\n<p>EAN Kodu: <\/p>\n<p><strong>Stoklar\u0131m\u0131zdaki Anl\u0131k De\u011fi\u015fimlerden Dolay\u0131 \u0130stedi\u011finiz \u00fcr\u00fcn\u00fcn stokta kalmamas\u0131 durumunda sipari\u015finiz iptal edilip \u00dccretiniz iade edilecek ve konu hakk\u0131nda size bilgi verilecektir.<\/strong><\/p>\n<p>Son G\u00fcncellenme Tarihi :10-10-2025 00:36<\/p>\n<p>&nbsp;<\/p>\n","protected":false},"excerpt":{"rendered":"<p>Zebra ZD220D Direkt Termal \/ Transfer Yaz&#x131;c&#x131; (USB) 203Dpi &#8211; Stok Kodu:Otv.Bar.0029 -IVT44803 &#8211; Barkod Yaz&#x131;c&#x131;. Son G\u00fcncellenme Tarihi :10-10-2025 00:36<\/p>\n","protected":false},"featured_media":16365,"template":"","meta":{"_monsterinsights_skip_tracking":false,"_monsterinsights_sitenote_active":false,"_monsterinsights_sitenote_note":"","_monsterinsights_sitenote_category":0,"_joinchat":[]},"product_brand":[196],"product_cat":[155],"product_tag":[127,128,129,130,131,132,133,134,135,136,137,138,139,140,141,142,143,144,145],"class_list":{"0":"post-16363","1":"product","2":"type-product","3":"status-publish","4":"has-post-thumbnail","6":"product_brand-zebra","7":"product_cat-barkod-yazc","8":"product_tag-anakart","9":"product_tag-bilgisayar","10":"product_tag-bilgisayar-bilesenleri","11":"product_tag-bilgisayar-parcalari","12":"product_tag-dizustu-bilgisayar","13":"product_tag-ekran-karti","14":"product_tag-gaming-bilgisayar","15":"product_tag-gaming-laptop","16":"product_tag-gaming-monitor","17":"product_tag-gaming-mouse","18":"product_tag-guc-kaynagi-psu","19":"product_tag-islemci-cpu","20":"product_tag-klavye","21":"product_tag-laptop","22":"product_tag-masaustu-bilgisayar","23":"product_tag-mekanik-klavye","24":"product_tag-monitor","25":"product_tag-oyun-bilgisayari","26":"product_tag-ssd","27":"pa_marka-zebra","29":"first","30":"outofstock","31":"sale","32":"purchasable","33":"product-type-simple"},"aioseo_notices":[],"_links":{"self":[{"href":"https:\/\/www.a8bilisim.com\/index.php\/wp-json\/wp\/v2\/product\/16363","targetHints":{"allow":["GET"]}}],"collection":[{"href":"https:\/\/www.a8bilisim.com\/index.php\/wp-json\/wp\/v2\/product"}],"about":[{"href":"https:\/\/www.a8bilisim.com\/index.php\/wp-json\/wp\/v2\/types\/product"}],"version-history":[{"count":11,"href":"https:\/\/www.a8bilisim.com\/index.php\/wp-json\/wp\/v2\/product\/16363\/revisions"}],"predecessor-version":[{"id":70551,"href":"https:\/\/www.a8bilisim.com\/index.php\/wp-json\/wp\/v2\/product\/16363\/revisions\/70551"}],"wp:featuredmedia":[{"embeddable":true,"href":"https:\/\/www.a8bilisim.com\/index.php\/wp-json\/wp\/v2\/media\/16365"}],"wp:attachment":[{"href":"https:\/\/www.a8bilisim.com\/index.php\/wp-json\/wp\/v2\/media?parent=16363"}],"wp:term":[{"taxonomy":"product_brand","embeddable":true,"href":"https:\/\/www.a8bilisim.com\/index.php\/wp-json\/wp\/v2\/product_brand?post=16363"},{"taxonomy":"product_cat","embeddable":true,"href":"https:\/\/www.a8bilisim.com\/index.php\/wp-json\/wp\/v2\/product_cat?post=16363"},{"taxonomy":"product_tag","embeddable":true,"href":"https:\/\/www.a8bilisim.com\/index.php\/wp-json\/wp\/v2\/product_tag?post=16363"}],"curies":[{"name":"wp","href":"https:\/\/api.w.org\/{rel}","templated":true}]}}