{"id":16405,"date":"2025-09-30T13:40:33","date_gmt":"2025-09-30T10:40:33","guid":{"rendered":"http:\/\/20.124.82.17\/wordpress\/index.php\/urun\/twinmos-512gb-external-ssd-usb-3-2-type-c-goldpssdfgbmed32-g-bbi-isl-dep-hsd-0010-ivt44933\/"},"modified":"2025-12-08T05:44:52","modified_gmt":"2025-12-08T02:44:52","slug":"twinmos-512gb-external-ssd-usb-3-2-type-c-goldpssdfgbmed32-g-bbi-isl-dep-hsd-0010-ivt44933","status":"publish","type":"product","link":"https:\/\/www.a8bilisim.com\/index.php\/urun\/twinmos-512gb-external-ssd-usb-3-2-type-c-goldpssdfgbmed32-g-bbi-isl-dep-hsd-0010-ivt44933\/","title":{"rendered":"TwinMOS 512GB External SSD USB 3.2-Type-C (Gold)(PSSDFGBMED32-G) \/ Bbi.Isl.Dep.Hsd.0010-IVT44933"},"content":{"rendered":"<p>\u00dcr\u00fcn Ad\u0131: TwinMOS 512GB External SSD USB 3.2-Type-C (Gold)(PSSDFGBMED32-G)<\/p>\n<p>Stok No: IVT44933<\/p>\n<p>Stok Kodu:Bbi.Isl.Dep.Hsd.0010<\/p>\n<p>Kategori Ad\u0131: Ta&#x15F;&#x131;nabilir SSD<\/p>\n<p>Marka:\u00a0 TwinMOS<\/p>\n<p>EAN Kodu: <\/p>\n<p><strong>Stoklar\u0131m\u0131zdaki Anl\u0131k De\u011fi\u015fimlerden Dolay\u0131 \u0130stedi\u011finiz \u00fcr\u00fcn\u00fcn stokta kalmamas\u0131 durumunda sipari\u015finiz iptal edilip \u00dccretiniz iade edilecek ve konu hakk\u0131nda size bilgi verilecektir.<\/strong><\/p>\n<p>Son G\u00fcncellenme Tarihi :08-12-2025 00:36<\/p>\n<p>&nbsp;<\/p>\n","protected":false},"excerpt":{"rendered":"<p>TwinMOS 512GB External SSD USB 3.2-Type-C (Gold)(PSSDFGBMED32-G) &#8211; Stok Kodu:Bbi.Isl.Dep.Hsd.0010 -IVT44933 &#8211; Ta&#x15F;&#x131;nabilir SSD. Son G\u00fcncellenme Tarihi :08-12-2025 00:36<\/p>\n","protected":false},"featured_media":16407,"template":"","meta":{"_monsterinsights_skip_tracking":false,"_monsterinsights_sitenote_active":false,"_monsterinsights_sitenote_note":"","_monsterinsights_sitenote_category":0,"_joinchat":[]},"product_brand":[310],"product_cat":[289],"product_tag":[127,128,129,130,131,132,133,134,135,136,137,138,139,140,141,142,143,144,145],"class_list":{"0":"post-16405","1":"product","2":"type-product","3":"status-publish","4":"has-post-thumbnail","6":"product_brand-twinmos","7":"product_cat-ssd","8":"product_tag-anakart","9":"product_tag-bilgisayar","10":"product_tag-bilgisayar-bilesenleri","11":"product_tag-bilgisayar-parcalari","12":"product_tag-dizustu-bilgisayar","13":"product_tag-ekran-karti","14":"product_tag-gaming-bilgisayar","15":"product_tag-gaming-laptop","16":"product_tag-gaming-monitor","17":"product_tag-gaming-mouse","18":"product_tag-guc-kaynagi-psu","19":"product_tag-islemci-cpu","20":"product_tag-klavye","21":"product_tag-laptop","22":"product_tag-masaustu-bilgisayar","23":"product_tag-mekanik-klavye","24":"product_tag-monitor","25":"product_tag-oyun-bilgisayari","26":"product_tag-ssd","27":"pa_marka-twinmos","29":"first","30":"outofstock","31":"purchasable","32":"product-type-simple"},"aioseo_notices":[],"_links":{"self":[{"href":"https:\/\/www.a8bilisim.com\/index.php\/wp-json\/wp\/v2\/product\/16405","targetHints":{"allow":["GET"]}}],"collection":[{"href":"https:\/\/www.a8bilisim.com\/index.php\/wp-json\/wp\/v2\/product"}],"about":[{"href":"https:\/\/www.a8bilisim.com\/index.php\/wp-json\/wp\/v2\/types\/product"}],"version-history":[{"count":68,"href":"https:\/\/www.a8bilisim.com\/index.php\/wp-json\/wp\/v2\/product\/16405\/revisions"}],"predecessor-version":[{"id":309128,"href":"https:\/\/www.a8bilisim.com\/index.php\/wp-json\/wp\/v2\/product\/16405\/revisions\/309128"}],"wp:featuredmedia":[{"embeddable":true,"href":"https:\/\/www.a8bilisim.com\/index.php\/wp-json\/wp\/v2\/media\/16407"}],"wp:attachment":[{"href":"https:\/\/www.a8bilisim.com\/index.php\/wp-json\/wp\/v2\/media?parent=16405"}],"wp:term":[{"taxonomy":"product_brand","embeddable":true,"href":"https:\/\/www.a8bilisim.com\/index.php\/wp-json\/wp\/v2\/product_brand?post=16405"},{"taxonomy":"product_cat","embeddable":true,"href":"https:\/\/www.a8bilisim.com\/index.php\/wp-json\/wp\/v2\/product_cat?post=16405"},{"taxonomy":"product_tag","embeddable":true,"href":"https:\/\/www.a8bilisim.com\/index.php\/wp-json\/wp\/v2\/product_tag?post=16405"}],"curies":[{"name":"wp","href":"https:\/\/api.w.org\/{rel}","templated":true}]}}