{"id":16486,"date":"2025-09-30T13:42:42","date_gmt":"2025-09-30T10:42:42","guid":{"rendered":"http:\/\/20.124.82.17\/wordpress\/index.php\/urun\/mushkin-element-2tb-ssd-2-5-sata3-500-450mb-s-mknssdel2tb-bbi-isl-dep-dsd-0106-ivt45107\/"},"modified":"2025-09-30T13:42:54","modified_gmt":"2025-09-30T10:42:54","slug":"mushkin-element-2tb-ssd-2-5-sata3-500-450mb-s-mknssdel2tb-bbi-isl-dep-dsd-0106-ivt45107","status":"publish","type":"product","link":"https:\/\/www.a8bilisim.com\/index.php\/urun\/mushkin-element-2tb-ssd-2-5-sata3-500-450mb-s-mknssdel2tb-bbi-isl-dep-dsd-0106-ivt45107\/","title":{"rendered":"Mushkin Element 2TB SSD 2.5&#8243; SATA3  500-450MB\/s (MKNSSDEL2TB) \/ Bbi.Isl.Dep.Dsd.0106-IVT45107"},"content":{"rendered":"<p>\u00dcr\u00fcn Ad\u0131: Mushkin Element 2TB SSD 2.5&#8243; SATA3  500-450MB\/s (MKNSSDEL2TB)<\/p>\n<p>Stok No: IVT45107<\/p>\n<p>Stok Kodu:Bbi.Isl.Dep.Dsd.0106<\/p>\n<p>Kategori Ad\u0131: Dahili SSD<\/p>\n<p>Marka:\u00a0 Mushkin<\/p>\n<p>EAN Kodu: <\/p>\n<p><strong>Stoklar\u0131m\u0131zdaki Anl\u0131k De\u011fi\u015fimlerden Dolay\u0131 \u0130stedi\u011finiz \u00fcr\u00fcn\u00fcn stokta kalmamas\u0131 durumunda sipari\u015finiz iptal edilip \u00dccretiniz iade edilecek ve konu hakk\u0131nda size bilgi verilecektir.<\/strong><\/p>\n<p>Son G\u00fcncellenme Tarihi :30-09-2025 08:36<\/p>\n<p>&nbsp;<\/p>\n","protected":false},"excerpt":{"rendered":"<p>Mushkin Element 2TB SSD 2.5&#8243; SATA3  500-450MB\/s (MKNSSDEL2TB) &#8211; Stok Kodu:Bbi.Isl.Dep.Dsd.0106 -IVT45107 &#8211; Dahili SSD. Son G\u00fcncellenme Tarihi :30-09-2025 08:36<\/p>\n","protected":false},"featured_media":16488,"template":"","meta":{"_monsterinsights_skip_tracking":false,"_monsterinsights_sitenote_active":false,"_monsterinsights_sitenote_note":"","_monsterinsights_sitenote_category":0,"_joinchat":[]},"product_brand":[415],"product_cat":[289],"product_tag":[127,128,129,130,131,132,133,134,135,136,137,138,139,140,141,142,143,144,145],"class_list":{"0":"post-16486","1":"product","2":"type-product","3":"status-publish","4":"has-post-thumbnail","6":"product_brand-mushkin","7":"product_cat-ssd","8":"product_tag-anakart","9":"product_tag-bilgisayar","10":"product_tag-bilgisayar-bilesenleri","11":"product_tag-bilgisayar-parcalari","12":"product_tag-dizustu-bilgisayar","13":"product_tag-ekran-karti","14":"product_tag-gaming-bilgisayar","15":"product_tag-gaming-laptop","16":"product_tag-gaming-monitor","17":"product_tag-gaming-mouse","18":"product_tag-guc-kaynagi-psu","19":"product_tag-islemci-cpu","20":"product_tag-klavye","21":"product_tag-laptop","22":"product_tag-masaustu-bilgisayar","23":"product_tag-mekanik-klavye","24":"product_tag-monitor","25":"product_tag-oyun-bilgisayari","26":"product_tag-ssd","27":"pa_marka-mushkin","29":"first","30":"outofstock","31":"sale","32":"purchasable","33":"product-type-simple"},"aioseo_notices":[],"_links":{"self":[{"href":"https:\/\/www.a8bilisim.com\/index.php\/wp-json\/wp\/v2\/product\/16486","targetHints":{"allow":["GET"]}}],"collection":[{"href":"https:\/\/www.a8bilisim.com\/index.php\/wp-json\/wp\/v2\/product"}],"about":[{"href":"https:\/\/www.a8bilisim.com\/index.php\/wp-json\/wp\/v2\/types\/product"}],"version-history":[{"count":1,"href":"https:\/\/www.a8bilisim.com\/index.php\/wp-json\/wp\/v2\/product\/16486\/revisions"}],"predecessor-version":[{"id":16487,"href":"https:\/\/www.a8bilisim.com\/index.php\/wp-json\/wp\/v2\/product\/16486\/revisions\/16487"}],"wp:featuredmedia":[{"embeddable":true,"href":"https:\/\/www.a8bilisim.com\/index.php\/wp-json\/wp\/v2\/media\/16488"}],"wp:attachment":[{"href":"https:\/\/www.a8bilisim.com\/index.php\/wp-json\/wp\/v2\/media?parent=16486"}],"wp:term":[{"taxonomy":"product_brand","embeddable":true,"href":"https:\/\/www.a8bilisim.com\/index.php\/wp-json\/wp\/v2\/product_brand?post=16486"},{"taxonomy":"product_cat","embeddable":true,"href":"https:\/\/www.a8bilisim.com\/index.php\/wp-json\/wp\/v2\/product_cat?post=16486"},{"taxonomy":"product_tag","embeddable":true,"href":"https:\/\/www.a8bilisim.com\/index.php\/wp-json\/wp\/v2\/product_tag?post=16486"}],"curies":[{"name":"wp","href":"https:\/\/api.w.org\/{rel}","templated":true}]}}