{"id":171261,"date":"2025-11-04T07:44:01","date_gmt":"2025-11-04T04:44:01","guid":{"rendered":"https:\/\/www.a8bilisim.com\/index.php\/urun\/aparatci-kasyer-stand-okuyucu-ve-klavye-tutucu-sa-sol-kol-27842-gun27842\/"},"modified":"2026-01-23T05:24:29","modified_gmt":"2026-01-23T02:24:29","slug":"aparatci-kasyer-stand-okuyucu-ve-klavye-tutucu-sa-sol-kol-27842-gun27842","status":"publish","type":"product","link":"https:\/\/www.a8bilisim.com\/index.php\/urun\/aparatci-kasyer-stand-okuyucu-ve-klavye-tutucu-sa-sol-kol-27842-gun27842\/","title":{"rendered":"APARATCI KAS&#x130;YER STAND OKUYUCU VE KLAVYE TUTUCU SA&#x11E;\/SOL KOL \/ 27842-GUN27842"},"content":{"rendered":"<p>\u00dcr\u00fcn Ad\u0131: APARATCI KAS&#x130;YER STAND OKUYUCU VE KLAVYE TUTUCU SA&#x11E;\/SOL KOL<\/p>\n<p><span dir=\"auto\" style=\"vertical-align: inherit;\"><span dir=\"auto\" style=\"vertical-align: inherit;\">Stok No: GUN27842<\/span><\/span><\/p>\n<p>Stok Kodu:27842<\/p>\n<p>Kategori Ad\u0131: End&#xFC;striyel Panel ve POS PC<\/p>\n<p><span dir=\"auto\" style=\"vertical-align: inherit;\"><span dir=\"auto\" style=\"vertical-align: inherit;\">EAN Kodu: <\/span><\/span><\/p>\n<p><strong>Stoklar\u0131m\u0131zdaki Anl\u0131k De\u011fi\u015fimlerden Dolay\u0131 \u0130stedi\u011finiz \u00fcr\u00fcn\u00fcn stokta kalmamas\u0131 durumunda sipari\u015finiz iptal edilip \u00dccretiniz iade edilecek ve konu hakk\u0131nda size bilgi verilecektir.<\/strong><\/p>\n<p>Son G\u00fcncellenme Tarihi :23-01-2026 00:30<\/p>\n<p>&nbsp;<\/p>\n","protected":false},"excerpt":{"rendered":"<p>APARATCI KAS&#x130;YER STAND OKUYUCU VE KLAVYE TUTUCU SA&#x11E;\/SOL KOL &#8211; Stok Kodu:27842 -GUN27842 &#8211; End&#xFC;striyel Panel ve POS PC. Son G\u00fcncellenme Tarihi :23-01-2026 00:30<\/p>\n","protected":false},"featured_media":171263,"template":"","meta":{"_monsterinsights_skip_tracking":false,"_monsterinsights_sitenote_active":false,"_monsterinsights_sitenote_note":"","_monsterinsights_sitenote_category":0,"_joinchat":[]},"product_brand":[595],"product_cat":[511],"product_tag":[127,128,129,130,131,132,133,134,135,136,137,138,139,140,141,142,143,144,145],"class_list":{"0":"post-171261","1":"product","2":"type-product","3":"status-publish","4":"has-post-thumbnail","6":"product_brand-aparatci","7":"product_cat-endstriyel-panel-ve-pos-pc","8":"product_tag-anakart","9":"product_tag-bilgisayar","10":"product_tag-bilgisayar-bilesenleri","11":"product_tag-bilgisayar-parcalari","12":"product_tag-dizustu-bilgisayar","13":"product_tag-ekran-karti","14":"product_tag-gaming-bilgisayar","15":"product_tag-gaming-laptop","16":"product_tag-gaming-monitor","17":"product_tag-gaming-mouse","18":"product_tag-guc-kaynagi-psu","19":"product_tag-islemci-cpu","20":"product_tag-klavye","21":"product_tag-laptop","22":"product_tag-masaustu-bilgisayar","23":"product_tag-mekanik-klavye","24":"product_tag-monitor","25":"product_tag-oyun-bilgisayari","26":"product_tag-ssd","27":"pa_marka-aparatci","29":"first","30":"outofstock","31":"sale","32":"purchasable","33":"product-type-simple"},"aioseo_notices":[],"_links":{"self":[{"href":"https:\/\/www.a8bilisim.com\/index.php\/wp-json\/wp\/v2\/product\/171261","targetHints":{"allow":["GET"]}}],"collection":[{"href":"https:\/\/www.a8bilisim.com\/index.php\/wp-json\/wp\/v2\/product"}],"about":[{"href":"https:\/\/www.a8bilisim.com\/index.php\/wp-json\/wp\/v2\/types\/product"}],"version-history":[{"count":42,"href":"https:\/\/www.a8bilisim.com\/index.php\/wp-json\/wp\/v2\/product\/171261\/revisions"}],"predecessor-version":[{"id":468562,"href":"https:\/\/www.a8bilisim.com\/index.php\/wp-json\/wp\/v2\/product\/171261\/revisions\/468562"}],"wp:featuredmedia":[{"embeddable":true,"href":"https:\/\/www.a8bilisim.com\/index.php\/wp-json\/wp\/v2\/media\/171263"}],"wp:attachment":[{"href":"https:\/\/www.a8bilisim.com\/index.php\/wp-json\/wp\/v2\/media?parent=171261"}],"wp:term":[{"taxonomy":"product_brand","embeddable":true,"href":"https:\/\/www.a8bilisim.com\/index.php\/wp-json\/wp\/v2\/product_brand?post=171261"},{"taxonomy":"product_cat","embeddable":true,"href":"https:\/\/www.a8bilisim.com\/index.php\/wp-json\/wp\/v2\/product_cat?post=171261"},{"taxonomy":"product_tag","embeddable":true,"href":"https:\/\/www.a8bilisim.com\/index.php\/wp-json\/wp\/v2\/product_tag?post=171261"}],"curies":[{"name":"wp","href":"https:\/\/api.w.org\/{rel}","templated":true}]}}