{"id":17446,"date":"2025-09-30T13:58:51","date_gmt":"2025-09-30T10:58:51","guid":{"rendered":"http:\/\/20.124.82.17\/wordpress\/index.php\/urun\/zyxel-8port-gs-108sv2-eu0101f-10-100-1000-ynetilemez-switch-gs-108sv2-eu0101f-akn28898\/"},"modified":"2025-12-20T05:16:11","modified_gmt":"2025-12-20T02:16:11","slug":"zyxel-8port-gs-108sv2-eu0101f-10-100-1000-ynetilemez-switch-gs-108sv2-eu0101f-akn28898","status":"publish","type":"product","link":"https:\/\/www.a8bilisim.com\/index.php\/urun\/zyxel-8port-gs-108sv2-eu0101f-10-100-1000-ynetilemez-switch-gs-108sv2-eu0101f-akn28898\/","title":{"rendered":"Zyxel 8Port GS-108SV2-EU0101F 10\/100\/1000  Y&#xF6;netilemez Switch \/ GS-108SV2-EU0101F-AKN28898"},"content":{"rendered":"<p>\u00dcr\u00fcn Ad\u0131: Zyxel 8Port GS-108SV2-EU0101F 10\/100\/1000  Y&#xF6;netilemez Switch<\/p>\n<p>Stok No: AKN28898<\/p>\n<p>Stok Kodu:GS-108SV2-EU0101F<\/p>\n<p>Kategori Ad\u0131: Switch<\/p>\n<p>Marka:\u00a0 ZYXEL<\/p>\n<p>EAN Kodu: <\/p>\n<p><strong>Stoklar\u0131m\u0131zdaki Anl\u0131k De\u011fi\u015fimlerden Dolay\u0131 \u0130stedi\u011finiz \u00fcr\u00fcn\u00fcn stokta kalmamas\u0131 durumunda sipari\u015finiz iptal edilip \u00dccretiniz iade edilecek ve konu hakk\u0131nda size bilgi verilecektir.<\/strong><\/p>\n<p>Son G\u00fcncellenme Tarihi :20-12-2025 00:36<\/p>\n<p>&nbsp;<\/p>\n","protected":false},"excerpt":{"rendered":"<p>Zyxel 8Port GS-108SV2-EU0101F 10\/100\/1000  Y&#xF6;netilemez Switch &#8211; Stok Kodu:GS-108SV2-EU0101F -AKN28898 &#8211; Switch. Son G\u00fcncellenme Tarihi :20-12-2025 00:36<\/p>\n","protected":false},"featured_media":17448,"template":"","meta":{"_monsterinsights_skip_tracking":false,"_monsterinsights_sitenote_active":false,"_monsterinsights_sitenote_note":"","_monsterinsights_sitenote_category":0,"_joinchat":[]},"product_brand":[325],"product_cat":[257],"product_tag":[127,128,129,130,131,132,133,134,135,136,137,138,139,140,141,142,143,144,145],"class_list":{"0":"post-17446","1":"product","2":"type-product","3":"status-publish","4":"has-post-thumbnail","6":"product_brand-zyxel","7":"product_cat-switch","8":"product_tag-anakart","9":"product_tag-bilgisayar","10":"product_tag-bilgisayar-bilesenleri","11":"product_tag-bilgisayar-parcalari","12":"product_tag-dizustu-bilgisayar","13":"product_tag-ekran-karti","14":"product_tag-gaming-bilgisayar","15":"product_tag-gaming-laptop","16":"product_tag-gaming-monitor","17":"product_tag-gaming-mouse","18":"product_tag-guc-kaynagi-psu","19":"product_tag-islemci-cpu","20":"product_tag-klavye","21":"product_tag-laptop","22":"product_tag-masaustu-bilgisayar","23":"product_tag-mekanik-klavye","24":"product_tag-monitor","25":"product_tag-oyun-bilgisayari","26":"product_tag-ssd","27":"pa_marka-zyxel","29":"first","30":"outofstock","31":"purchasable","32":"product-type-simple"},"aioseo_notices":[],"_links":{"self":[{"href":"https:\/\/www.a8bilisim.com\/index.php\/wp-json\/wp\/v2\/product\/17446","targetHints":{"allow":["GET"]}}],"collection":[{"href":"https:\/\/www.a8bilisim.com\/index.php\/wp-json\/wp\/v2\/product"}],"about":[{"href":"https:\/\/www.a8bilisim.com\/index.php\/wp-json\/wp\/v2\/types\/product"}],"version-history":[{"count":78,"href":"https:\/\/www.a8bilisim.com\/index.php\/wp-json\/wp\/v2\/product\/17446\/revisions"}],"predecessor-version":[{"id":353973,"href":"https:\/\/www.a8bilisim.com\/index.php\/wp-json\/wp\/v2\/product\/17446\/revisions\/353973"}],"wp:featuredmedia":[{"embeddable":true,"href":"https:\/\/www.a8bilisim.com\/index.php\/wp-json\/wp\/v2\/media\/17448"}],"wp:attachment":[{"href":"https:\/\/www.a8bilisim.com\/index.php\/wp-json\/wp\/v2\/media?parent=17446"}],"wp:term":[{"taxonomy":"product_brand","embeddable":true,"href":"https:\/\/www.a8bilisim.com\/index.php\/wp-json\/wp\/v2\/product_brand?post=17446"},{"taxonomy":"product_cat","embeddable":true,"href":"https:\/\/www.a8bilisim.com\/index.php\/wp-json\/wp\/v2\/product_cat?post=17446"},{"taxonomy":"product_tag","embeddable":true,"href":"https:\/\/www.a8bilisim.com\/index.php\/wp-json\/wp\/v2\/product_tag?post=17446"}],"curies":[{"name":"wp","href":"https:\/\/api.w.org\/{rel}","templated":true}]}}