{"id":18223,"date":"2025-09-30T14:08:54","date_gmt":"2025-09-30T11:08:54","guid":{"rendered":"http:\/\/20.124.82.17\/wordpress\/index.php\/urun\/dark-1-5-metre-usb3-1-type-c-to-usb3-0-type-a-evirici-kablo-dk-cb-u31l150-dk-cb-u31l150-akn38906\/"},"modified":"2026-01-27T05:14:56","modified_gmt":"2026-01-27T02:14:56","slug":"dark-1-5-metre-usb3-1-type-c-to-usb3-0-type-a-evirici-kablo-dk-cb-u31l150-dk-cb-u31l150-akn38906","status":"publish","type":"product","link":"https:\/\/www.a8bilisim.com\/index.php\/urun\/dark-1-5-metre-usb3-1-type-c-to-usb3-0-type-a-evirici-kablo-dk-cb-u31l150-dk-cb-u31l150-akn38906\/","title":{"rendered":"Dark 1.5 Metre USB3.1 Type-C To USB3.0 Type-A &#xC7;evirici Kablo (DK-CB-U31L150) \/ DK-CB-U31L150-AKN38906"},"content":{"rendered":"<p>\u00dcr\u00fcn Ad\u0131: Dark 1.5 Metre USB3.1 Type-C To USB3.0 Type-A &#xC7;evirici Kablo (DK-CB-U31L150)<\/p>\n<p><span dir=\"auto\" style=\"vertical-align: inherit;\"><span dir=\"auto\" style=\"vertical-align: inherit;\">Stok No: AKN38906<\/span><\/span><\/p>\n<p>Stok Kodu:DK-CB-U31L150<\/p>\n<p>Kategori Ad\u0131: &#xC7;eviriciler<\/p>\n<p><span dir=\"auto\" style=\"vertical-align: inherit;\"><span dir=\"auto\" style=\"vertical-align: inherit;\">EAN Kodu: <\/span><\/span><\/p>\n<p><strong>Stoklar\u0131m\u0131zdaki Anl\u0131k De\u011fi\u015fimlerden Dolay\u0131 \u0130stedi\u011finiz \u00fcr\u00fcn\u00fcn stokta kalmamas\u0131 durumunda sipari\u015finiz iptal edilip \u00dccretiniz iade edilecek ve konu hakk\u0131nda size bilgi verilecektir.<\/strong><\/p>\n<p>Son G\u00fcncellenme Tarihi :27-01-2026 00:36<\/p>\n<p>&nbsp;<\/p>\n","protected":false},"excerpt":{"rendered":"<p>Dark 1.5 Metre USB3.1 Type-C To USB3.0 Type-A &#xC7;evirici Kablo (DK-CB-U31L150) &#8211; Stok Kodu:DK-CB-U31L150 -AKN38906 &#8211; &#xC7;eviriciler. Son G\u00fcncellenme Tarihi :27-01-2026 00:36<\/p>\n","protected":false},"featured_media":18225,"template":"","meta":{"_monsterinsights_skip_tracking":false,"_monsterinsights_sitenote_active":false,"_monsterinsights_sitenote_note":"","_monsterinsights_sitenote_category":0,"_joinchat":[]},"product_brand":[435],"product_cat":[148],"product_tag":[127,128,129,130,131,132,133,134,135,136,137,138,139,140,141,142,143,144,145],"class_list":{"0":"post-18223","1":"product","2":"type-product","3":"status-publish","4":"has-post-thumbnail","6":"product_brand-dark","7":"product_cat-yedek-para-ve-aksesuar","8":"product_tag-anakart","9":"product_tag-bilgisayar","10":"product_tag-bilgisayar-bilesenleri","11":"product_tag-bilgisayar-parcalari","12":"product_tag-dizustu-bilgisayar","13":"product_tag-ekran-karti","14":"product_tag-gaming-bilgisayar","15":"product_tag-gaming-laptop","16":"product_tag-gaming-monitor","17":"product_tag-gaming-mouse","18":"product_tag-guc-kaynagi-psu","19":"product_tag-islemci-cpu","20":"product_tag-klavye","21":"product_tag-laptop","22":"product_tag-masaustu-bilgisayar","23":"product_tag-mekanik-klavye","24":"product_tag-monitor","25":"product_tag-oyun-bilgisayari","26":"product_tag-ssd","27":"pa_marka-dark","29":"first","30":"outofstock","31":"purchasable","32":"product-type-simple"},"aioseo_notices":[],"_links":{"self":[{"href":"https:\/\/www.a8bilisim.com\/index.php\/wp-json\/wp\/v2\/product\/18223","targetHints":{"allow":["GET"]}}],"collection":[{"href":"https:\/\/www.a8bilisim.com\/index.php\/wp-json\/wp\/v2\/product"}],"about":[{"href":"https:\/\/www.a8bilisim.com\/index.php\/wp-json\/wp\/v2\/types\/product"}],"version-history":[{"count":117,"href":"https:\/\/www.a8bilisim.com\/index.php\/wp-json\/wp\/v2\/product\/18223\/revisions"}],"predecessor-version":[{"id":479724,"href":"https:\/\/www.a8bilisim.com\/index.php\/wp-json\/wp\/v2\/product\/18223\/revisions\/479724"}],"wp:featuredmedia":[{"embeddable":true,"href":"https:\/\/www.a8bilisim.com\/index.php\/wp-json\/wp\/v2\/media\/18225"}],"wp:attachment":[{"href":"https:\/\/www.a8bilisim.com\/index.php\/wp-json\/wp\/v2\/media?parent=18223"}],"wp:term":[{"taxonomy":"product_brand","embeddable":true,"href":"https:\/\/www.a8bilisim.com\/index.php\/wp-json\/wp\/v2\/product_brand?post=18223"},{"taxonomy":"product_cat","embeddable":true,"href":"https:\/\/www.a8bilisim.com\/index.php\/wp-json\/wp\/v2\/product_cat?post=18223"},{"taxonomy":"product_tag","embeddable":true,"href":"https:\/\/www.a8bilisim.com\/index.php\/wp-json\/wp\/v2\/product_tag?post=18223"}],"curies":[{"name":"wp","href":"https:\/\/api.w.org\/{rel}","templated":true}]}}