{"id":18646,"date":"2025-09-30T14:13:43","date_gmt":"2025-09-30T11:13:43","guid":{"rendered":"http:\/\/20.124.82.17\/wordpress\/index.php\/urun\/neoforza-blackfaye-16gb-ddr4-3200mhz-cl16-soutuc-pc-belleknmud416e82-3200db11-nmud416e82-3200db11-akn41162\/"},"modified":"2026-01-27T05:16:30","modified_gmt":"2026-01-27T02:16:30","slug":"neoforza-blackfaye-16gb-ddr4-3200mhz-cl16-soutuc-pc-belleknmud416e82-3200db11-nmud416e82-3200db11-akn41162","status":"publish","type":"product","link":"https:\/\/www.a8bilisim.com\/index.php\/urun\/neoforza-blackfaye-16gb-ddr4-3200mhz-cl16-soutuc-pc-belleknmud416e82-3200db11-nmud416e82-3200db11-akn41162\/","title":{"rendered":"Neoforza BlackFaye 16GB DDR4 3200Mhz CL16 So&#x11F;utuc PC Bellek[NMUD416E82-3200DB11] \/ NMUD416E82-3200DB11-AKN41162"},"content":{"rendered":"<p>\u00dcr\u00fcn Ad\u0131: Neoforza BlackFaye 16GB DDR4 3200Mhz CL16 So&#x11F;utuc PC Bellek[NMUD416E82-3200DB11]<\/p>\n<p><span dir=\"auto\" style=\"vertical-align: inherit;\"><span dir=\"auto\" style=\"vertical-align: inherit;\">Stok No: AKN41162<\/span><\/span><\/p>\n<p>Stok Kodu:NMUD416E82-3200DB11<\/p>\n<p>Kategori Ad\u0131: Bellek PC<\/p>\n<p><span dir=\"auto\" style=\"vertical-align: inherit;\"><span dir=\"auto\" style=\"vertical-align: inherit;\">EAN Kodu: <\/span><\/span><\/p>\n<p><strong>Stoklar\u0131m\u0131zdaki Anl\u0131k De\u011fi\u015fimlerden Dolay\u0131 \u0130stedi\u011finiz \u00fcr\u00fcn\u00fcn stokta kalmamas\u0131 durumunda sipari\u015finiz iptal edilip \u00dccretiniz iade edilecek ve konu hakk\u0131nda size bilgi verilecektir.<\/strong><\/p>\n<p>Son G\u00fcncellenme Tarihi :27-01-2026 00:36<\/p>\n<p>&nbsp;<\/p>\n","protected":false},"excerpt":{"rendered":"<p>Neoforza BlackFaye 16GB DDR4 3200Mhz CL16 So&#x11F;utuc PC Bellek[NMUD416E82-3200DB11] &#8211; Stok Kodu:NMUD416E82-3200DB11 -AKN41162 &#8211; Bellek PC. Son G\u00fcncellenme Tarihi :27-01-2026 00:36<\/p>\n","protected":false},"featured_media":18648,"template":"","meta":{"_monsterinsights_skip_tracking":false,"_monsterinsights_sitenote_active":false,"_monsterinsights_sitenote_note":"","_monsterinsights_sitenote_category":0,"_joinchat":[]},"product_brand":[458],"product_cat":[204],"product_tag":[127,128,129,130,131,132,133,134,135,136,137,138,139,140,141,142,143,144,145],"class_list":{"0":"post-18646","1":"product","2":"type-product","3":"status-publish","4":"has-post-thumbnail","6":"product_brand-neoforza","7":"product_cat-bellek","8":"product_tag-anakart","9":"product_tag-bilgisayar","10":"product_tag-bilgisayar-bilesenleri","11":"product_tag-bilgisayar-parcalari","12":"product_tag-dizustu-bilgisayar","13":"product_tag-ekran-karti","14":"product_tag-gaming-bilgisayar","15":"product_tag-gaming-laptop","16":"product_tag-gaming-monitor","17":"product_tag-gaming-mouse","18":"product_tag-guc-kaynagi-psu","19":"product_tag-islemci-cpu","20":"product_tag-klavye","21":"product_tag-laptop","22":"product_tag-masaustu-bilgisayar","23":"product_tag-mekanik-klavye","24":"product_tag-monitor","25":"product_tag-oyun-bilgisayari","26":"product_tag-ssd","27":"pa_marka-neoforza","29":"first","30":"outofstock","31":"sale","32":"purchasable","33":"product-type-simple"},"aioseo_notices":[],"_links":{"self":[{"href":"https:\/\/www.a8bilisim.com\/index.php\/wp-json\/wp\/v2\/product\/18646","targetHints":{"allow":["GET"]}}],"collection":[{"href":"https:\/\/www.a8bilisim.com\/index.php\/wp-json\/wp\/v2\/product"}],"about":[{"href":"https:\/\/www.a8bilisim.com\/index.php\/wp-json\/wp\/v2\/types\/product"}],"version-history":[{"count":117,"href":"https:\/\/www.a8bilisim.com\/index.php\/wp-json\/wp\/v2\/product\/18646\/revisions"}],"predecessor-version":[{"id":479861,"href":"https:\/\/www.a8bilisim.com\/index.php\/wp-json\/wp\/v2\/product\/18646\/revisions\/479861"}],"wp:featuredmedia":[{"embeddable":true,"href":"https:\/\/www.a8bilisim.com\/index.php\/wp-json\/wp\/v2\/media\/18648"}],"wp:attachment":[{"href":"https:\/\/www.a8bilisim.com\/index.php\/wp-json\/wp\/v2\/media?parent=18646"}],"wp:term":[{"taxonomy":"product_brand","embeddable":true,"href":"https:\/\/www.a8bilisim.com\/index.php\/wp-json\/wp\/v2\/product_brand?post=18646"},{"taxonomy":"product_cat","embeddable":true,"href":"https:\/\/www.a8bilisim.com\/index.php\/wp-json\/wp\/v2\/product_cat?post=18646"},{"taxonomy":"product_tag","embeddable":true,"href":"https:\/\/www.a8bilisim.com\/index.php\/wp-json\/wp\/v2\/product_tag?post=18646"}],"curies":[{"name":"wp","href":"https:\/\/api.w.org\/{rel}","templated":true}]}}