{"id":19111,"date":"2025-09-30T14:18:15","date_gmt":"2025-09-30T11:18:15","guid":{"rendered":"http:\/\/20.124.82.17\/wordpress\/index.php\/urun\/29-5-msi-optix-mag301rf-1ms-200hz-2560x1080-wfhd-2xhdmi-dp-flat-gaming-monitr-optix-mag301rf-akn42306\/"},"modified":"2026-01-27T05:18:05","modified_gmt":"2026-01-27T02:18:05","slug":"29-5-msi-optix-mag301rf-1ms-200hz-2560x1080-wfhd-2xhdmi-dp-flat-gaming-monitr-optix-mag301rf-akn42306","status":"publish","type":"product","link":"https:\/\/www.a8bilisim.com\/index.php\/urun\/29-5-msi-optix-mag301rf-1ms-200hz-2560x1080-wfhd-2xhdmi-dp-flat-gaming-monitr-optix-mag301rf-akn42306\/","title":{"rendered":"29.5&#8243; MSI OPTIX MAG301RF 1ms 200Hz 2560&#215;1080 WFHD 2xHDMI DP Flat Gaming Monit&#xF6;r \/ OPTIX MAG301RF-AKN42306"},"content":{"rendered":"<p>\u00dcr\u00fcn Ad\u0131: 29.5&#8243; MSI OPTIX MAG301RF 1ms 200Hz 2560&#215;1080 WFHD 2xHDMI DP Flat Gaming Monit&#xF6;r<\/p>\n<p><span dir=\"auto\" style=\"vertical-align: inherit;\"><span dir=\"auto\" style=\"vertical-align: inherit;\">Stok No: AKN42306<\/span><\/span><\/p>\n<p>Stok Kodu:OPTIX MAG301RF<\/p>\n<p>Kategori Ad\u0131: Monit&#xF6;rler<\/p>\n<p><span dir=\"auto\" style=\"vertical-align: inherit;\"><span dir=\"auto\" style=\"vertical-align: inherit;\">EAN Kodu: <\/span><\/span><\/p>\n<p><strong>Stoklar\u0131m\u0131zdaki Anl\u0131k De\u011fi\u015fimlerden Dolay\u0131 \u0130stedi\u011finiz \u00fcr\u00fcn\u00fcn stokta kalmamas\u0131 durumunda sipari\u015finiz iptal edilip \u00dccretiniz iade edilecek ve konu hakk\u0131nda size bilgi verilecektir.<\/strong><\/p>\n<p>Son G\u00fcncellenme Tarihi :27-01-2026 00:36<\/p>\n<p>&nbsp;<\/p>\n","protected":false},"excerpt":{"rendered":"<p>29.5&#8243; MSI OPTIX MAG301RF 1ms 200Hz 2560&#215;1080 WFHD 2xHDMI DP Flat Gaming Monit&#xF6;r &#8211; Stok Kodu:OPTIX MAG301RF -AKN42306 &#8211; Monit&#xF6;rler. Son G\u00fcncellenme Tarihi :27-01-2026 00:36<\/p>\n","protected":false},"featured_media":19113,"template":"","meta":{"_monsterinsights_skip_tracking":false,"_monsterinsights_sitenote_active":false,"_monsterinsights_sitenote_note":"","_monsterinsights_sitenote_category":0,"_joinchat":[]},"product_brand":[236],"product_cat":[329],"product_tag":[127,128,129,130,131,132,133,134,135,136,137,138,139,140,141,142,143,144,145],"class_list":{"0":"post-19111","1":"product","2":"type-product","3":"status-publish","4":"has-post-thumbnail","6":"product_brand-msi","7":"product_cat-monitrler","8":"product_tag-anakart","9":"product_tag-bilgisayar","10":"product_tag-bilgisayar-bilesenleri","11":"product_tag-bilgisayar-parcalari","12":"product_tag-dizustu-bilgisayar","13":"product_tag-ekran-karti","14":"product_tag-gaming-bilgisayar","15":"product_tag-gaming-laptop","16":"product_tag-gaming-monitor","17":"product_tag-gaming-mouse","18":"product_tag-guc-kaynagi-psu","19":"product_tag-islemci-cpu","20":"product_tag-klavye","21":"product_tag-laptop","22":"product_tag-masaustu-bilgisayar","23":"product_tag-mekanik-klavye","24":"product_tag-monitor","25":"product_tag-oyun-bilgisayari","26":"product_tag-ssd","27":"pa_marka-msi","29":"first","30":"outofstock","31":"sale","32":"purchasable","33":"product-type-simple"},"aioseo_notices":[],"_links":{"self":[{"href":"https:\/\/www.a8bilisim.com\/index.php\/wp-json\/wp\/v2\/product\/19111","targetHints":{"allow":["GET"]}}],"collection":[{"href":"https:\/\/www.a8bilisim.com\/index.php\/wp-json\/wp\/v2\/product"}],"about":[{"href":"https:\/\/www.a8bilisim.com\/index.php\/wp-json\/wp\/v2\/types\/product"}],"version-history":[{"count":117,"href":"https:\/\/www.a8bilisim.com\/index.php\/wp-json\/wp\/v2\/product\/19111\/revisions"}],"predecessor-version":[{"id":480015,"href":"https:\/\/www.a8bilisim.com\/index.php\/wp-json\/wp\/v2\/product\/19111\/revisions\/480015"}],"wp:featuredmedia":[{"embeddable":true,"href":"https:\/\/www.a8bilisim.com\/index.php\/wp-json\/wp\/v2\/media\/19113"}],"wp:attachment":[{"href":"https:\/\/www.a8bilisim.com\/index.php\/wp-json\/wp\/v2\/media?parent=19111"}],"wp:term":[{"taxonomy":"product_brand","embeddable":true,"href":"https:\/\/www.a8bilisim.com\/index.php\/wp-json\/wp\/v2\/product_brand?post=19111"},{"taxonomy":"product_cat","embeddable":true,"href":"https:\/\/www.a8bilisim.com\/index.php\/wp-json\/wp\/v2\/product_cat?post=19111"},{"taxonomy":"product_tag","embeddable":true,"href":"https:\/\/www.a8bilisim.com\/index.php\/wp-json\/wp\/v2\/product_tag?post=19111"}],"curies":[{"name":"wp","href":"https:\/\/api.w.org\/{rel}","templated":true}]}}