{"id":19732,"date":"2025-09-30T14:25:54","date_gmt":"2025-09-30T11:25:54","guid":{"rendered":"http:\/\/20.124.82.17\/wordpress\/index.php\/urun\/dahua-xvr1b08-i-8-kanal-1u-h-265-xvr-1x6tb-xvr1b08-i-akn43530\/"},"modified":"2025-10-21T07:34:52","modified_gmt":"2025-10-21T04:34:52","slug":"dahua-xvr1b08-i-8-kanal-1u-h-265-xvr-1x6tb-xvr1b08-i-akn43530","status":"publish","type":"product","link":"https:\/\/www.a8bilisim.com\/index.php\/urun\/dahua-xvr1b08-i-8-kanal-1u-h-265-xvr-1x6tb-xvr1b08-i-akn43530\/","title":{"rendered":"Dahua XVR1B08-I 8 Kanal 1U H.265+ XVR 1x6TB \/ XVR1B08-I-AKN43530"},"content":{"rendered":"<p>\u00dcr\u00fcn Ad\u0131: Dahua XVR1B08-I 8 Kanal 1U H.265+ XVR 1x6TB<\/p>\n<p>Stok No: AKN43530<\/p>\n<p>Stok Kodu:XVR1B08-I<\/p>\n<p>Kategori Ad\u0131: AHD\/HD-CVI\/HD-TVI Kay&#x131;t Cihazlar&#x131;<\/p>\n<p>Marka:\u00a0 DAHUA<\/p>\n<p>EAN Kodu: <\/p>\n<p><strong>Stoklar\u0131m\u0131zdaki Anl\u0131k De\u011fi\u015fimlerden Dolay\u0131 \u0130stedi\u011finiz \u00fcr\u00fcn\u00fcn stokta kalmamas\u0131 durumunda sipari\u015finiz iptal edilip \u00dccretiniz iade edilecek ve konu hakk\u0131nda size bilgi verilecektir.<\/strong><\/p>\n<p>Son G\u00fcncellenme Tarihi :21-10-2025 00:36<\/p>\n<p>&nbsp;<\/p>\n","protected":false},"excerpt":{"rendered":"<p>Dahua XVR1B08-I 8 Kanal 1U H.265+ XVR 1x6TB &#8211; Stok Kodu:XVR1B08-I -AKN43530 &#8211; AHD\/HD-CVI\/HD-TVI Kay&#x131;t Cihazlar&#x131;. Son G\u00fcncellenme Tarihi :21-10-2025 00:36<\/p>\n","protected":false},"featured_media":19734,"template":"","meta":{"_monsterinsights_skip_tracking":false,"_monsterinsights_sitenote_active":false,"_monsterinsights_sitenote_note":"","_monsterinsights_sitenote_category":0,"_joinchat":[]},"product_brand":[465],"product_cat":[375],"product_tag":[127,128,129,130,131,132,133,134,135,136,137,138,139,140,141,142,143,144,145],"class_list":{"0":"post-19732","1":"product","2":"type-product","3":"status-publish","4":"has-post-thumbnail","6":"product_brand-dahua","7":"product_cat-gvenlik-kayt-cihazlar","8":"product_tag-anakart","9":"product_tag-bilgisayar","10":"product_tag-bilgisayar-bilesenleri","11":"product_tag-bilgisayar-parcalari","12":"product_tag-dizustu-bilgisayar","13":"product_tag-ekran-karti","14":"product_tag-gaming-bilgisayar","15":"product_tag-gaming-laptop","16":"product_tag-gaming-monitor","17":"product_tag-gaming-mouse","18":"product_tag-guc-kaynagi-psu","19":"product_tag-islemci-cpu","20":"product_tag-klavye","21":"product_tag-laptop","22":"product_tag-masaustu-bilgisayar","23":"product_tag-mekanik-klavye","24":"product_tag-monitor","25":"product_tag-oyun-bilgisayari","26":"product_tag-ssd","27":"pa_marka-dahua","29":"first","30":"outofstock","31":"sale","32":"purchasable","33":"product-type-simple"},"aioseo_notices":[],"_links":{"self":[{"href":"https:\/\/www.a8bilisim.com\/index.php\/wp-json\/wp\/v2\/product\/19732","targetHints":{"allow":["GET"]}}],"collection":[{"href":"https:\/\/www.a8bilisim.com\/index.php\/wp-json\/wp\/v2\/product"}],"about":[{"href":"https:\/\/www.a8bilisim.com\/index.php\/wp-json\/wp\/v2\/types\/product"}],"version-history":[{"count":22,"href":"https:\/\/www.a8bilisim.com\/index.php\/wp-json\/wp\/v2\/product\/19732\/revisions"}],"predecessor-version":[{"id":120409,"href":"https:\/\/www.a8bilisim.com\/index.php\/wp-json\/wp\/v2\/product\/19732\/revisions\/120409"}],"wp:featuredmedia":[{"embeddable":true,"href":"https:\/\/www.a8bilisim.com\/index.php\/wp-json\/wp\/v2\/media\/19734"}],"wp:attachment":[{"href":"https:\/\/www.a8bilisim.com\/index.php\/wp-json\/wp\/v2\/media?parent=19732"}],"wp:term":[{"taxonomy":"product_brand","embeddable":true,"href":"https:\/\/www.a8bilisim.com\/index.php\/wp-json\/wp\/v2\/product_brand?post=19732"},{"taxonomy":"product_cat","embeddable":true,"href":"https:\/\/www.a8bilisim.com\/index.php\/wp-json\/wp\/v2\/product_cat?post=19732"},{"taxonomy":"product_tag","embeddable":true,"href":"https:\/\/www.a8bilisim.com\/index.php\/wp-json\/wp\/v2\/product_tag?post=19732"}],"curies":[{"name":"wp","href":"https:\/\/api.w.org\/{rel}","templated":true}]}}