{"id":19837,"date":"2025-09-30T14:27:16","date_gmt":"2025-09-30T11:27:16","guid":{"rendered":"http:\/\/20.124.82.17\/wordpress\/index.php\/urun\/msi-mpg-gungnir-110r-white-psu-yok-3xa-rgb-fan-1x12cm-fan-t-glass-atx-kasa-mpg-gungnir-110r-white-akn43763\/"},"modified":"2026-01-27T05:18:56","modified_gmt":"2026-01-27T02:18:56","slug":"msi-mpg-gungnir-110r-white-psu-yok-3xa-rgb-fan-1x12cm-fan-t-glass-atx-kasa-mpg-gungnir-110r-white-akn43763","status":"publish","type":"product","link":"https:\/\/www.a8bilisim.com\/index.php\/urun\/msi-mpg-gungnir-110r-white-psu-yok-3xa-rgb-fan-1x12cm-fan-t-glass-atx-kasa-mpg-gungnir-110r-white-akn43763\/","title":{"rendered":"MSI MPG GUNGNIR 110R WHITE PSU Yok 3xA-RGB Fan 1x12cm Fan T-Glass ATX Kasa \/ MPG GUNGNIR 110R WHITE-AKN43763"},"content":{"rendered":"<p>\u00dcr\u00fcn Ad\u0131: MSI MPG GUNGNIR 110R WHITE PSU Yok 3xA-RGB Fan 1x12cm Fan T-Glass ATX Kasa<\/p>\n<p><span dir=\"auto\" style=\"vertical-align: inherit;\"><span dir=\"auto\" style=\"vertical-align: inherit;\">Stok No: AKN43763<\/span><\/span><\/p>\n<p>Stok Kodu:MPG GUNGNIR 110R WHITE<\/p>\n<p>Kategori Ad\u0131: Kasalar<\/p>\n<p><span dir=\"auto\" style=\"vertical-align: inherit;\"><span dir=\"auto\" style=\"vertical-align: inherit;\">EAN Kodu: <\/span><\/span><\/p>\n<p><strong>Stoklar\u0131m\u0131zdaki Anl\u0131k De\u011fi\u015fimlerden Dolay\u0131 \u0130stedi\u011finiz \u00fcr\u00fcn\u00fcn stokta kalmamas\u0131 durumunda sipari\u015finiz iptal edilip \u00dccretiniz iade edilecek ve konu hakk\u0131nda size bilgi verilecektir.<\/strong><\/p>\n<p>Son G\u00fcncellenme Tarihi :27-01-2026 00:32<\/p>\n<p>&nbsp;<\/p>\n","protected":false},"excerpt":{"rendered":"<p>MSI MPG GUNGNIR 110R WHITE PSU Yok 3xA-RGB Fan 1x12cm Fan T-Glass ATX Kasa &#8211; Stok Kodu:MPG GUNGNIR 110R WHITE -AKN43763 &#8211; Kasalar. Son G\u00fcncellenme Tarihi :27-01-2026 00:32<\/p>\n","protected":false},"featured_media":19839,"template":"","meta":{"_monsterinsights_skip_tracking":false,"_monsterinsights_sitenote_active":false,"_monsterinsights_sitenote_note":"","_monsterinsights_sitenote_category":0,"_joinchat":[]},"product_brand":[236],"product_cat":[292],"product_tag":[127,128,129,130,131,132,133,134,135,136,137,138,139,140,141,142,143,144,145],"class_list":{"0":"post-19837","1":"product","2":"type-product","3":"status-publish","4":"has-post-thumbnail","6":"product_brand-msi","7":"product_cat-kasa","8":"product_tag-anakart","9":"product_tag-bilgisayar","10":"product_tag-bilgisayar-bilesenleri","11":"product_tag-bilgisayar-parcalari","12":"product_tag-dizustu-bilgisayar","13":"product_tag-ekran-karti","14":"product_tag-gaming-bilgisayar","15":"product_tag-gaming-laptop","16":"product_tag-gaming-monitor","17":"product_tag-gaming-mouse","18":"product_tag-guc-kaynagi-psu","19":"product_tag-islemci-cpu","20":"product_tag-klavye","21":"product_tag-laptop","22":"product_tag-masaustu-bilgisayar","23":"product_tag-mekanik-klavye","24":"product_tag-monitor","25":"product_tag-oyun-bilgisayari","26":"product_tag-ssd","27":"pa_marka-msi","29":"first","30":"outofstock","31":"sale","32":"purchasable","33":"product-type-simple"},"aioseo_notices":[],"_links":{"self":[{"href":"https:\/\/www.a8bilisim.com\/index.php\/wp-json\/wp\/v2\/product\/19837","targetHints":{"allow":["GET"]}}],"collection":[{"href":"https:\/\/www.a8bilisim.com\/index.php\/wp-json\/wp\/v2\/product"}],"about":[{"href":"https:\/\/www.a8bilisim.com\/index.php\/wp-json\/wp\/v2\/types\/product"}],"version-history":[{"count":107,"href":"https:\/\/www.a8bilisim.com\/index.php\/wp-json\/wp\/v2\/product\/19837\/revisions"}],"predecessor-version":[{"id":480236,"href":"https:\/\/www.a8bilisim.com\/index.php\/wp-json\/wp\/v2\/product\/19837\/revisions\/480236"}],"wp:featuredmedia":[{"embeddable":true,"href":"https:\/\/www.a8bilisim.com\/index.php\/wp-json\/wp\/v2\/media\/19839"}],"wp:attachment":[{"href":"https:\/\/www.a8bilisim.com\/index.php\/wp-json\/wp\/v2\/media?parent=19837"}],"wp:term":[{"taxonomy":"product_brand","embeddable":true,"href":"https:\/\/www.a8bilisim.com\/index.php\/wp-json\/wp\/v2\/product_brand?post=19837"},{"taxonomy":"product_cat","embeddable":true,"href":"https:\/\/www.a8bilisim.com\/index.php\/wp-json\/wp\/v2\/product_cat?post=19837"},{"taxonomy":"product_tag","embeddable":true,"href":"https:\/\/www.a8bilisim.com\/index.php\/wp-json\/wp\/v2\/product_tag?post=19837"}],"curies":[{"name":"wp","href":"https:\/\/api.w.org\/{rel}","templated":true}]}}