{"id":20044,"date":"2025-09-30T14:29:28","date_gmt":"2025-09-30T11:29:28","guid":{"rendered":"http:\/\/20.124.82.17\/wordpress\/index.php\/urun\/msi-4gb-geforce-gtx-1630-aero-itx-4g-oc-gddr6-64bit-hdmi-dp-dvi-d-gtx-1630-aero-itx-4g-oc-akn44261\/"},"modified":"2026-01-23T05:24:13","modified_gmt":"2026-01-23T02:24:13","slug":"msi-4gb-geforce-gtx-1630-aero-itx-4g-oc-gddr6-64bit-hdmi-dp-dvi-d-gtx-1630-aero-itx-4g-oc-akn44261","status":"publish","type":"product","link":"https:\/\/www.a8bilisim.com\/index.php\/urun\/msi-4gb-geforce-gtx-1630-aero-itx-4g-oc-gddr6-64bit-hdmi-dp-dvi-d-gtx-1630-aero-itx-4g-oc-akn44261\/","title":{"rendered":"MSI 4GB GEFORCE GTX 1630 AERO ITX 4G OC GDDR6 [64Bit] HDMI DP DVI-D \/ GTX 1630 AERO ITX 4G OC-AKN44261"},"content":{"rendered":"<p>\u00dcr\u00fcn Ad\u0131: MSI 4GB GEFORCE GTX 1630 AERO ITX 4G OC GDDR6 [64Bit] HDMI DP DVI-D<\/p>\n<p><span dir=\"auto\" style=\"vertical-align: inherit;\"><span dir=\"auto\" style=\"vertical-align: inherit;\">Stok No: AKN44261<\/span><\/span><\/p>\n<p>Stok Kodu:GTX 1630 AERO ITX 4G OC<\/p>\n<p>Kategori Ad\u0131: Ekran Kart&#x131; Nvidia<\/p>\n<p><span dir=\"auto\" style=\"vertical-align: inherit;\"><span dir=\"auto\" style=\"vertical-align: inherit;\">EAN Kodu: <\/span><\/span><\/p>\n<p><strong>Stoklar\u0131m\u0131zdaki Anl\u0131k De\u011fi\u015fimlerden Dolay\u0131 \u0130stedi\u011finiz \u00fcr\u00fcn\u00fcn stokta kalmamas\u0131 durumunda sipari\u015finiz iptal edilip \u00dccretiniz iade edilecek ve konu hakk\u0131nda size bilgi verilecektir.<\/strong><\/p>\n<p>Son G\u00fcncellenme Tarihi :23-01-2026 00:35<\/p>\n<p>&nbsp;<\/p>\n","protected":false},"excerpt":{"rendered":"<p>MSI 4GB GEFORCE GTX 1630 AERO ITX 4G OC GDDR6 [64Bit] HDMI DP DVI-D &#8211; Stok Kodu:GTX 1630 AERO ITX 4G OC -AKN44261 &#8211; Ekran Kart&#x131; Nvidia. Son G\u00fcncellenme Tarihi :23-01-2026 00:35<\/p>\n","protected":false},"featured_media":20046,"template":"","meta":{"_monsterinsights_skip_tracking":false,"_monsterinsights_sitenote_active":false,"_monsterinsights_sitenote_note":"","_monsterinsights_sitenote_category":0,"_joinchat":[]},"product_brand":[236],"product_cat":[237],"product_tag":[127,128,129,130,131,132,133,134,135,136,137,138,139,140,141,142,143,144,145],"class_list":{"0":"post-20044","1":"product","2":"type-product","3":"status-publish","4":"has-post-thumbnail","6":"product_brand-msi","7":"product_cat-ekran-kartlar","8":"product_tag-anakart","9":"product_tag-bilgisayar","10":"product_tag-bilgisayar-bilesenleri","11":"product_tag-bilgisayar-parcalari","12":"product_tag-dizustu-bilgisayar","13":"product_tag-ekran-karti","14":"product_tag-gaming-bilgisayar","15":"product_tag-gaming-laptop","16":"product_tag-gaming-monitor","17":"product_tag-gaming-mouse","18":"product_tag-guc-kaynagi-psu","19":"product_tag-islemci-cpu","20":"product_tag-klavye","21":"product_tag-laptop","22":"product_tag-masaustu-bilgisayar","23":"product_tag-mekanik-klavye","24":"product_tag-monitor","25":"product_tag-oyun-bilgisayari","26":"product_tag-ssd","27":"pa_marka-msi","29":"first","30":"outofstock","31":"sale","32":"purchasable","33":"product-type-simple"},"aioseo_notices":[],"_links":{"self":[{"href":"https:\/\/www.a8bilisim.com\/index.php\/wp-json\/wp\/v2\/product\/20044","targetHints":{"allow":["GET"]}}],"collection":[{"href":"https:\/\/www.a8bilisim.com\/index.php\/wp-json\/wp\/v2\/product"}],"about":[{"href":"https:\/\/www.a8bilisim.com\/index.php\/wp-json\/wp\/v2\/types\/product"}],"version-history":[{"count":93,"href":"https:\/\/www.a8bilisim.com\/index.php\/wp-json\/wp\/v2\/product\/20044\/revisions"}],"predecessor-version":[{"id":468509,"href":"https:\/\/www.a8bilisim.com\/index.php\/wp-json\/wp\/v2\/product\/20044\/revisions\/468509"}],"wp:featuredmedia":[{"embeddable":true,"href":"https:\/\/www.a8bilisim.com\/index.php\/wp-json\/wp\/v2\/media\/20046"}],"wp:attachment":[{"href":"https:\/\/www.a8bilisim.com\/index.php\/wp-json\/wp\/v2\/media?parent=20044"}],"wp:term":[{"taxonomy":"product_brand","embeddable":true,"href":"https:\/\/www.a8bilisim.com\/index.php\/wp-json\/wp\/v2\/product_brand?post=20044"},{"taxonomy":"product_cat","embeddable":true,"href":"https:\/\/www.a8bilisim.com\/index.php\/wp-json\/wp\/v2\/product_cat?post=20044"},{"taxonomy":"product_tag","embeddable":true,"href":"https:\/\/www.a8bilisim.com\/index.php\/wp-json\/wp\/v2\/product_tag?post=20044"}],"curies":[{"name":"wp","href":"https:\/\/api.w.org\/{rel}","templated":true}]}}