{"id":20236,"date":"2025-09-30T14:31:54","date_gmt":"2025-09-30T11:31:54","guid":{"rendered":"http:\/\/20.124.82.17\/wordpress\/index.php\/urun\/msi-mpg-coreliquid-k240-240mm-argb-2-4-lcd-ekranl-sv-lemci-soutucusu-mpg-coreliquid-k240-akn44638\/"},"modified":"2026-01-17T05:25:00","modified_gmt":"2026-01-17T02:25:00","slug":"msi-mpg-coreliquid-k240-240mm-argb-2-4-lcd-ekranl-sv-lemci-soutucusu-mpg-coreliquid-k240-akn44638","status":"publish","type":"product","link":"https:\/\/www.a8bilisim.com\/index.php\/urun\/msi-mpg-coreliquid-k240-240mm-argb-2-4-lcd-ekranl-sv-lemci-soutucusu-mpg-coreliquid-k240-akn44638\/","title":{"rendered":"MSI MPG CORELIQUID K240 240mm ARGB 2.4&#8243; LCD Ekranl&#x131; S&#x131;v&#x131; &#x130;&#x15F;lemci So&#x11F;utucusu \/ MPG CORELIQUID K240-AKN44638"},"content":{"rendered":"<p>\u00dcr\u00fcn Ad\u0131: MSI MPG CORELIQUID K240 240mm ARGB 2.4&#8243; LCD Ekranl&#x131; S&#x131;v&#x131; &#x130;&#x15F;lemci So&#x11F;utucusu<\/p>\n<p><span dir=\"auto\" style=\"vertical-align: inherit;\"><span dir=\"auto\" style=\"vertical-align: inherit;\">Stok No: AKN44638<\/span><\/span><\/p>\n<p>Stok Kodu:MPG CORELIQUID K240<\/p>\n<p>Kategori Ad\u0131: I&#x15F;lemci Fanlar&#x131;<\/p>\n<p><span dir=\"auto\" style=\"vertical-align: inherit;\"><span dir=\"auto\" style=\"vertical-align: inherit;\">EAN Kodu: <\/span><\/span><\/p>\n<p><strong>Stoklar\u0131m\u0131zdaki Anl\u0131k De\u011fi\u015fimlerden Dolay\u0131 \u0130stedi\u011finiz \u00fcr\u00fcn\u00fcn stokta kalmamas\u0131 durumunda sipari\u015finiz iptal edilip \u00dccretiniz iade edilecek ve konu hakk\u0131nda size bilgi verilecektir.<\/strong><\/p>\n<p>Son G\u00fcncellenme Tarihi :17-01-2026 00:32<\/p>\n<p>&nbsp;<\/p>\n","protected":false},"excerpt":{"rendered":"<p>MSI MPG CORELIQUID K240 240mm ARGB 2.4&#8243; LCD Ekranl&#x131; S&#x131;v&#x131; &#x130;&#x15F;lemci So&#x11F;utucusu &#8211; Stok Kodu:MPG CORELIQUID K240 -AKN44638 &#8211; I&#x15F;lemci Fanlar&#x131;. Son G\u00fcncellenme Tarihi :17-01-2026 00:32<\/p>\n","protected":false},"featured_media":20238,"template":"","meta":{"_monsterinsights_skip_tracking":false,"_monsterinsights_sitenote_active":false,"_monsterinsights_sitenote_note":"","_monsterinsights_sitenote_category":0,"_joinchat":[]},"product_brand":[236],"product_cat":[320],"product_tag":[127,128,129,130,131,132,133,134,135,136,137,138,139,140,141,142,143,144,145],"class_list":{"0":"post-20236","1":"product","2":"type-product","3":"status-publish","4":"has-post-thumbnail","6":"product_brand-msi","7":"product_cat-lemci-soutucu","8":"product_tag-anakart","9":"product_tag-bilgisayar","10":"product_tag-bilgisayar-bilesenleri","11":"product_tag-bilgisayar-parcalari","12":"product_tag-dizustu-bilgisayar","13":"product_tag-ekran-karti","14":"product_tag-gaming-bilgisayar","15":"product_tag-gaming-laptop","16":"product_tag-gaming-monitor","17":"product_tag-gaming-mouse","18":"product_tag-guc-kaynagi-psu","19":"product_tag-islemci-cpu","20":"product_tag-klavye","21":"product_tag-laptop","22":"product_tag-masaustu-bilgisayar","23":"product_tag-mekanik-klavye","24":"product_tag-monitor","25":"product_tag-oyun-bilgisayari","26":"product_tag-ssd","27":"pa_marka-msi","29":"first","30":"outofstock","31":"sale","32":"purchasable","33":"product-type-simple"},"aioseo_notices":[],"_links":{"self":[{"href":"https:\/\/www.a8bilisim.com\/index.php\/wp-json\/wp\/v2\/product\/20236","targetHints":{"allow":["GET"]}}],"collection":[{"href":"https:\/\/www.a8bilisim.com\/index.php\/wp-json\/wp\/v2\/product"}],"about":[{"href":"https:\/\/www.a8bilisim.com\/index.php\/wp-json\/wp\/v2\/types\/product"}],"version-history":[{"count":92,"href":"https:\/\/www.a8bilisim.com\/index.php\/wp-json\/wp\/v2\/product\/20236\/revisions"}],"predecessor-version":[{"id":450609,"href":"https:\/\/www.a8bilisim.com\/index.php\/wp-json\/wp\/v2\/product\/20236\/revisions\/450609"}],"wp:featuredmedia":[{"embeddable":true,"href":"https:\/\/www.a8bilisim.com\/index.php\/wp-json\/wp\/v2\/media\/20238"}],"wp:attachment":[{"href":"https:\/\/www.a8bilisim.com\/index.php\/wp-json\/wp\/v2\/media?parent=20236"}],"wp:term":[{"taxonomy":"product_brand","embeddable":true,"href":"https:\/\/www.a8bilisim.com\/index.php\/wp-json\/wp\/v2\/product_brand?post=20236"},{"taxonomy":"product_cat","embeddable":true,"href":"https:\/\/www.a8bilisim.com\/index.php\/wp-json\/wp\/v2\/product_cat?post=20236"},{"taxonomy":"product_tag","embeddable":true,"href":"https:\/\/www.a8bilisim.com\/index.php\/wp-json\/wp\/v2\/product_tag?post=20236"}],"curies":[{"name":"wp","href":"https:\/\/api.w.org\/{rel}","templated":true}]}}