{"id":20818,"date":"2025-09-30T14:39:12","date_gmt":"2025-09-30T11:39:12","guid":{"rendered":"http:\/\/20.124.82.17\/wordpress\/index.php\/urun\/berqnet-bq60s-utm-firewall-5561-hotspot-1-yl-lisans-bq60s-yenile-akn45514\/"},"modified":"2026-01-03T05:22:23","modified_gmt":"2026-01-03T02:22:23","slug":"berqnet-bq60s-utm-firewall-5561-hotspot-1-yl-lisans-bq60s-yenile-akn45514","status":"publish","type":"product","link":"https:\/\/www.a8bilisim.com\/index.php\/urun\/berqnet-bq60s-utm-firewall-5561-hotspot-1-yl-lisans-bq60s-yenile-akn45514\/","title":{"rendered":"BERQNET BQ60S UTM-Firewall-5561 Hotspot + 1 Y&#x131;l Lisans \/ BQ60S Yenile-AKN45514"},"content":{"rendered":"<p>\u00dcr\u00fcn Ad\u0131: BERQNET BQ60S UTM-Firewall-5561 Hotspot + 1 Y&#x131;l Lisans<\/p>\n<p>Stok No: AKN45514<\/p>\n<p>Stok Kodu:BQ60S Yenile<\/p>\n<p>Kategori Ad\u0131: Firewall Cihazlar&#x131;<\/p>\n<p>Marka:\u00a0 BERQNET<\/p>\n<p>EAN Kodu: <\/p>\n<p><strong>Stoklar\u0131m\u0131zdaki Anl\u0131k De\u011fi\u015fimlerden Dolay\u0131 \u0130stedi\u011finiz \u00fcr\u00fcn\u00fcn stokta kalmamas\u0131 durumunda sipari\u015finiz iptal edilip \u00dccretiniz iade edilecek ve konu hakk\u0131nda size bilgi verilecektir.<\/strong><\/p>\n<p>Son G\u00fcncellenme Tarihi :03-01-2026 00:35<\/p>\n<p>&nbsp;<\/p>\n","protected":false},"excerpt":{"rendered":"<p>BERQNET BQ60S UTM-Firewall-5561 Hotspot + 1 Y&#x131;l Lisans &#8211; Stok Kodu:BQ60S Yenile -AKN45514 &#8211; Firewall Cihazlar&#x131;. Son G\u00fcncellenme Tarihi :03-01-2026 00:35<\/p>\n","protected":false},"featured_media":20820,"template":"","meta":{"_monsterinsights_skip_tracking":false,"_monsterinsights_sitenote_active":false,"_monsterinsights_sitenote_note":"","_monsterinsights_sitenote_category":0,"_joinchat":[]},"product_brand":[409],"product_cat":[232],"product_tag":[127,128,129,130,131,132,133,134,135,136,137,138,139,140,141,142,143,144,145],"class_list":{"0":"post-20818","1":"product","2":"type-product","3":"status-publish","4":"has-post-thumbnail","6":"product_brand-berqnet","7":"product_cat-firewall-cihazlar","8":"product_tag-anakart","9":"product_tag-bilgisayar","10":"product_tag-bilgisayar-bilesenleri","11":"product_tag-bilgisayar-parcalari","12":"product_tag-dizustu-bilgisayar","13":"product_tag-ekran-karti","14":"product_tag-gaming-bilgisayar","15":"product_tag-gaming-laptop","16":"product_tag-gaming-monitor","17":"product_tag-gaming-mouse","18":"product_tag-guc-kaynagi-psu","19":"product_tag-islemci-cpu","20":"product_tag-klavye","21":"product_tag-laptop","22":"product_tag-masaustu-bilgisayar","23":"product_tag-mekanik-klavye","24":"product_tag-monitor","25":"product_tag-oyun-bilgisayari","26":"product_tag-ssd","27":"pa_marka-berqnet","29":"first","30":"outofstock","31":"sale","32":"purchasable","33":"product-type-simple"},"aioseo_notices":[],"_links":{"self":[{"href":"https:\/\/www.a8bilisim.com\/index.php\/wp-json\/wp\/v2\/product\/20818","targetHints":{"allow":["GET"]}}],"collection":[{"href":"https:\/\/www.a8bilisim.com\/index.php\/wp-json\/wp\/v2\/product"}],"about":[{"href":"https:\/\/www.a8bilisim.com\/index.php\/wp-json\/wp\/v2\/types\/product"}],"version-history":[{"count":70,"href":"https:\/\/www.a8bilisim.com\/index.php\/wp-json\/wp\/v2\/product\/20818\/revisions"}],"predecessor-version":[{"id":404552,"href":"https:\/\/www.a8bilisim.com\/index.php\/wp-json\/wp\/v2\/product\/20818\/revisions\/404552"}],"wp:featuredmedia":[{"embeddable":true,"href":"https:\/\/www.a8bilisim.com\/index.php\/wp-json\/wp\/v2\/media\/20820"}],"wp:attachment":[{"href":"https:\/\/www.a8bilisim.com\/index.php\/wp-json\/wp\/v2\/media?parent=20818"}],"wp:term":[{"taxonomy":"product_brand","embeddable":true,"href":"https:\/\/www.a8bilisim.com\/index.php\/wp-json\/wp\/v2\/product_brand?post=20818"},{"taxonomy":"product_cat","embeddable":true,"href":"https:\/\/www.a8bilisim.com\/index.php\/wp-json\/wp\/v2\/product_cat?post=20818"},{"taxonomy":"product_tag","embeddable":true,"href":"https:\/\/www.a8bilisim.com\/index.php\/wp-json\/wp\/v2\/product_tag?post=20818"}],"curies":[{"name":"wp","href":"https:\/\/api.w.org\/{rel}","templated":true}]}}