{"id":20935,"date":"2025-09-30T14:40:47","date_gmt":"2025-09-30T11:40:47","guid":{"rendered":"http:\/\/20.124.82.17\/wordpress\/index.php\/urun\/dark-3-metre-vga-kablosu-erkek-erkek-dk-cb-vgal300blk-dk-cb-vgal300_blk-akn46093\/"},"modified":"2026-04-14T06:10:37","modified_gmt":"2026-04-14T03:10:37","slug":"dark-3-metre-vga-kablosu-erkek-erkek-dk-cb-vgal300blk-dk-cb-vgal300_blk-akn46093","status":"publish","type":"product","link":"https:\/\/www.a8bilisim.com\/index.php\/urun\/dark-3-metre-vga-kablosu-erkek-erkek-dk-cb-vgal300blk-dk-cb-vgal300_blk-akn46093\/","title":{"rendered":"Dark 3 Metre VGA Kablosu Erkek\/Erkek [DK-CB-VGAL300](BLK) \/ DK-CB-VGAL300_BLK-AKN46093"},"content":{"rendered":"<p>\u00dcr\u00fcn Ad\u0131: Dark 3 Metre VGA Kablosu Erkek\/Erkek [DK-CB-VGAL300](BLK)<\/p>\n<p><span dir=\"auto\" style=\"vertical-align: inherit;\"><span dir=\"auto\" style=\"vertical-align: inherit;\">Stok No: AKN46093<\/span><\/span><\/p>\n<p>Stok Kodu:DK-CB-VGAL300_BLK<\/p>\n<p>Kategori Ad\u0131: OUTLET &#xDC;R&#xDC;NLER<\/p>\n<p><span dir=\"auto\" style=\"vertical-align: inherit;\"><span dir=\"auto\" style=\"vertical-align: inherit;\">EAN Kodu: <\/span><\/span><\/p>\n<p><strong>Stoklar\u0131m\u0131zdaki Anl\u0131k De\u011fi\u015fimlerden Dolay\u0131 \u0130stedi\u011finiz \u00fcr\u00fcn\u00fcn stokta kalmamas\u0131 durumunda sipari\u015finiz iptal edilip \u00dccretiniz iade edilecek ve konu hakk\u0131nda size bilgi verilecektir.<\/strong><\/p>\n<p>Son G\u00fcncellenme Tarihi :14-04-2026 02:36<\/p>\n<p>&nbsp;<\/p>\n","protected":false},"excerpt":{"rendered":"<p>Dark 3 Metre VGA Kablosu Erkek\/Erkek [DK-CB-VGAL300](BLK) &#8211; Stok Kodu:DK-CB-VGAL300_BLK -AKN46093 &#8211; OUTLET &#xDC;R&#xDC;NLER. Son G\u00fcncellenme Tarihi :14-04-2026 02:36<\/p>\n","protected":false},"featured_media":20937,"template":"","meta":{"_monsterinsights_skip_tracking":false,"_monsterinsights_sitenote_active":false,"_monsterinsights_sitenote_note":"","_monsterinsights_sitenote_category":0,"_joinchat":[]},"product_brand":[435],"product_cat":[474],"product_tag":[127,128,129,130,131,132,133,134,135,136,137,138,139,140,141,142,143,144,145],"class_list":{"0":"post-20935","1":"product","2":"type-product","3":"status-publish","4":"has-post-thumbnail","6":"product_brand-dark","7":"product_cat-elektronik-ve-kiisel-rnleri","8":"product_tag-anakart","9":"product_tag-bilgisayar","10":"product_tag-bilgisayar-bilesenleri","11":"product_tag-bilgisayar-parcalari","12":"product_tag-dizustu-bilgisayar","13":"product_tag-ekran-karti","14":"product_tag-gaming-bilgisayar","15":"product_tag-gaming-laptop","16":"product_tag-gaming-monitor","17":"product_tag-gaming-mouse","18":"product_tag-guc-kaynagi-psu","19":"product_tag-islemci-cpu","20":"product_tag-klavye","21":"product_tag-laptop","22":"product_tag-masaustu-bilgisayar","23":"product_tag-mekanik-klavye","24":"product_tag-monitor","25":"product_tag-oyun-bilgisayari","26":"product_tag-ssd","27":"pa_marka-dark","29":"first","30":"outofstock","31":"purchasable","32":"product-type-simple"},"aioseo_notices":[],"_links":{"self":[{"href":"https:\/\/www.a8bilisim.com\/index.php\/wp-json\/wp\/v2\/product\/20935","targetHints":{"allow":["GET"]}}],"collection":[{"href":"https:\/\/www.a8bilisim.com\/index.php\/wp-json\/wp\/v2\/product"}],"about":[{"href":"https:\/\/www.a8bilisim.com\/index.php\/wp-json\/wp\/v2\/types\/product"}],"version-history":[{"count":138,"href":"https:\/\/www.a8bilisim.com\/index.php\/wp-json\/wp\/v2\/product\/20935\/revisions"}],"predecessor-version":[{"id":689780,"href":"https:\/\/www.a8bilisim.com\/index.php\/wp-json\/wp\/v2\/product\/20935\/revisions\/689780"}],"wp:featuredmedia":[{"embeddable":true,"href":"https:\/\/www.a8bilisim.com\/index.php\/wp-json\/wp\/v2\/media\/20937"}],"wp:attachment":[{"href":"https:\/\/www.a8bilisim.com\/index.php\/wp-json\/wp\/v2\/media?parent=20935"}],"wp:term":[{"taxonomy":"product_brand","embeddable":true,"href":"https:\/\/www.a8bilisim.com\/index.php\/wp-json\/wp\/v2\/product_brand?post=20935"},{"taxonomy":"product_cat","embeddable":true,"href":"https:\/\/www.a8bilisim.com\/index.php\/wp-json\/wp\/v2\/product_cat?post=20935"},{"taxonomy":"product_tag","embeddable":true,"href":"https:\/\/www.a8bilisim.com\/index.php\/wp-json\/wp\/v2\/product_tag?post=20935"}],"curies":[{"name":"wp","href":"https:\/\/api.w.org\/{rel}","templated":true}]}}