{"id":21634,"date":"2025-09-30T14:49:14","date_gmt":"2025-09-30T11:49:14","guid":{"rendered":"http:\/\/20.124.82.17\/wordpress\/index.php\/urun\/dark-5-metre-18gbps-hdmi-2-0b-kablo-dk-hd-cv20l500-dk-hd-cv20l500-akn47084\/"},"modified":"2025-12-02T07:46:41","modified_gmt":"2025-12-02T04:46:41","slug":"dark-5-metre-18gbps-hdmi-2-0b-kablo-dk-hd-cv20l500-dk-hd-cv20l500-akn47084","status":"publish","type":"product","link":"https:\/\/www.a8bilisim.com\/index.php\/urun\/dark-5-metre-18gbps-hdmi-2-0b-kablo-dk-hd-cv20l500-dk-hd-cv20l500-akn47084\/","title":{"rendered":"Dark 5 Metre 18Gbps HDMI 2.0b Kablo [DK-HD-CV20L500] \/ DK-HD-CV20L500-AKN47084"},"content":{"rendered":"<p>\u00dcr\u00fcn Ad\u0131: Dark 5 Metre 18Gbps HDMI 2.0b Kablo [DK-HD-CV20L500]<\/p>\n<p>Stok No: AKN47084<\/p>\n<p>Stok Kodu:DK-HD-CV20L500<\/p>\n<p>Kategori Ad\u0131: Hdmi<\/p>\n<p>Marka:\u00a0 DARK<\/p>\n<p>EAN Kodu: <\/p>\n<p><strong>Stoklar\u0131m\u0131zdaki Anl\u0131k De\u011fi\u015fimlerden Dolay\u0131 \u0130stedi\u011finiz \u00fcr\u00fcn\u00fcn stokta kalmamas\u0131 durumunda sipari\u015finiz iptal edilip \u00dccretiniz iade edilecek ve konu hakk\u0131nda size bilgi verilecektir.<\/strong><\/p>\n<p>Son G\u00fcncellenme Tarihi :02-12-2025 00:32<\/p>\n<p>&nbsp;<\/p>\n","protected":false},"excerpt":{"rendered":"<p>Dark 5 Metre 18Gbps HDMI 2.0b Kablo [DK-HD-CV20L500] &#8211; Stok Kodu:DK-HD-CV20L500 -AKN47084 &#8211; Hdmi. Son G\u00fcncellenme Tarihi :02-12-2025 00:32<\/p>\n","protected":false},"featured_media":21636,"template":"","meta":{"_monsterinsights_skip_tracking":false,"_monsterinsights_sitenote_active":false,"_monsterinsights_sitenote_note":"","_monsterinsights_sitenote_category":0,"_joinchat":[]},"product_brand":[435],"product_cat":[148],"product_tag":[127,128,129,130,131,132,133,134,135,136,137,138,139,140,141,142,143,144,145],"class_list":{"0":"post-21634","1":"product","2":"type-product","3":"status-publish","4":"has-post-thumbnail","6":"product_brand-dark","7":"product_cat-yedek-para-ve-aksesuar","8":"product_tag-anakart","9":"product_tag-bilgisayar","10":"product_tag-bilgisayar-bilesenleri","11":"product_tag-bilgisayar-parcalari","12":"product_tag-dizustu-bilgisayar","13":"product_tag-ekran-karti","14":"product_tag-gaming-bilgisayar","15":"product_tag-gaming-laptop","16":"product_tag-gaming-monitor","17":"product_tag-gaming-mouse","18":"product_tag-guc-kaynagi-psu","19":"product_tag-islemci-cpu","20":"product_tag-klavye","21":"product_tag-laptop","22":"product_tag-masaustu-bilgisayar","23":"product_tag-mekanik-klavye","24":"product_tag-monitor","25":"product_tag-oyun-bilgisayari","26":"product_tag-ssd","27":"pa_marka-dark","29":"first","30":"outofstock","31":"purchasable","32":"product-type-simple"},"aioseo_notices":[],"_links":{"self":[{"href":"https:\/\/www.a8bilisim.com\/index.php\/wp-json\/wp\/v2\/product\/21634","targetHints":{"allow":["GET"]}}],"collection":[{"href":"https:\/\/www.a8bilisim.com\/index.php\/wp-json\/wp\/v2\/product"}],"about":[{"href":"https:\/\/www.a8bilisim.com\/index.php\/wp-json\/wp\/v2\/types\/product"}],"version-history":[{"count":27,"href":"https:\/\/www.a8bilisim.com\/index.php\/wp-json\/wp\/v2\/product\/21634\/revisions"}],"predecessor-version":[{"id":287974,"href":"https:\/\/www.a8bilisim.com\/index.php\/wp-json\/wp\/v2\/product\/21634\/revisions\/287974"}],"wp:featuredmedia":[{"embeddable":true,"href":"https:\/\/www.a8bilisim.com\/index.php\/wp-json\/wp\/v2\/media\/21636"}],"wp:attachment":[{"href":"https:\/\/www.a8bilisim.com\/index.php\/wp-json\/wp\/v2\/media?parent=21634"}],"wp:term":[{"taxonomy":"product_brand","embeddable":true,"href":"https:\/\/www.a8bilisim.com\/index.php\/wp-json\/wp\/v2\/product_brand?post=21634"},{"taxonomy":"product_cat","embeddable":true,"href":"https:\/\/www.a8bilisim.com\/index.php\/wp-json\/wp\/v2\/product_cat?post=21634"},{"taxonomy":"product_tag","embeddable":true,"href":"https:\/\/www.a8bilisim.com\/index.php\/wp-json\/wp\/v2\/product_tag?post=21634"}],"curies":[{"name":"wp","href":"https:\/\/api.w.org\/{rel}","templated":true}]}}