{"id":21700,"date":"2025-09-30T14:50:14","date_gmt":"2025-09-30T11:50:14","guid":{"rendered":"http:\/\/20.124.82.17\/wordpress\/index.php\/urun\/ip-com-x5308f-8x-10g-sfp-port-l3-ynetilebilir-switch-x5308f-kar60540\/"},"modified":"2025-11-18T07:52:50","modified_gmt":"2025-11-18T04:52:50","slug":"ip-com-x5308f-8x-10g-sfp-port-l3-ynetilebilir-switch-x5308f-kar60540","status":"publish","type":"product","link":"https:\/\/www.a8bilisim.com\/index.php\/urun\/ip-com-x5308f-8x-10g-sfp-port-l3-ynetilebilir-switch-x5308f-kar60540\/","title":{"rendered":"IP-COM X5308F 8x 10G SFP+ Port, L3 Y&#xF6;netilebilir Switch \/ X5308F-KAR60540"},"content":{"rendered":"<p>\u00dcr\u00fcn Ad\u0131: IP-COM X5308F 8x 10G SFP+ Port, L3 Y&#xF6;netilebilir Switch<\/p>\n<p>Stok No: KAR60540<\/p>\n<p>Stok Kodu:X5308F<\/p>\n<p>Kategori Ad\u0131: Fiber Switch<\/p>\n<p>Marka:\u00a0 IP-COM<\/p>\n<p>EAN Kodu: 6932392835332<\/p>\n<p><strong>Stoklar\u0131m\u0131zdaki Anl\u0131k De\u011fi\u015fimlerden Dolay\u0131 \u0130stedi\u011finiz \u00fcr\u00fcn\u00fcn stokta kalmamas\u0131 durumunda sipari\u015finiz iptal edilip \u00dccretiniz iade edilecek ve konu hakk\u0131nda size bilgi verilecektir.<\/strong><\/p>\n<p>Son G\u00fcncellenme Tarihi :18-11-2025 00:37<\/p>\n<p>&nbsp;<\/p>\n","protected":false},"excerpt":{"rendered":"<p>IP-COM X5308F 8x 10G SFP+ Port, L3 Y&#xF6;netilebilir Switch &#8211; Stok Kodu:X5308F -KAR60540 &#8211; Fiber Switch. Son G\u00fcncellenme Tarihi :18-11-2025 00:37<\/p>\n","protected":false},"featured_media":21702,"template":"","meta":{"_monsterinsights_skip_tracking":false,"_monsterinsights_sitenote_active":false,"_monsterinsights_sitenote_note":"","_monsterinsights_sitenote_category":0,"_joinchat":[]},"product_brand":[314],"product_cat":[315],"product_tag":[127,128,129,130,131,132,133,134,135,136,137,138,139,140,141,142,143,144,145],"class_list":{"0":"post-21700","1":"product","2":"type-product","3":"status-publish","4":"has-post-thumbnail","6":"product_brand-ip-com","7":"product_cat-fiber-switch","8":"product_tag-anakart","9":"product_tag-bilgisayar","10":"product_tag-bilgisayar-bilesenleri","11":"product_tag-bilgisayar-parcalari","12":"product_tag-dizustu-bilgisayar","13":"product_tag-ekran-karti","14":"product_tag-gaming-bilgisayar","15":"product_tag-gaming-laptop","16":"product_tag-gaming-monitor","17":"product_tag-gaming-mouse","18":"product_tag-guc-kaynagi-psu","19":"product_tag-islemci-cpu","20":"product_tag-klavye","21":"product_tag-laptop","22":"product_tag-masaustu-bilgisayar","23":"product_tag-mekanik-klavye","24":"product_tag-monitor","25":"product_tag-oyun-bilgisayari","26":"product_tag-ssd","27":"pa_marka-ip-com","29":"first","30":"outofstock","31":"sale","32":"purchasable","33":"product-type-simple"},"aioseo_notices":[],"_links":{"self":[{"href":"https:\/\/www.a8bilisim.com\/index.php\/wp-json\/wp\/v2\/product\/21700","targetHints":{"allow":["GET"]}}],"collection":[{"href":"https:\/\/www.a8bilisim.com\/index.php\/wp-json\/wp\/v2\/product"}],"about":[{"href":"https:\/\/www.a8bilisim.com\/index.php\/wp-json\/wp\/v2\/types\/product"}],"version-history":[{"count":47,"href":"https:\/\/www.a8bilisim.com\/index.php\/wp-json\/wp\/v2\/product\/21700\/revisions"}],"predecessor-version":[{"id":229200,"href":"https:\/\/www.a8bilisim.com\/index.php\/wp-json\/wp\/v2\/product\/21700\/revisions\/229200"}],"wp:featuredmedia":[{"embeddable":true,"href":"https:\/\/www.a8bilisim.com\/index.php\/wp-json\/wp\/v2\/media\/21702"}],"wp:attachment":[{"href":"https:\/\/www.a8bilisim.com\/index.php\/wp-json\/wp\/v2\/media?parent=21700"}],"wp:term":[{"taxonomy":"product_brand","embeddable":true,"href":"https:\/\/www.a8bilisim.com\/index.php\/wp-json\/wp\/v2\/product_brand?post=21700"},{"taxonomy":"product_cat","embeddable":true,"href":"https:\/\/www.a8bilisim.com\/index.php\/wp-json\/wp\/v2\/product_cat?post=21700"},{"taxonomy":"product_tag","embeddable":true,"href":"https:\/\/www.a8bilisim.com\/index.php\/wp-json\/wp\/v2\/product_tag?post=21700"}],"curies":[{"name":"wp","href":"https:\/\/api.w.org\/{rel}","templated":true}]}}